{"id":4745,"date":"2018-02-06T13:49:21","date_gmt":"2018-02-06T12:49:21","guid":{"rendered":"http:\/\/lutineetcie.com\/lutinelefilm\/?page_id=4745"},"modified":"2020-02-02T15:18:32","modified_gmt":"2020-02-02T14:18:32","slug":"accessibilite","status":"publish","type":"page","link":"http:\/\/lutineetcie.com\/lutinelefilm\/accessibilite\/","title":{"rendered":"Accessibilit\u00e9"},"content":{"rendered":"<p>LUTINE se veut inclusif et accessible au plus grand nombre.<\/p>\n<p><iframe loading=\"lazy\" src=\"https:\/\/player.vimeo.com\/video\/138412933\" width=\"640\" height=\"360\" frameborder=\"0\" allowfullscreen=\"allowfullscreen\"><\/iframe><\/p>\n<p>Pour\u00a0<a href=\"https:\/\/www.helloasso.com\/associations\/lutine-cie\/collectes\/accessibilite-pour-lutine\">nous soutenir dans notre d\u00e9marche d&rsquo;accessibilit\u00e9<\/a> et nous aider \u00e0 financer les frais suppl\u00e9mentaires occasionn\u00e9s par l&rsquo;int\u00e9gration de l&rsquo;audiodescription et des sous-titres coloris\u00e9s sur le DCP et le DVD du film, je vous invite\u00a0\u00e0 participer \u00e0 la <a href=\"https:\/\/www.helloasso.com\/associations\/lutine-cie\/collectes\/accessibilite-pour-lutine\">souscription sp\u00e9ciale \u00ab\u00a0accessibilit\u00e9 pour LUTINE\u00a0\u00bb<\/a> sur le site de HelloAsso :<\/p>\n<p><iframe loading=\"lazy\" id=\"haWidget\" style=\"width: 100%; height: 70px; border: none;\" src=\"https:\/\/www.helloasso.com\/associations\/lutine-cie\/collectes\/accessibilite-pour-lutine\/widget-bouton\" width=\"300\" height=\"150\"><\/iframe><\/p>\n<p><img decoding=\"async\" loading=\"lazy\" class=\"alignleft wp-image-4747\" src=\"http:\/\/lutineetcie.com\/lutinelefilm\/wp-content\/uploads\/2018\/02\/Picto-Malentendants-150x150.png\" alt=\"Picto-Malentendants-150x150\" width=\"100\" height=\"100\" \/><\/p>\n<p>LUTINE est\u00a0exploit\u00e9 exclusivement\u00a0en <strong>VFST-Fr<\/strong> \u00a0: avec sous-titres en fran\u00e7ais coloris\u00e9s\u00a0aux normes\u00a0pour personnes sourdes et malentendantes (SME) <em>(pour les exploitant\u00b7es :\u00a0avec\u00a0ocap incrust\u00e9s).\u00a0<\/em><br \/>\n(Nous avons en revanche fait le choix de ne pas les \u00ab\u00a0placer\u00a0\u00bb\u00a0: je\u00a0prie d&rsquo;avance les personnes \u00e0 qui \u00e7a manquera de bien vouloir nous en excuser. Il\u00a0s&rsquo;agit l\u00e0 d&rsquo;un \u00ab\u00a0compromis\u00a0\u00bb pour imposer par ailleurs les sous-titres \u00e0 l&rsquo;ensemble des spectateur\u00b7trices.)<\/p>\n<p>\u00c0 Paris aux <a href=\"http:\/\/www.lestroisluxembourg.com\/\">3 Luxembourg<\/a> les 4 et 6 avril, puis \u00e0 l&rsquo;<a href=\"http:\/\/www.lestroisluxembourg.com\/\">Accattone<\/a>\u00a0<strong>chaque\u00a0vendredi soir<\/strong> \u00e0 partir du 13 avril, cela se fera en alternance avec une version sous-titr\u00e9e\u00a0en anglais : in French with English subtitles for our friends who\u00a0speak English but no French.<\/p>\n<ul>\n<li>en VFST-Fr : chaque 1er, 3\u00e8, 5\u00e8 vendredi de chaque mois<\/li>\n<li>in French with English subtitles: every 2nd and 4th Friday of the month<\/li>\n<\/ul>\n<p>Les rencontres-discussions\u00a0avec la r\u00e9alisatrice qui suivent les projections seront traduites en LSF d\u00e8s que nous pourrons : sur la base d&rsquo;un\u00a0b\u00e9n\u00e9volat \/ volontariat ! Merci de nous contacter si vous assistez \u00e0 une projection et pouvez ensuite assurer la traduction en LSF, ou si vous \u00eates interpr\u00e8te et \u00eates ok pour venir voir le film et rester ensuite pour le d\u00e9bat.<\/p>\n<p>Pour voir les autres vid\u00e9os film\u00e9es du d\u00e9bat du 20 avril traduit en LSF par Delphine Labes, <a href=\"http:\/\/lutineetcie.com\/lutinelefilm\/projections\/debats\/\">cliquez ici<\/a>.<\/p>\n<p><iframe loading=\"lazy\" src=\"https:\/\/www.youtube.com\/embed\/iwMtl8VStvM\" width=\"560\" height=\"315\" frameborder=\"0\" allowfullscreen=\"allowfullscreen\"><\/iframe><\/p>\n<p><a href=\"http:\/\/lutineetcie.com\/lutinelefilm\/wp-content\/uploads\/2018\/02\/Picto-AD-300x284.png\"><img decoding=\"async\" loading=\"lazy\" class=\"alignleft wp-image-4746\" src=\"http:\/\/lutineetcie.com\/lutinelefilm\/wp-content\/uploads\/2018\/02\/Picto-AD-300x284-150x150.png\" alt=\"Picto-AD-300x284\" width=\"100\" height=\"95\" \/><\/a><br \/>\nC&rsquo;est <a href=\"https:\/\/www.linkedin.com\/in\/marie-gaumy-896682b6\/\">Marie Gaumy<\/a> qui a \u00e9crit et interpr\u00e9t\u00e9\u00a0l&rsquo;audiodescription de LUTINE, Aiko Foulon qui l&rsquo;a enregistr\u00e9e et mix\u00e9e \u00e0 l&rsquo;<a href=\"http:\/\/www.avh.asso.fr\/fr\">AVH<\/a> (Association Valentin Ha\u00fcy).<\/p>\n<p>&nbsp;<\/p>\n<p><a href=\"http:\/\/lutineetcie.com\/lutinelefilm\/wp-content\/uploads\/2018\/02\/Greta.jpeg\"><img decoding=\"async\" loading=\"lazy\" class=\"alignnone size-full wp-image-5026 alignright\" src=\"http:\/\/lutineetcie.com\/lutinelefilm\/wp-content\/uploads\/2018\/02\/Greta.jpeg\" alt=\"Greta\" width=\"167\" height=\"161\" \/><\/a>L&rsquo;audiodescription de LUTINE est disponible gratuitement sur l&rsquo;appli pour smartphones\u00a0<a href=\"http:\/\/www.gretaundstarks.de\/starks\/GretaEtStarks\">Greta und Starks<\/a>\u00a0: et donc accessible dans chaque salle o\u00f9 le film sera projet\u00e9, qu&rsquo;elle soit elle-m\u00eame \u00ab\u00a0\u00e9quip\u00e9e\u00a0\u00bb techniquement ou pas.<\/p>\n<p>Pour plus d&rsquo;infos en fran\u00e7ais sur l&rsquo;application GRETA : lire l&rsquo;article tr\u00e8s complet sur le site\u00a0de <a href=\"https:\/\/regards-neufs.ch\/fr\/films\/applications-mobiles\">Regards neufs<\/a>, asso suisse qui milite pour l&rsquo;accessibilit\u00e9 des films en salles.<br \/>\n<a href=\"http:\/\/lutineetcie.com\/lutinelefilm\/wp-content\/uploads\/2018\/02\/Greta-via-regards-neufs.jpg\"><img decoding=\"async\" loading=\"lazy\" class=\"aligncenter wp-image-5332 size-large\" src=\"http:\/\/lutineetcie.com\/lutinelefilm\/wp-content\/uploads\/2018\/02\/Greta-via-regards-neufs-1024x561.jpg\" alt=\"Impression\" width=\"584\" height=\"320\" srcset=\"http:\/\/lutineetcie.com\/lutinelefilm\/wp-content\/uploads\/2018\/02\/Greta-via-regards-neufs-1024x561.jpg 1024w, http:\/\/lutineetcie.com\/lutinelefilm\/wp-content\/uploads\/2018\/02\/Greta-via-regards-neufs-300x164.jpg 300w, http:\/\/lutineetcie.com\/lutinelefilm\/wp-content\/uploads\/2018\/02\/Greta-via-regards-neufs-768x420.jpg 768w, http:\/\/lutineetcie.com\/lutinelefilm\/wp-content\/uploads\/2018\/02\/Greta-via-regards-neufs-500x274.jpg 500w, http:\/\/lutineetcie.com\/lutinelefilm\/wp-content\/uploads\/2018\/02\/Greta-via-regards-neufs.jpg 1140w\" sizes=\"(max-width: 584px) 100vw, 584px\" \/><\/a><\/p>\n<p><a href=\"http:\/\/lutineetcie.com\/lutinelefilm\/wp-content\/uploads\/2018\/02\/Dessin-GRETA.png\"><img decoding=\"async\" loading=\"lazy\" class=\"aligncenter wp-image-6025 size-large\" src=\"http:\/\/lutineetcie.com\/lutinelefilm\/wp-content\/uploads\/2018\/02\/Dessin-GRETA-1024x500.png\" alt=\"Dessin GRETA\" width=\"584\" height=\"285\" srcset=\"http:\/\/lutineetcie.com\/lutinelefilm\/wp-content\/uploads\/2018\/02\/Dessin-GRETA.png 1024w, http:\/\/lutineetcie.com\/lutinelefilm\/wp-content\/uploads\/2018\/02\/Dessin-GRETA-300x146.png 300w, http:\/\/lutineetcie.com\/lutinelefilm\/wp-content\/uploads\/2018\/02\/Dessin-GRETA-768x375.png 768w, http:\/\/lutineetcie.com\/lutinelefilm\/wp-content\/uploads\/2018\/02\/Dessin-GRETA-500x244.png 500w\" sizes=\"(max-width: 584px) 100vw, 584px\" \/><\/a><\/p>\n<p><strong>Articles<\/strong> \u00e0 propos de l&rsquo;accessibilit\u00e9 de LUTINE :<\/p>\n<ul>\n<li>sur le site de l&rsquo;asso <a href=\"http:\/\/retourdimage.eu\/lutine-le-4-avril-tout-accessible\/\">Retour d&rsquo;image<\/a><br \/>\n<a href=\"http:\/\/lutineetcie.com\/lutinelefilm\/wp-content\/uploads\/2018\/02\/logo_retour_image.png\"><img decoding=\"async\" loading=\"lazy\" class=\"alignnone size-medium wp-image-5329\" src=\"http:\/\/lutineetcie.com\/lutinelefilm\/wp-content\/uploads\/2018\/02\/logo_retour_image-300x98.png\" alt=\"logo_retour_image\" width=\"300\" height=\"98\" srcset=\"http:\/\/lutineetcie.com\/lutinelefilm\/wp-content\/uploads\/2018\/02\/logo_retour_image-300x98.png 300w, http:\/\/lutineetcie.com\/lutinelefilm\/wp-content\/uploads\/2018\/02\/logo_retour_image.png 430w\" sizes=\"(max-width: 300px) 100vw, 300px\" \/><\/a><\/li>\n<li>sur le site de l&rsquo;asso <a href=\"http:\/\/www.cine-sens.fr\/lutine\/\">Cin\u00e9-sens<\/a><br \/>\n<a href=\"http:\/\/lutineetcie.com\/lutinelefilm\/wp-content\/uploads\/2018\/02\/logo-Cine-sens.jpg\"><img decoding=\"async\" loading=\"lazy\" class=\"alignnone size-medium wp-image-5330\" src=\"http:\/\/lutineetcie.com\/lutinelefilm\/wp-content\/uploads\/2018\/02\/logo-Cine-sens-300x116.jpg\" alt=\"logo Cine sens\" width=\"300\" height=\"116\" \/><\/a><\/li>\n<li>sur la page Facebook de l&rsquo;<a href=\"https:\/\/www.facebook.com\/AssociationValentinHauy\/posts\/1931880536822579\">AVH<\/a>, association Valentin Ha\u00fcy<br \/>\n<a href=\"http:\/\/lutineetcie.com\/lutinelefilm\/wp-content\/uploads\/2018\/02\/logo-AVH.jpg\"><img decoding=\"async\" loading=\"lazy\" class=\"alignnone wp-image-5331 size-thumbnail\" src=\"http:\/\/lutineetcie.com\/lutinelefilm\/wp-content\/uploads\/2018\/02\/logo-AVH-150x150.jpg\" alt=\"logo AVH\" width=\"150\" height=\"150\" srcset=\"http:\/\/lutineetcie.com\/lutinelefilm\/wp-content\/uploads\/2018\/02\/logo-AVH-150x150.jpg 150w, http:\/\/lutineetcie.com\/lutinelefilm\/wp-content\/uploads\/2018\/02\/logo-AVH.jpg 200w\" sizes=\"(max-width: 150px) 100vw, 150px\" \/><\/a><\/li>\n<li>fiche LUTINE sur le <a href=\"http:\/\/www.cinest.fr\/Films\/Index.aspx?ficheid=4660\">site CineST<\/a> qui fait un travail formidable pour recenser toutes les projections des films sous-titr\u00e9s en fran\u00e7ais.<\/li>\n<\/ul>\n<p><a href=\"http:\/\/lutineetcie.com\/lutinelefilm\/wp-content\/uploads\/2018\/02\/Cinest.jpg\"><img decoding=\"async\" loading=\"lazy\" class=\"alignnone size-medium wp-image-6066\" src=\"http:\/\/lutineetcie.com\/lutinelefilm\/wp-content\/uploads\/2018\/02\/Cinest-300x104.jpg\" alt=\"Cinest\" width=\"300\" height=\"104\" srcset=\"http:\/\/lutineetcie.com\/lutinelefilm\/wp-content\/uploads\/2018\/02\/Cinest-300x104.jpg 300w, http:\/\/lutineetcie.com\/lutinelefilm\/wp-content\/uploads\/2018\/02\/Cinest.jpg 382w\" sizes=\"(max-width: 300px) 100vw, 300px\" \/><\/a><\/p>\n","protected":false},"excerpt":{"rendered":"<p>LUTINE se veut inclusif et accessible au plus grand nombre. Pour\u00a0nous soutenir dans notre d\u00e9marche d&rsquo;accessibilit\u00e9 et nous aider \u00e0 financer les frais suppl\u00e9mentaires occasionn\u00e9s par l&rsquo;int\u00e9gration de l&rsquo;audiodescription et des sous-titres coloris\u00e9s sur le DCP et le DVD du &hellip; <a href=\"http:\/\/lutineetcie.com\/lutinelefilm\/accessibilite\/\">Continuer la lecture <span class=\"meta-nav\">&rarr;<\/span><\/a><\/p>\n","protected":false},"author":1,"featured_media":0,"parent":0,"menu_order":9,"comment_status":"closed","ping_status":"closed","template":"sidebar-page.php","meta":[],"_links":{"self":[{"href":"http:\/\/lutineetcie.com\/lutinelefilm\/wp-json\/wp\/v2\/pages\/4745"}],"collection":[{"href":"http:\/\/lutineetcie.com\/lutinelefilm\/wp-json\/wp\/v2\/pages"}],"about":[{"href":"http:\/\/lutineetcie.com\/lutinelefilm\/wp-json\/wp\/v2\/types\/page"}],"author":[{"embeddable":true,"href":"http:\/\/lutineetcie.com\/lutinelefilm\/wp-json\/wp\/v2\/users\/1"}],"replies":[{"embeddable":true,"href":"http:\/\/lutineetcie.com\/lutinelefilm\/wp-json\/wp\/v2\/comments?post=4745"}],"version-history":[{"count":27,"href":"http:\/\/lutineetcie.com\/lutinelefilm\/wp-json\/wp\/v2\/pages\/4745\/revisions"}],"predecessor-version":[{"id":6067,"href":"http:\/\/lutineetcie.com\/lutinelefilm\/wp-json\/wp\/v2\/pages\/4745\/revisions\/6067"}],"wp:attachment":[{"href":"http:\/\/lutineetcie.com\/lutinelefilm\/wp-json\/wp\/v2\/media?parent=4745"}],"curies":[{"name":"wp","href":"https:\/\/api.w.org\/{rel}","templated":true}]}}