{"id":4826,"date":"2018-02-26T01:21:17","date_gmt":"2018-02-26T00:21:17","guid":{"rendered":"http:\/\/lutineetcie.com\/lutinelefilm\/?page_id=4826"},"modified":"2019-02-07T18:15:22","modified_gmt":"2019-02-07T17:15:22","slug":"communique","status":"publish","type":"page","link":"http:\/\/lutineetcie.com\/lutinelefilm\/kit-pro\/communique\/","title":{"rendered":"Communiqu\u00e9 de presse"},"content":{"rendered":"<p style=\"text-align: center;\"><strong>Communiqu\u00e9 de presse pour la Saint-Valentin<\/strong> :<br \/>\npour le t\u00e9l\u00e9charger en PDF, cliquez sur l&rsquo;image ci-dessous :<\/p>\n<p style=\"text-align: center;\"><a href=\"http:\/\/lutineetcie.com\/lutinelefilm\/wp-content\/uploads\/2018\/02\/190207_LUTINE_Com-Presse.pdf\"><img decoding=\"async\" loading=\"lazy\" class=\"alignnone size-medium wp-image-5877\" src=\"http:\/\/lutineetcie.com\/lutinelefilm\/wp-content\/uploads\/2018\/02\/190207_Com-de-presse-St-Valentin-215x300.jpeg\" alt=\"190207_Com de presse St-Valentin\" width=\"215\" height=\"300\" srcset=\"http:\/\/lutineetcie.com\/lutinelefilm\/wp-content\/uploads\/2018\/02\/190207_Com-de-presse-St-Valentin-215x300.jpeg 215w, http:\/\/lutineetcie.com\/lutinelefilm\/wp-content\/uploads\/2018\/02\/190207_Com-de-presse-St-Valentin.jpeg 433w\" sizes=\"(max-width: 215px) 100vw, 215px\" \/><\/a><\/p>\n<p>Pour t\u00e9l\u00e9charger le communiqu\u00e9 de presse en PDF, cliquez sur l&rsquo;image ci-dessous :<\/p>\n<p><a href=\"http:\/\/lutineetcie.com\/lutinelefilm\/wp-content\/uploads\/2018\/02\/LUTINE_Com-Presse_Sortie.pdf\"><img decoding=\"async\" loading=\"lazy\" class=\"size-medium wp-image-4841 aligncenter\" src=\"http:\/\/lutineetcie.com\/lutinelefilm\/wp-content\/uploads\/2018\/02\/Com-presse-sortie2-213x300.jpeg\" alt=\"Com' presse sortie2\" width=\"213\" height=\"300\" srcset=\"http:\/\/lutineetcie.com\/lutinelefilm\/wp-content\/uploads\/2018\/02\/Com-presse-sortie2-213x300.jpeg 213w, http:\/\/lutineetcie.com\/lutinelefilm\/wp-content\/uploads\/2018\/02\/Com-presse-sortie2.jpeg 258w\" sizes=\"(max-width: 213px) 100vw, 213px\" \/><\/a><\/p>\n<p>&nbsp;<\/p>\n","protected":false},"excerpt":{"rendered":"<p>Communiqu\u00e9 de presse pour la Saint-Valentin : pour le t\u00e9l\u00e9charger en PDF, cliquez sur l&rsquo;image ci-dessous : Pour t\u00e9l\u00e9charger le communiqu\u00e9 de presse en PDF, cliquez sur l&rsquo;image ci-dessous : &nbsp;<\/p>\n","protected":false},"author":1,"featured_media":0,"parent":2579,"menu_order":4,"comment_status":"closed","ping_status":"closed","template":"sidebar-page.php","meta":[],"_links":{"self":[{"href":"http:\/\/lutineetcie.com\/lutinelefilm\/wp-json\/wp\/v2\/pages\/4826"}],"collection":[{"href":"http:\/\/lutineetcie.com\/lutinelefilm\/wp-json\/wp\/v2\/pages"}],"about":[{"href":"http:\/\/lutineetcie.com\/lutinelefilm\/wp-json\/wp\/v2\/types\/page"}],"author":[{"embeddable":true,"href":"http:\/\/lutineetcie.com\/lutinelefilm\/wp-json\/wp\/v2\/users\/1"}],"replies":[{"embeddable":true,"href":"http:\/\/lutineetcie.com\/lutinelefilm\/wp-json\/wp\/v2\/comments?post=4826"}],"version-history":[{"count":10,"href":"http:\/\/lutineetcie.com\/lutinelefilm\/wp-json\/wp\/v2\/pages\/4826\/revisions"}],"predecessor-version":[{"id":5880,"href":"http:\/\/lutineetcie.com\/lutinelefilm\/wp-json\/wp\/v2\/pages\/4826\/revisions\/5880"}],"up":[{"embeddable":true,"href":"http:\/\/lutineetcie.com\/lutinelefilm\/wp-json\/wp\/v2\/pages\/2579"}],"wp:attachment":[{"href":"http:\/\/lutineetcie.com\/lutinelefilm\/wp-json\/wp\/v2\/media?parent=4826"}],"curies":[{"name":"wp","href":"https:\/\/api.w.org\/{rel}","templated":true}]}}