{"id":5042,"date":"2018-04-06T13:31:50","date_gmt":"2018-04-06T12:31:50","guid":{"rendered":"http:\/\/lutineetcie.com\/lutinelefilm\/?page_id=5042"},"modified":"2020-02-13T18:59:26","modified_gmt":"2020-02-13T17:59:26","slug":"revue-de-presse","status":"publish","type":"page","link":"http:\/\/lutineetcie.com\/lutinelefilm\/presse\/presse-ecrite\/revue-de-presse\/","title":{"rendered":"Revue de presse"},"content":{"rendered":"<p style=\"text-align: center;\"><strong>** FLORIL\u00c8GE\u00a0ET PETITES PHRASES **<\/strong><\/p>\n<p>Une com\u00e9die p\u00e9tillante, philosophique et coquine.<br \/>\nAtypique et inclassable, libre et d\u00e9jant\u00e9, \u00e0 butiner sans h\u00e9sitation.<br \/>\nUn charme authentique et une libert\u00e9 folle.<br \/>\nL\u2019amour au f\u00e9minin pluriel.<br \/>\nUne extraordinaire libert\u00e9 de ton.<br \/>\nLes interpr\u00e8tes, dont le lunaire Philippe Rebbot, sont plus vrais que nature.<br \/>\n[Un]\u00a0film (&#8230;)\u00a0o\u00f9 l\u2019humour est aussi naturel que le souffle de la vie chez un \u00eatre vivant a\u00e9robique.<br \/>\n[Un film qui m\u00e9lange]\u00a0savamment exploration intime et r\u00e9flexion sociologique.<\/p>\n<p>**************************************************************************************************************<\/p>\n<p>Une fantaisie polissonne. Une com\u00e9die p\u00e9tillante, philosophique et coquine.<br \/>\nCaroline Vi\u00e9,\u00a0<a href=\"https:\/\/www.20minutes.fr\/cinema\/2251099-20180409-video-comment-isabelle-broue-su-lutter-faire-exister-coquine-lutine\"><em>20 Minutes<\/em><\/a><\/p>\n<p>LUTINE est un film o\u00f9 il faut l\u00e2cher prise et se laisser emporter par ce tourbillon introspectif et cr\u00e9atif qui oscille entre les diff\u00e9rents genres et les diff\u00e9rents niveaux de lecture. Un film hybride sur le polyamour r\u00e9jouissant ! (&#8230;) En sortant des terrains battus, Isabelle Brou\u00e9 nous livre <strong>un film atypique et inclassable, libre et d\u00e9jant\u00e9<\/strong>. Un film \u00e0 butiner sans h\u00e9sitation !<br \/>\nAnne-Laure Farges, <a href=\"https:\/\/www.leblogducinema.com\/critiques\/critiques-films\/critique-lutine-un-film-a-butiner-867441\/\"><em>Le Blog du Cin\u00e9ma<\/em><\/a><\/p>\n<p>Une r\u00e9flexion sur la cr\u00e9ation, libre et d\u00e9routante, o\u00f9 l\u2019on ne distingue jamais le faux du vrai. Cela conf\u00e8re \u00e0 ce docu-fiction <strong>un charme authentique et une libert\u00e9 folle<\/strong>.<br \/>\nFr\u00e9d\u00e9ric Mignard, <a href=\"https:\/\/www.avoir-alire.com\/lutine-la-critique-du-film\"><em>avoir-alire.com<\/em><\/a><\/p>\n<p>Isabelle Brou\u00e9, ou <strong>l\u2019amour au f\u00e9minin pluriel.<\/strong> (\u2026) Une com\u00e9die document\u00e9e qui se tient <strong>en \u00e9quilibre sur la ligne de d\u00e9marcation entre fiction et r\u00e9alit\u00e9<\/strong>.<br \/>\nNathalie Simon, <a href=\"http:\/\/www.lefigaro.fr\/cinema\/2018\/04\/04\/03002-20180404ARTFIG00038--lutine-isabelle-broue-ou-l-amour-au-singulier-pluriel.php\"><em>Le Figaro<\/em><\/a><\/p>\n<p>Ce film, d\u2019<strong>une extraordinaire libert\u00e9 de ton<\/strong>, nous balade dans les \u00e9motions, les r\u00e9sistances, le respect de l\u2019autre.<br \/>\n<em>La D\u00e9p\u00eache du Midi <\/em><\/p>\n<p><strong>Les interpr\u00e8tes, dont le lunaire Philippe Rebbot, sont plus vrais que nature<\/strong>. Jeux de l&rsquo;amour et amour du jeu : la mise en abyme (&#8230;) donne lieu \u00e0 une curieuse badinerie.<br \/>\nNicolas Schaller, <em>Le Nouvel Obs&rsquo;<\/em><\/p>\n<p>LUTINE <strong>interpelle, provoque, chahute et questionne son spectateur.<\/strong> Tant sur le fond que sur la forme.<br \/>\nSwan Dufour,\u00a0<em>Le Dauphin\u00e9 lib\u00e9r\u00e9\u00a0<\/em><\/p>\n<p>Isabelle Brou\u00e9 se met en sc\u00e8ne dans cet <strong>objet ind\u00e9finissable<\/strong>, \u00e0 la fois r\u00e9flexion sur la cr\u00e9ation cin\u00e9matographique (le sc\u00e9nario s\u2019\u00e9crit en temps r\u00e9el \u00e0 l\u2019\u00e9cran, fa\u00e7on vrai-faux making-of) et les amours plurielles.<br \/>\nFran\u00e7ois L\u00e9ger, <em>Premi\u00e8re<\/em><\/p>\n<p>Isabelle Brou\u00e9 a (&#8230;)\u00a0<strong>la folie salvatrice de toujours croire au cin\u00e9ma et \u00e0 l\u2019amour<\/strong>.\u00a0(\u2026) On se prend \u00e0 r\u00eaver qu\u2019on peut encore aimer \u00e0 la folie. Et qu\u2019on a bien raison de croire encore et toujours au cin\u00e9ma.<br \/>\nTh\u00e9o Kayan, <em>La Jeune Revue du cin\u00e9ma<\/em><\/p>\n<p>Isabelle Brou\u00e9 porte le film devant et derri\u00e8re la cam\u00e9ra o\u00f9 <strong>l\u2019humour est aussi naturel que le souffle de la vie chez un \u00eatre vivant a\u00e9robique<\/strong> en passant par l\u2019autod\u00e9rision \u00e0 la mani\u00e8re d\u2019un Woody Allen sondant ses propres affects avec une grande perspicacit\u00e9.<br \/>\nC\u00e9dric L\u00e9pine, <a href=\"https:\/\/blogs.mediapart.fr\/cedric-lepine\/blog\/300318\/tout-ce-que-vous-avez-toujours-voulu-savoir-sur-l-amour-sans-jamais-oser-le-demander\"><em>Blog sur\u00a0<\/em><\/a><em>Mediapart<\/em><\/p>\n<p>Dans LUTINE (&#8230;) Isabelle Brou\u00e9 vante les vertus de ce qu\u2019on appelle la polyamorie, l\u2019art de vivre des amours plurielles, <strong>m\u00e9langeant savamment exploration intime et r\u00e9flexion sociologique.<\/strong><br \/>\nMounir Belhidaoui, <a href=\"http:\/\/www.respectmag.com\/30189-saint-valentin-optez-amours-plurielles-film-lutine\"><em>RespectMag<\/em><\/a><\/p>\n<p>Une com\u00e9die document\u00e9e sur la polyamorie que je vous recommande grandement [et qui] soul\u00e8ve des questions vraiment int\u00e9ressantes sur la soci\u00e9t\u00e9, l\u2019amour, le d\u00e9sir, l\u2019exclusivit\u00e9\u2026\u00a0\u00bb<br \/>\nL\u00e9a, <a href=\"http:\/\/www.parlerdamour.fr\/lutine-film-polyamour-pose-questions-fidelite-lexclusivite-lengagement-desir\/\"><em>parlerdamour.fr<\/em><\/a><\/p>\n","protected":false},"excerpt":{"rendered":"<p>** FLORIL\u00c8GE\u00a0ET PETITES PHRASES ** Une com\u00e9die p\u00e9tillante, philosophique et coquine. Atypique et inclassable, libre et d\u00e9jant\u00e9, \u00e0 butiner sans h\u00e9sitation. Un charme authentique et une libert\u00e9 folle. L\u2019amour au f\u00e9minin pluriel. Une extraordinaire libert\u00e9 de ton. Les interpr\u00e8tes, dont &hellip; <a href=\"http:\/\/lutineetcie.com\/lutinelefilm\/presse\/presse-ecrite\/revue-de-presse\/\">Continuer la lecture <span class=\"meta-nav\">&rarr;<\/span><\/a><\/p>\n","protected":false},"author":1,"featured_media":0,"parent":4645,"menu_order":1,"comment_status":"closed","ping_status":"closed","template":"sidebar-page.php","meta":[],"_links":{"self":[{"href":"http:\/\/lutineetcie.com\/lutinelefilm\/wp-json\/wp\/v2\/pages\/5042"}],"collection":[{"href":"http:\/\/lutineetcie.com\/lutinelefilm\/wp-json\/wp\/v2\/pages"}],"about":[{"href":"http:\/\/lutineetcie.com\/lutinelefilm\/wp-json\/wp\/v2\/types\/page"}],"author":[{"embeddable":true,"href":"http:\/\/lutineetcie.com\/lutinelefilm\/wp-json\/wp\/v2\/users\/1"}],"replies":[{"embeddable":true,"href":"http:\/\/lutineetcie.com\/lutinelefilm\/wp-json\/wp\/v2\/comments?post=5042"}],"version-history":[{"count":8,"href":"http:\/\/lutineetcie.com\/lutinelefilm\/wp-json\/wp\/v2\/pages\/5042\/revisions"}],"predecessor-version":[{"id":6071,"href":"http:\/\/lutineetcie.com\/lutinelefilm\/wp-json\/wp\/v2\/pages\/5042\/revisions\/6071"}],"up":[{"embeddable":true,"href":"http:\/\/lutineetcie.com\/lutinelefilm\/wp-json\/wp\/v2\/pages\/4645"}],"wp:attachment":[{"href":"http:\/\/lutineetcie.com\/lutinelefilm\/wp-json\/wp\/v2\/media?parent=5042"}],"curies":[{"name":"wp","href":"https:\/\/api.w.org\/{rel}","templated":true}]}}