{"id":5189,"date":"2018-05-03T21:07:07","date_gmt":"2018-05-03T20:07:07","guid":{"rendered":"http:\/\/lutineetcie.com\/lutinelefilm\/?page_id=5189"},"modified":"2018-12-10T16:04:56","modified_gmt":"2018-12-10T15:04:56","slug":"lsf","status":"publish","type":"page","link":"http:\/\/lutineetcie.com\/lutinelefilm\/projections\/rencontres\/lsf\/","title":{"rendered":"Cin\u00e9-rencontre LSF"},"content":{"rendered":"<p>C&rsquo;est ici pour\u00a0voir la <a href=\"http:\/\/www.lutinelefilm.com\/projection\/paris\/\">liste des cin\u00e9-d\u00e9bats<\/a> pass\u00e9s et \u00e0 venir.<\/p>\n<p>Pour regarder les 6 autres vid\u00e9os extraites de la rencontre du 20 avril, suivez le lien vers\u00a0la <a href=\"https:\/\/www.youtube.com\/watch?v=iwMtl8VStvM&amp;list=PL-yhtF5K39kT9S0MzaIHtQNDGYWrcpQKI\">cha\u00eene Youtube du film<\/a>.<br \/>\nMerci \u00e0 Delphine Labes de l&rsquo;association <a href=\"http:\/\/www.sils-interpretes.fr\/l-%C3%A9quipe\/\">SILS<\/a>\u00a0pour la traduction en LSF (langue des signes fran\u00e7aise).<\/p>\n<p><iframe loading=\"lazy\" src=\"https:\/\/www.youtube.com\/embed\/iwMtl8VStvM\" width=\"560\" height=\"315\" frameborder=\"0\" allowfullscreen=\"allowfullscreen\"><\/iframe><\/p>\n<p><iframe loading=\"lazy\" src=\"https:\/\/www.youtube.com\/embed\/VuBDCqGFT10\" width=\"560\" height=\"315\" frameborder=\"0\" allowfullscreen=\"allowfullscreen\"><\/iframe><\/p>\n<p><iframe loading=\"lazy\" src=\"https:\/\/www.youtube.com\/embed\/l6Xy6Y0Gmbw\" width=\"560\" height=\"315\" frameborder=\"0\" allowfullscreen=\"allowfullscreen\"><\/iframe><\/p>\n","protected":false},"excerpt":{"rendered":"<p>C&rsquo;est ici pour\u00a0voir la liste des cin\u00e9-d\u00e9bats pass\u00e9s et \u00e0 venir. Pour regarder les 6 autres vid\u00e9os extraites de la rencontre du 20 avril, suivez le lien vers\u00a0la cha\u00eene Youtube du film. Merci \u00e0 Delphine Labes de l&rsquo;association SILS\u00a0pour la &hellip; <a href=\"http:\/\/lutineetcie.com\/lutinelefilm\/projections\/rencontres\/lsf\/\">Continuer la lecture <span class=\"meta-nav\">&rarr;<\/span><\/a><\/p>\n","protected":false},"author":1,"featured_media":0,"parent":5239,"menu_order":1,"comment_status":"closed","ping_status":"closed","template":"sidebar-page.php","meta":[],"_links":{"self":[{"href":"http:\/\/lutineetcie.com\/lutinelefilm\/wp-json\/wp\/v2\/pages\/5189"}],"collection":[{"href":"http:\/\/lutineetcie.com\/lutinelefilm\/wp-json\/wp\/v2\/pages"}],"about":[{"href":"http:\/\/lutineetcie.com\/lutinelefilm\/wp-json\/wp\/v2\/types\/page"}],"author":[{"embeddable":true,"href":"http:\/\/lutineetcie.com\/lutinelefilm\/wp-json\/wp\/v2\/users\/1"}],"replies":[{"embeddable":true,"href":"http:\/\/lutineetcie.com\/lutinelefilm\/wp-json\/wp\/v2\/comments?post=5189"}],"version-history":[{"count":15,"href":"http:\/\/lutineetcie.com\/lutinelefilm\/wp-json\/wp\/v2\/pages\/5189\/revisions"}],"predecessor-version":[{"id":5792,"href":"http:\/\/lutineetcie.com\/lutinelefilm\/wp-json\/wp\/v2\/pages\/5189\/revisions\/5792"}],"up":[{"embeddable":true,"href":"http:\/\/lutineetcie.com\/lutinelefilm\/wp-json\/wp\/v2\/pages\/5239"}],"wp:attachment":[{"href":"http:\/\/lutineetcie.com\/lutinelefilm\/wp-json\/wp\/v2\/media?parent=5189"}],"curies":[{"name":"wp","href":"https:\/\/api.w.org\/{rel}","templated":true}]}}