{"id":5789,"date":"2018-12-10T16:10:15","date_gmt":"2018-12-10T15:10:15","guid":{"rendered":"http:\/\/lutineetcie.com\/lutinelefilm\/?page_id=5789"},"modified":"2018-12-10T16:10:49","modified_gmt":"2018-12-10T15:10:49","slug":"anne-ziegler","status":"publish","type":"page","link":"http:\/\/lutineetcie.com\/lutinelefilm\/projections\/rencontres\/anne-ziegler\/","title":{"rendered":"Cin\u00e9-rencontre avec Anne Clotilde Zi\u00e9gler"},"content":{"rendered":"<p>Vid\u00e9os extraites de la rencontre\u00a0entre Anne Clotilde Zi\u00e9gler et le public \u00e0 l&rsquo;Accattone le 17 ao\u00fbt 2018.<\/p>\n<p>Play-list compl\u00e8te sur <a href=\"https:\/\/www.youtube.com\/playlist?list=PL-yhtF5K39kQssZk1a_Yz9ViuzqedAswQ\">youtube : ici<\/a>.<\/p>\n<p>Quelques vid\u00e9os pour vous donner envie :<br \/>\n&#8211; La jalousie, une construction sociale&#8230; ou pas ?<br \/>\n<div class=\"su-youtube su-u-responsive-media-yes\"><iframe width=\"600\" height=\"400\" src=\"https:\/\/www.youtube.com\/embed\/cS_zZbIWf8c?\" frameborder=\"0\" allowfullscreen allow=\"autoplay; encrypted-media; picture-in-picture\" title=\"\"><\/iframe><\/div>\n","protected":false},"excerpt":{"rendered":"<p>Vid\u00e9os extraites de la rencontre\u00a0entre Anne Clotilde Zi\u00e9gler et le public \u00e0 l&rsquo;Accattone le 17 ao\u00fbt 2018. Play-list compl\u00e8te sur youtube : ici. Quelques vid\u00e9os pour vous donner envie : &#8211; La jalousie, une construction sociale&#8230; ou pas ?<\/p>\n","protected":false},"author":1,"featured_media":0,"parent":5239,"menu_order":3,"comment_status":"closed","ping_status":"closed","template":"sidebar-page.php","meta":[],"_links":{"self":[{"href":"http:\/\/lutineetcie.com\/lutinelefilm\/wp-json\/wp\/v2\/pages\/5789"}],"collection":[{"href":"http:\/\/lutineetcie.com\/lutinelefilm\/wp-json\/wp\/v2\/pages"}],"about":[{"href":"http:\/\/lutineetcie.com\/lutinelefilm\/wp-json\/wp\/v2\/types\/page"}],"author":[{"embeddable":true,"href":"http:\/\/lutineetcie.com\/lutinelefilm\/wp-json\/wp\/v2\/users\/1"}],"replies":[{"embeddable":true,"href":"http:\/\/lutineetcie.com\/lutinelefilm\/wp-json\/wp\/v2\/comments?post=5789"}],"version-history":[{"count":3,"href":"http:\/\/lutineetcie.com\/lutinelefilm\/wp-json\/wp\/v2\/pages\/5789\/revisions"}],"predecessor-version":[{"id":5794,"href":"http:\/\/lutineetcie.com\/lutinelefilm\/wp-json\/wp\/v2\/pages\/5789\/revisions\/5794"}],"up":[{"embeddable":true,"href":"http:\/\/lutineetcie.com\/lutinelefilm\/wp-json\/wp\/v2\/pages\/5239"}],"wp:attachment":[{"href":"http:\/\/lutineetcie.com\/lutinelefilm\/wp-json\/wp\/v2\/media?parent=5789"}],"curies":[{"name":"wp","href":"https:\/\/api.w.org\/{rel}","templated":true}]}}