{"id":62,"date":"2013-05-30T23:50:34","date_gmt":"2013-05-30T22:50:34","guid":{"rendered":"http:\/\/lutinelefilm.wordpress.com\/?page_id=62"},"modified":"2016-04-05T18:34:09","modified_gmt":"2016-04-05T17:34:09","slug":"note-dintentions-de-la-realisatrice","status":"publish","type":"page","link":"http:\/\/lutineetcie.com\/lutinelefilm\/comedie\/realisatrice\/note-dintentions-de-la-realisatrice\/","title":{"rendered":"Note d\u2019intentions LUTINE"},"content":{"rendered":"<p><i>NB. Cette note d&rsquo;intention est celle que j&rsquo;ai \u00e9crite\u00a0AVANT le tournage pour pr\u00e9senter le\u00a0projet de\u00a0LUTINE\u00a0\u00e0 mes collaborateurs\/trices et contributeurs\/trices.\u00a0<\/i><\/p>\n<header>\n<h1>LA GENESE DU PROJET<\/h1>\n<\/header>\n<div>\n<p>Ce film est n\u00e9 de trois \u00ab\u00a0incidents d\u00e9clencheurs\u00a0\u00bb\u00a0:<\/p>\n<ul>\n<li>mon d\u00e9sir de redonner le premier tour de manivelle d\u2019un nouveau long m\u00e9trage avant la date anniversaire des dix ans de mon premier\u00a0:\u00a0<em><a href=\"http:\/\/lutineetcie.com\/lutinelefilm\/une-comedie\/la-realisatrice\/tout-le-plaisir-est-pour-moi\/\">TOUT LE PLAISIR EST POUR MOI<\/a> ;<\/em><\/li>\n<li>l\u2019\u00e9criture depuis quelques mois d\u2019un projet de documentaire sur le lutinage ;<\/li>\n<li>la rencontre avec un chef op\u00e9rateur, Marc T\u00e9vanian, qui apr\u00e8s deux exp\u00e9riences de films auto-fictionnels et auto-produits, dont <em><a href=\"http:\/\/www.allocine.fr\/video\/player_gen_cmedia=19332920&amp;cfilm=197767.html\">AU CAS O\u00d9 JE N&rsquo;AURAIS PAS LA PALME D&rsquo;OR<\/a><\/em> de et avec Renaud Cohen, m\u2019a encourag\u00e9e \u00e0 \u00e9crire un projet sp\u00e9cifiquement pour mon 5D, que je pourrais tourner avec une \u00e9quipe l\u00e9g\u00e8re.<\/li>\n<\/ul>\n<p>Deux semaines apr\u00e8s, naissait\u00a0<em>LUTINE<\/em>.<i><\/i><\/p>\n<p><em>LUTINE<\/em> a donc \u00e9t\u00e9 con\u00e7u pour \u00eatre tourn\u00e9 dans ces conditions de production ultra-l\u00e9g\u00e8res et souples\u00a0: le tournage au 5D, avec des <strong>fronti\u00e8res volontairement floues entre la r\u00e9alit\u00e9 et la fiction<\/strong>, est \u00e0 la base m\u00eame du d\u00e9sir d\u2019\u00e9criture de ce projet.<br \/>\n<i><br \/>\n<\/i><\/p>\n<p><strong>OUI MAIS&#8230; POURQUOI NE PAS CHERCHER UN FINANCEMENT \u00ab\u00a0CLASSIQUE\u00a0\u00bb ?<\/strong><\/p>\n<p>Parce que la force et l\u2019\u00e9nergie de ce projet tiennent aussi en partie \u00e0 ce temps r\u00e9duit entre la conception et le tournage.<\/p>\n<p>Celles et ceux d\u2019entre vous qui me connaissent savent que je suis une \u00ab\u00a0bosseuse\u00a0\u00bb, parfois \u00ab\u00a0trop\u00a0\u00bb, au point de toujours reculer le moment o\u00f9 j\u2019ose faire lire mes projets.<br \/>\nAlors, forte (entre autres) de la lecture de\u00a0Tal Ben-Shahar,\u00a0j\u2019ai d\u00e9cid\u00e9 de me lancer sans \u00ab\u00a0trop\u00a0\u00bb\u00a0me poser de questions, et en me faisant confiance.<\/p>\n<p><img decoding=\"async\" loading=\"lazy\" class=\"aligncenter\" src=\"http:\/\/lutineetcie.com\/lutinelefilm\/wp-content\/uploads\/2013\/05\/41kwzzqhgwl-_sy445_.jpg\" alt=\"41kWZzQHgWL._SY445_\" width=\"109\" height=\"180\" \/><\/p>\n<p>Je veux croire en effet qu\u2019une fois le projet initi\u00e9, le reste suivra\u2026 parce que l\u2019\u00e9nergie et la confiance sont communicatives.<\/p>\n<p><strong>LA STRUCTURE DU FILM<\/strong><\/p>\n<div>\n<p>Isa, r\u00e9alisatrice, tourne un\u00a0<strong>documentaire<\/strong>\u00a0sur un sujet qui l\u2019intrigue\u00a0: le lutinage ( aussi appel\u00e9 polyamorie ou \u00a0polyamour)\u00a0: le fait de pouvoir vivre plusieurs histoires intimes en parall\u00e8le, et que tout le monde soit d\u2019accord et au courant.<\/p>\n<p>Par ailleurs, par honn\u00eatet\u00e9 envers son spectateur, afin qu\u2019il sache qui r\u00e9alise, elle tourne le\u00a0<strong><i>making of\u00a0<\/i><\/strong>de son film : elle se filme avec son amoureux Ga\u00ebl dans leur vie de tous les jours.<\/p>\n<p>Sauf que Ga\u00ebl, d\u2019accord pour filmer et \u00eatre film\u00e9, pose une condition\u00a0: qu\u2019on ne puisse pas le reconna\u00eetre. Compliqu\u00e9 ! Isa\u00a0d\u00e9cide alors d\u2019embaucher un com\u00e9dien, Philippe, pour jouer son r\u00f4le : le\u00a0<i>making of\u00a0<\/i>n\u2019en est plus tout \u00e0 fait un, et le film bascule vers la\u00a0<strong>fiction<\/strong>.<\/p>\n<p>A l\u2019arriv\u00e9e, dans le film, il y aura donc trois niveaux de r\u00e9alit\u00e9 :<\/p>\n<ul>\n<li>un\u00a0<strong>vrai documentaire<\/strong>\u00a0avec de vrais intervenants de la vraie vraie vie ;<\/li>\n<li>le\u00a0<strong><i>making of\u00a0<\/i><\/strong>du documentaire\u00a0: Isa et Ga\u00ebl dans leur \u00ab\u00a0vraie vie\u00a0\u00bb<\/li>\n<li>une\u00a0<strong>fiction<\/strong>\u00a0qui reprend avec un com\u00e9dien (Philippe) les sc\u00e8nes du\u00a0<i>making of<\/i>.<\/li>\n<\/ul>\n<p>\u00c7a, c\u2019est la th\u00e9orie\u2026<br \/>\n\u2026 parce qu\u2019<strong>au cin\u00e9ma comme en amour, on ne peut pas toujours tout pr\u00e9voir.<\/strong><\/p>\n<p>&nbsp;<\/p>\n<\/div>\n<p><strong>PLUSIEURS NIVEAUX DE RECIT\u00a0<\/strong><\/p>\n<p><i>LUTINE <\/i>joue donc sur plusieurs niveaux de r\u00e9cit qui sont autant de <strong>mises en abyme<\/strong> et impliquent des modes de tournage diff\u00e9rents\u00a0:<\/p>\n<p>1) Le <b><i>making of\u00a0<\/i><\/b>: Isa, la r\u00e9alisatrice, et Ga\u00ebl, son amoureux, se filment dans leur \u00ab\u00a0vie de tous les jours\u00a0\u00bb, dans ce qui pr\u00e9tend \u00eatre le <i>making of<\/i> du documentaire qu\u2019elle tourne sur le lutinage. Tous les plans sont \u00ab\u00a0justifi\u00e9s\u00a0\u00bb, le spectateur a conscience de la cam\u00e9ra\u00a0: il sait qui filme, et comment (au 5D et\u00a0parfois m\u00eame \u00e0 l\u2019Iphone).<br \/>\nFaut-il pr\u00e9ciser que si je <i>\u00a0joue<\/i> le r\u00f4le d\u2019Isa dans le film, je ne <i>suis<\/i> pas elle, de m\u00eame que le r\u00f4le de Ga\u00ebl sera tenu par un com\u00e9dien\u00a0?<br \/>\nPar ailleurs, dans un <strong>joyeux m\u00e9lange entre r\u00e9alit\u00e9 et fiction<\/strong>, des gens de la vraie vie \u00ab\u00a0jouent\u00a0\u00bb leur propre r\u00f4le dans des sc\u00e8nes fictives : c\u2019est le cas par exemple avec Caroline, ma s\u0153ur, productrice de\u00a0<em>La Grande Table\u00a0<\/em>\u00e0 France-Culture.<\/p>\n<p>2) Le <b>documentaire<\/b>\u00a0r\u00e9alis\u00e9 par Isa : c\u2019est un <i>vrai <\/i>documentaire, qui met en sc\u00e8ne, \u00e0 l\u2019int\u00e9rieur m\u00eame de la fiction, des vrais gens de la vraie vie, tels Fran\u00e7oise Simp\u00e8re, Meta Tschiteya, ou Guilain Omont, qui parlent et r\u00e9pondent aux questions d\u2019Isa en leur nom propre. Les dialogues \u00e9crits dans le sc\u00e9nario pour l\u2019instant ne le sont qu\u2019\u00e0 titre indicatif\u00a0: la partie documentaire du film sera une vraie partie documentaire.\u00a0C\u2019est \u00e0 partir de certains de ces <i>rushes<\/i>-l\u00e0 que je peux imaginer tourner par la suite de nouvelles s\u00e9quences qui me permettraient de monter un film documentaire de 52 mn.<\/p>\n<p>3) La pure <b>fiction, qui s\u2019affiche fiction<\/b> (dont le spectateur sait qu\u2019elle est mise en sc\u00e8ne par Isa, la r\u00e9alisatrice dans le film)\u00a0: ex. avec Philippe, le com\u00e9dien qui joue le r\u00f4le de Ga\u00ebl, son amoureux, mais aussi avec son ex ou sa m\u00e8re.<\/p>\n<p>4) Le <b>faux documentaire<\/b>, dont le spectateur <i>sait <\/i>que les textes sont dits par des com\u00e9diens (Laurent et Agathe), mais sont tir\u00e9s de vraies interviews film\u00e9es \u00e0 l\u2019origine par Isa avec Pierre, un\u00a0ami polyamoureux qui l\u2019a plant\u00e9e, et son amoureuse, Sophie (vous suivez toujours ?)<\/p>\n<p>5) La <b>fiction \u00ab\u00a0classique\u00a0\u00bb\u00a0<\/b>: le spectateur oublie la pr\u00e9sence de la cam\u00e9ra, il a l\u2019impression d\u2019assister \u00e0 des sc\u00e8nes de la vraie vie, alors que bien s\u00fbr, elles ont \u00e9t\u00e9 film\u00e9es par une \u00e9quipe de cin\u00e9ma.<br \/>\nAutrement dit, on <i>croit<\/i> qu\u2019on est dans la \u00ab\u00a0vraie vie\u00a0\u00bb comme au d\u00e9but (sauf que la cam\u00e9ra se fait oublier) alors qu\u2019on est en r\u00e9alit\u00e9 dans de la fiction mise en sc\u00e8ne par Isa (comme en 3)) &#8211; et on n\u2019en prend conscience qu\u2019\u00e0 la toute fin\u00a0: car bien s\u00fbr, l\u2019ensemble du film est une mystification, o\u00f9 tout ce qui est \u00ab\u00a0histoire\u00a0\u00bb est faux.<\/p>\n<p><strong>DEUX FILMS EN UN SEUL TOURNAGE<\/strong><\/p>\n<p>Dans mes fantasmes les plus fous, j\u2019aimerais en r\u00e9alit\u00e9 r\u00e9aliser deux films :<\/p>\n<ul>\n<li><i>LUTINE\u00a0<\/i>dont il est question ici\u00a0: un\u00a0<strong>long m\u00e9trage mi-fiction, mi-documentaire<\/strong>, pour le cin\u00e9ma\u00a0;<\/li>\n<li>et un\u00a0<strong>52 minutes documentaire<\/strong>, \u00e0 partir d\u2019une partie des m\u00eames\u00a0<i>rushes<\/i>, qui serait destin\u00e9 principalement \u00e0 la t\u00e9l\u00e9vision.<\/li>\n<\/ul>\n<p><strong>MON AMBITION<\/strong><\/p>\n<\/div>\n<p>Ce film a pour ambition, entre autres, de faire sauter quelques cases, ou d\u2019\u00e9viter qu\u2019on n\u2019en cr\u00e9e de nouvelles. Il <strong>pose plus de questions qu\u2019il ne donne de r\u00e9ponses<\/strong> : il interroge, questionne, invite \u00e0 remettre en cause quelques \u00ab\u00a0certitudes\u00a0\u00bb qui ne sont en r\u00e9alit\u00e9 peut-\u00eatre que des \u00ab\u00a0croyances\u00a0\u00bb ou des habitudes. Il <strong>appelle \u00e0 la tol\u00e9rance, \u00e0 la bienveillance et au non-jugement.\u00a0<\/strong><\/p>\n<p>Lutinage, polyamorie, polyfid\u00e9lit\u00e9, couple libre, non-exclusivit\u00e9\u2026 peu importe le mot ou la case,\u00a0du moment que chacun vit selon ses d\u00e9sirs et aussi, fondamentalement, dans le respect de ceux des autres.<\/p>\n<p>Avec amour et bienveillance,<br \/>\nIsabelle<\/p>\n","protected":false},"excerpt":{"rendered":"<p>NB. Cette note d&rsquo;intention est celle que j&rsquo;ai \u00e9crite\u00a0AVANT le tournage pour pr\u00e9senter le\u00a0projet de\u00a0LUTINE\u00a0\u00e0 mes collaborateurs\/trices et contributeurs\/trices.\u00a0 LA GENESE DU PROJET Ce film est n\u00e9 de trois \u00ab\u00a0incidents d\u00e9clencheurs\u00a0\u00bb\u00a0: mon d\u00e9sir de redonner le premier tour de manivelle &hellip; <a href=\"http:\/\/lutineetcie.com\/lutinelefilm\/comedie\/realisatrice\/note-dintentions-de-la-realisatrice\/\">Continuer la lecture <span class=\"meta-nav\">&rarr;<\/span><\/a><\/p>\n","protected":false},"author":1,"featured_media":0,"parent":70,"menu_order":8,"comment_status":"closed","ping_status":"closed","template":"sidebar-page.php","meta":[],"_links":{"self":[{"href":"http:\/\/lutineetcie.com\/lutinelefilm\/wp-json\/wp\/v2\/pages\/62"}],"collection":[{"href":"http:\/\/lutineetcie.com\/lutinelefilm\/wp-json\/wp\/v2\/pages"}],"about":[{"href":"http:\/\/lutineetcie.com\/lutinelefilm\/wp-json\/wp\/v2\/types\/page"}],"author":[{"embeddable":true,"href":"http:\/\/lutineetcie.com\/lutinelefilm\/wp-json\/wp\/v2\/users\/1"}],"replies":[{"embeddable":true,"href":"http:\/\/lutineetcie.com\/lutinelefilm\/wp-json\/wp\/v2\/comments?post=62"}],"version-history":[{"count":10,"href":"http:\/\/lutineetcie.com\/lutinelefilm\/wp-json\/wp\/v2\/pages\/62\/revisions"}],"predecessor-version":[{"id":3130,"href":"http:\/\/lutineetcie.com\/lutinelefilm\/wp-json\/wp\/v2\/pages\/62\/revisions\/3130"}],"up":[{"embeddable":true,"href":"http:\/\/lutineetcie.com\/lutinelefilm\/wp-json\/wp\/v2\/pages\/70"}],"wp:attachment":[{"href":"http:\/\/lutineetcie.com\/lutinelefilm\/wp-json\/wp\/v2\/media?parent=62"}],"curies":[{"name":"wp","href":"https:\/\/api.w.org\/{rel}","templated":true}]}}