{"id":66,"date":"2013-05-30T23:55:01","date_gmt":"2013-05-30T22:55:01","guid":{"rendered":"http:\/\/lutinelefilm.wordpress.com\/?page_id=66"},"modified":"2016-06-22T14:03:00","modified_gmt":"2016-06-22T13:03:00","slug":"synopsis","status":"publish","type":"page","link":"http:\/\/lutineetcie.com\/lutinelefilm\/comedie\/synopsis\/","title":{"rendered":"Synopsis"},"content":{"rendered":"<p style=\"text-align: center;\" align=\"center\">Une r\u00e9alisatrice d\u00e9cide de tourner,<br \/>\nl\u00e0 maintenant, tout de suite,<br \/>\nun\u00a0documentaire sur le lutinage<br \/>\n&#8211;\u00a0aussi appel\u00e9 polyamorie, polyamour,<br \/>\nou encore l\u2019<strong>art des amours plurielles<\/strong>.<\/p>\n<p style=\"text-align: center;\" align=\"center\">Com\u00e9die documentaire,\u00a0<b><br \/>\n<\/b>ou plus exactement : <strong>une com\u00e9die <em>ET<\/em> un documentaire<\/strong>,<br \/>\n<em>LUTINE<\/em> est un<b>\u00a0<\/b>OFNI\u00a0:<br \/>\nun<strong> Objet Filmique Non Identifi\u00e9<\/strong>.<\/p>\n<p style=\"text-align: center;\">Le film \u00e0 l&rsquo;arriv\u00e9e est\u00a0un montage improbable entre<br \/>\nd&rsquo;un c\u00f4t\u00e9, un <strong>vrai documentaire s\u00e9rieux sur le lutinage<\/strong>,<br \/>\net de l\u2019autre, le <strong>pseudo\u00a0<i>making of<\/i><\/strong>\u00a0de son\u00a0tournage,<br \/>\ndoubl\u00e9 d&rsquo;une <strong>v\u00e9ritable fiction<\/strong><br \/>\nle jour o\u00f9\u00a0la r\u00e9alisatrice embauche un com\u00e9dien pour jouer&#8230;<br \/>\nle r\u00f4le de son amoureux dans la vie !<\/p>\n<p style=\"text-align: center;\">Jouant avec les \u00e9motions et les sentiments<br \/>\n&#8211; surtout\u00a0ceux des autres &#8211;<br \/>\n<strong>brouillant les pistes entre r\u00e9alit\u00e9 et fiction<\/strong>,<br \/>\nelle prend des risques<br \/>\ndont elle ne mesure pas toujours les cons\u00e9quences&#8230;<\/p>\n<p style=\"text-align: center;\"><strong>Son couple y r\u00e9sistera-t-il\u00a0? Finira-t-elle son film ?<\/strong><\/p>\n<p>&nbsp;<\/p>\n","protected":false},"excerpt":{"rendered":"<p>Une r\u00e9alisatrice d\u00e9cide de tourner, l\u00e0 maintenant, tout de suite, un\u00a0documentaire sur le lutinage &#8211;\u00a0aussi appel\u00e9 polyamorie, polyamour, ou encore l\u2019art des amours plurielles. Com\u00e9die documentaire,\u00a0 ou plus exactement : une com\u00e9die ET un documentaire, LUTINE est un\u00a0OFNI\u00a0: un Objet &hellip; <a href=\"http:\/\/lutineetcie.com\/lutinelefilm\/comedie\/synopsis\/\">Continuer la lecture <span class=\"meta-nav\">&rarr;<\/span><\/a><\/p>\n","protected":false},"author":1,"featured_media":0,"parent":1464,"menu_order":1,"comment_status":"closed","ping_status":"closed","template":"sidebar-page.php","meta":[],"_links":{"self":[{"href":"http:\/\/lutineetcie.com\/lutinelefilm\/wp-json\/wp\/v2\/pages\/66"}],"collection":[{"href":"http:\/\/lutineetcie.com\/lutinelefilm\/wp-json\/wp\/v2\/pages"}],"about":[{"href":"http:\/\/lutineetcie.com\/lutinelefilm\/wp-json\/wp\/v2\/types\/page"}],"author":[{"embeddable":true,"href":"http:\/\/lutineetcie.com\/lutinelefilm\/wp-json\/wp\/v2\/users\/1"}],"replies":[{"embeddable":true,"href":"http:\/\/lutineetcie.com\/lutinelefilm\/wp-json\/wp\/v2\/comments?post=66"}],"version-history":[{"count":12,"href":"http:\/\/lutineetcie.com\/lutinelefilm\/wp-json\/wp\/v2\/pages\/66\/revisions"}],"predecessor-version":[{"id":3309,"href":"http:\/\/lutineetcie.com\/lutinelefilm\/wp-json\/wp\/v2\/pages\/66\/revisions\/3309"}],"up":[{"embeddable":true,"href":"http:\/\/lutineetcie.com\/lutinelefilm\/wp-json\/wp\/v2\/pages\/1464"}],"wp:attachment":[{"href":"http:\/\/lutineetcie.com\/lutinelefilm\/wp-json\/wp\/v2\/media?parent=66"}],"curies":[{"name":"wp","href":"https:\/\/api.w.org\/{rel}","templated":true}]}}