{"id":70,"date":"2013-05-31T16:02:31","date_gmt":"2013-05-31T15:02:31","guid":{"rendered":"http:\/\/lutinelefilm.wordpress.com\/?page_id=70"},"modified":"2023-11-02T17:09:40","modified_gmt":"2023-11-02T16:09:40","slug":"realisatrice","status":"publish","type":"page","link":"http:\/\/lutineetcie.com\/lutinelefilm\/comedie\/realisatrice\/","title":{"rendered":"La r\u00e9alisatrice \/ Directress"},"content":{"rendered":"<p>Apr\u00e8s des \u00e9tudes \u00e0 l&rsquo;\u00e9cole de cin\u00e9ma, la FEMIS, dont je suis sortie dipl\u00f4m\u00e9e en sections R\u00e9alisation et Scripte en 1994, j&rsquo;ai travaill\u00e9 comme assistante et scripte sur des courts, moyens et longs m\u00e9trages, avant de me consacrer \u00e0 la r\u00e9alisation de mes propres films.<\/p>\n<p>J&rsquo;ai notamment r\u00e9alis\u00e9\u00a0quatre courts et moyens m\u00e9trages dont\u00a0<a href=\"https:\/\/lutineetcie.com\/lutinelefilm\/comedie\/realisatrice\/a-corps-perdu\/\"><em>A CORPS PERDU <\/em><\/a>pr\u00e9sent\u00e9 \u00e0 la Quinzaine des R\u00e9alisateurs \u00e0 Cannes en 2000, <a href=\"https:\/\/images.cnrs.fr\/video\/199\"><em>HENRI CARTAN, UNE VIE DE MATH\u00c9MATICIEN<\/em><\/a>,\u00a0un documentaire de 52 mn (1995),\u00a0<em><a href=\"http:\/\/lutineetcie.com\/lutinelefilm\/comedie\/realisatrice\/paris-deauville\/\">PARIS-DEAUVILLE<\/a><\/em>, un t\u00e9l\u00e9film pour Arte dans la collection \u00ab\u00a0Petites cam\u00e9ras\u00a0\u00bb dirig\u00e9e par Pierre Chevalier (2000)\u00a0et un long m\u00e9trage sorti en salles en 2004 : <em><a href=\"http:\/\/lutineetcie.com\/lutinelefilm\/comedie\/realisatrice\/tout-le-plaisir-est-pour-moi\/\">TOUT LE PLAISIR EST POUR MOI<\/a>,\u00a0<\/em>avec Marie Gillain, une com\u00e9die qui parlait du plaisir f\u00e9minin\u00a0et du clitoris et qui a r\u00e9uni en France un peu plus de 200000 spectateurs.<\/p>\n<p><a href=\"http:\/\/lutineetcie.com\/lutinelefilm\/wp-content\/uploads\/2013\/05\/MG_3051.jpeg\"><img decoding=\"async\" loading=\"lazy\" class=\"aligncenter wp-image-2577 size-full\" src=\"http:\/\/lutineetcie.com\/lutinelefilm\/wp-content\/uploads\/2013\/05\/MG_3051.jpeg\" alt=\"_MG_3051\" width=\"655\" height=\"437\" srcset=\"http:\/\/lutineetcie.com\/lutinelefilm\/wp-content\/uploads\/2013\/05\/MG_3051.jpeg 655w, http:\/\/lutineetcie.com\/lutinelefilm\/wp-content\/uploads\/2013\/05\/MG_3051-300x200.jpeg 300w, http:\/\/lutineetcie.com\/lutinelefilm\/wp-content\/uploads\/2013\/05\/MG_3051-450x300.jpeg 450w\" sizes=\"(max-width: 655px) 100vw, 655px\" \/><\/a><\/p>\n<p>Entre 2004 et 2013, j&rsquo;ai fait deux enfants et me suis s\u00e9par\u00e9e de leur p\u00e8re, et j&rsquo;ai beaucoup \u00e9crit (deux longs, un documentaire, quatre t\u00e9l\u00e9films, une pi\u00e8ce de th\u00e9\u00e2tre), donn\u00e9 des cours de langage cin\u00e9matographique (notamment \u00e0 la FEMIS, au CLCF et \u00e0 l&rsquo;\u00c9cole de la Cit\u00e9),\u00a0anim\u00e9 des ateliers\u00a0de direction d&rsquo;acteurs, lu\u00a0des sc\u00e9narios pour des soci\u00e9t\u00e9s de production et\u00a0travaill\u00e9\u00a0comme <em>script-doctor.\u00a0<\/em><\/p>\n<p>Je m&rsquo;\u00e9tais fix\u00e9 de commencer \u00e0 tourner mon second\u00a0long m\u00e9trage avant les 10 ans du premier.\u00a0Le 29 d\u00e9cembre 2012, j&rsquo;ai eu l&rsquo;id\u00e9e saugrenue, inattendue, folle&#8230; de <em>LUTINE.<br \/>\n<\/em>Les\u00a0r\u00e9actions enthousiastes des un\u00b7e\u00b7s et des autres\u00a0quand j&rsquo;ai commenc\u00e9 \u00e0 en parler autour de moi&#8230;\u00a0m&rsquo;ont encourag\u00e9e \u00e0 continuer.<br \/>\nEn six mois, j&rsquo;ai \u00e9crit le sc\u00e9nario, suivi une formation sur les appareils photo \u00e0 grand capteur, mont\u00e9 l&rsquo;association <a href=\"http:\/\/www.lutineetcie.com\">Lutine &amp; Cie<\/a>, cr\u00e9\u00e9 ce site internet, lanc\u00e9 une <strong>souscription<\/strong>, rassembl\u00e9 une \u00e9quipe&#8230; et nous avons commenc\u00e9 le tournage de\u00a0<em>LUTINE\u00a0<\/em>le 12 juillet 2013. Pari tenu !<\/p>\n<p>La suite s&rsquo;est d\u00e9roul\u00e9e\u00a0tout aussi naturellement &#8211; et quasi miraculeusement : le <strong>tournage<\/strong> s&rsquo;est \u00e9tal\u00e9 sur quelques mois, en fonction des disponibilit\u00e9s des un\u00b7e\u00b7s et des autres, com\u00e9dien\u00b7nes, intervenant\u00b7es ou technicien\u00b7es, et le <strong>montage<\/strong> avec Sonia Bogdanovsky a commenc\u00e9 en parall\u00e8le, avec de nombreuses interruptions&#8230; pour se terminer plus de 18 mois apr\u00e8s notre rencontre, en mai 2015. S&rsquo;en est suivie une <strong>post-production<\/strong> tout aussi ludique et joyeuse : montage-son, mixage, effets sp\u00e9ciaux, \u00e9talonnage, sous-titrage pendant l&rsquo;\u00e9t\u00e9 2015.<\/p>\n<p>La toute premi\u00e8re projection mondiale du film a eu lieu \u00e0 Lisbonne, \u00e0 la <a href=\"https:\/\/nmciconference.wordpress.com\/2016\/05\/27\/archives-from-the-1st-nmci-lisbon-2015\/\">1st Non Monogamy and Contempory Intimacies Conference<\/a>, tandis que la premi\u00e8re projection d&rsquo;\u00e9quipe \u00e0 Paris \u00a0s&rsquo;est tenue le 12 d\u00e9cembre au cin\u00e9ma La Clef.<br \/>\nDepuis, le film a \u00e9t\u00e9 montr\u00e9 un peu partout, de Rome \u00e0 Berkeley, de Barcelone \u00e0 Toronto, en passant par la Catalogne et Bangalore en Inde, et il a commenc\u00e9 une carri\u00e8re en <strong>festivals<\/strong>, aussi bien en France au festival<a href=\"http:\/\/www.independancesetcreation.com\/node\/219\"> Ind\u00e9pendance(s) et Cr\u00e9ation<\/a> qu&rsquo;au Canada, o\u00f9 il a gagn\u00e9 le Best Feature Award et le Best Screenplay Award (<a href=\"http:\/\/www.womeninfilm.ca\/VIWIFF_2017_Awards.html\">Prix du Meilleur Film de fiction<\/a> et Prix du Meilleur Sc\u00e9nario) au <a href=\"http:\/\/lutineetcie.com\/lutinelefilm\/projections\/festivals\/\">Vancouver International Women in Film Festival<\/a>.<\/p>\n<p>Mes courts et moyens m\u00e9trages en ligne :<\/p>\n<ul>\n<li><em><a href=\"http:\/\/lutineetcie.com\/lutinelefilm\/comedie\/realisatrice\/a-corps-perdu-2000\/\">A\u00a0CORPS PERDU<\/a><\/em> (2000), avec Marie Payen, Regraguia Benhila, <a href=\"http:\/\/www.bagoe.com\/artiste.cfm\/318529-bruno-slagmulder.html\">Bruno Slagmulder<\/a>, Jean-Michel F\u00eate, Jean-Michel Portal, Lucia Sanchez (27 mn). Pr\u00e9sent\u00e9 \u00e0 la Quinzaine des R\u00e9alisateurs \u00e0 Cannes en 2000 et diffus\u00e9 sur France 2.\u00a0\u00a0<a href=\"http:\/\/lutineetcie.com\/lutinelefilm\/wp-content\/uploads\/2013\/06\/acptelerama1.jpeg\"><img decoding=\"async\" loading=\"lazy\" class=\"alignnone wp-image-1912 size-full\" src=\"http:\/\/lutineetcie.com\/lutinelefilm\/wp-content\/uploads\/2013\/06\/acptelerama1.jpeg\" alt=\"acptelerama1\" width=\"584\" height=\"239\" srcset=\"http:\/\/lutineetcie.com\/lutinelefilm\/wp-content\/uploads\/2013\/06\/acptelerama1.jpeg 584w, http:\/\/lutineetcie.com\/lutinelefilm\/wp-content\/uploads\/2013\/06\/acptelerama1-300x122.jpeg 300w, http:\/\/lutineetcie.com\/lutinelefilm\/wp-content\/uploads\/2013\/06\/acptelerama1-500x204.jpeg 500w\" sizes=\"(max-width: 584px) 100vw, 584px\" \/><\/a><\/li>\n<li><em><a href=\"http:\/\/lutineetcie.com\/lutinelefilm\/comedie\/realisatrice\/les-jours-bleus-1998\/\">LES JOURS BLEUS<\/a><\/em><a title=\"Les Jours bleus\u00a0(1998)\" href=\"http:\/\/lutinelefilm.wordpress.com\/projet\/la-realisatrice\/les-jours-bleus-1998\/\">\u00a0<\/a>(1998), avec Camille Japy, Pierre Baux, Jeanne Savary,\u00a0Jean-Michel F\u00eate (25 mn). Prix d&rsquo;interpr\u00e9tation pour Camille Japy au festival C\u00f4t\u00e9-Court de Pantin en 1998.<br \/>\n<a href=\"http:\/\/lutineetcie.com\/lutinelefilm\/wp-content\/uploads\/2013\/05\/147993_12.jpg\"><img decoding=\"async\" loading=\"lazy\" class=\"size-full wp-image-1848 aligncenter\" src=\"http:\/\/lutineetcie.com\/lutinelefilm\/wp-content\/uploads\/2013\/05\/147993_12.jpg\" alt=\"147993_12\" width=\"300\" height=\"199\" \/><br \/>\n<\/a><\/li>\n<li><em><a href=\"http:\/\/lutineetcie.com\/lutinelefilm\/comedie\/realisatrice\/presse-citron-1994\/\">PRESSE-CITRON<\/a><\/em> (1994), avec Marie Vinoy, Arthur Nauzyciel, Dominic Gould, Laurent Lederer, Francis Leplay (16 mn) : mon film de fin d&rsquo;\u00e9tudes de la FEMIS, pr\u00e9sent\u00e9 au Festival d&rsquo;Angers Premiers Plans.<a href=\"http:\/\/lutineetcie.com\/lutinelefilm\/wp-content\/uploads\/2013\/05\/Presse-Citron-Affiche.jpeg\"><img decoding=\"async\" loading=\"lazy\" class=\"size-medium wp-image-4447 aligncenter\" src=\"http:\/\/lutineetcie.com\/lutinelefilm\/wp-content\/uploads\/2013\/05\/Presse-Citron-Affiche-195x300.jpeg\" alt=\"Presse-Citron-Affiche\" width=\"195\" height=\"300\" srcset=\"http:\/\/lutineetcie.com\/lutinelefilm\/wp-content\/uploads\/2013\/05\/Presse-Citron-Affiche-195x300.jpeg 195w, http:\/\/lutineetcie.com\/lutinelefilm\/wp-content\/uploads\/2013\/05\/Presse-Citron-Affiche.jpeg 294w\" sizes=\"(max-width: 195px) 100vw, 195px\" \/><\/a><\/li>\n<li><em><a href=\"http:\/\/lutineetcie.com\/lutinelefilm\/comedie\/realisatrice\/chocolat-amer-1993\/\">CHOCOLAT AMER<\/a><\/em><a title=\"Chocolat amer\u00a0(1993)\" href=\"http:\/\/lutinelefilm.wordpress.com\/projet\/la-realisatrice\/chocolat-amer-1993\/\">\u00a0<\/a>(1993), avec Julie Augoyard, Dimitri Isor\u00e9, Mich\u00e8le R\u00e8me, Dominique Verrier (9 mn) : mon tout premier court-m\u00e9trage de fiction \u00e0 la FEMIS.<a href=\"http:\/\/lutineetcie.com\/lutinelefilm\/wp-content\/uploads\/2013\/05\/photo1.jpeg\"><img decoding=\"async\" loading=\"lazy\" class=\"size-full wp-image-1850 aligncenter\" src=\"http:\/\/lutineetcie.com\/lutinelefilm\/wp-content\/uploads\/2013\/05\/photo1.jpeg\" alt=\"photo1\" width=\"287\" height=\"176\" \/><\/a><\/li>\n<\/ul>\n<p>ainsi que mes deux documentaires sur Henri Cartan :<\/p>\n<ul>\n<li><a href=\"http:\/\/vimeo.com\/48984726\"><em>PENSONS, IL EN RESTERA TOUJOURS QUELQUE CHOSE<\/em><\/a>\u00a0(1992, FEMIS,\u00a06 mn)<\/li>\n<\/ul>\n<p style=\"text-align: center;\"><div class=\"su-vimeo su-u-responsive-media-yes\"><iframe width=\"600\" height=\"400\" src=\"\/\/player.vimeo.com\/video\/48984726?title=0&amp;byline=0&amp;portrait=0&amp;color=ffffff&amp;autoplay=0&amp;dnt=0&amp;muted=0&amp;texttrack=\" frameborder=\"0\" allow=\"autoplay; fullscreen\" allowfullscreen title=\"\"><\/iframe><\/div>\n<ul>\n<li>et<a href=\"https:\/\/images.cnrs.fr\/video\/199\"><em> HENRI CARTAN, UNE VIE DE <\/em><em>MATHEMATICIEN<\/em><\/a>\u00a0(1995,\u00a0CNRS,\u00a052 mn) :<br \/>\ncliquez sur le lien pour voir le film en ligne sur le site du CNRS.\u00a0<a href=\"http:\/\/lutineetcie.com\/lutinelefilm\/wp-content\/uploads\/2013\/05\/unknown1.jpeg\"><img decoding=\"async\" loading=\"lazy\" class=\"aligncenter wp-image-616\" src=\"http:\/\/lutineetcie.com\/lutinelefilm\/wp-content\/uploads\/2013\/05\/unknown1.jpeg\" alt=\"Unknown\" width=\"149\" height=\"121\" \/><\/a><\/li>\n<\/ul>\n<p>\u00c0 voir aussi :<\/p>\n<ul>\n<li>la bande-annonce, des extraits et des sc\u00e8nes in\u00e9dites de <i><a href=\"http:\/\/lutineetcie.com\/lutinelefilm\/comedie\/realisatrice\/tout-le-plaisir-est-pour-moi\/\">TOUT LE PLAISIR EST POUR MOI<\/a>,\u00a0<\/i>mon premier long m\u00e9trage sorti en salles en 2004, avec Marie Gillain, Julien Boisselier, Brigitte Ro\u00fcan, Garance Clavel, Lionel Abelanski, Laurent Bateau, Tsilla Chelton, Ari\u00e9 Elmaleh, Catherine Ferran, Philippe Duclos, Ma\u00eft\u00e9 Maill\u00e9, Anne Beno\u00eet&#8230; (un peu plus de 200 000 spectateurs).<a href=\"http:\/\/lutineetcie.com\/lutinelefilm\/wp-content\/uploads\/2013\/06\/tout-le-plaisir-est-pour-moi-copie.jpg\"><img decoding=\"async\" loading=\"lazy\" class=\"size-medium wp-image-1889 aligncenter\" src=\"http:\/\/lutineetcie.com\/lutinelefilm\/wp-content\/uploads\/2013\/06\/tout-le-plaisir-est-pour-moi-copie-224x300.jpg\" alt=\"tout-le-plaisir-est-pour-moi-copie\" width=\"224\" height=\"300\" srcset=\"http:\/\/lutineetcie.com\/lutinelefilm\/wp-content\/uploads\/2013\/06\/tout-le-plaisir-est-pour-moi-copie-224x300.jpg 224w, http:\/\/lutineetcie.com\/lutinelefilm\/wp-content\/uploads\/2013\/06\/tout-le-plaisir-est-pour-moi-copie.jpg 584w\" sizes=\"(max-width: 224px) 100vw, 224px\" \/><\/a><\/li>\n<li>une <a href=\"http:\/\/www.universcine.com\/articles\/isabelle-broue-on-doit-pouvoir-parler-du-plaisir\">interview<\/a> extraite du dossier de presse du film<\/li>\n<li><a href=\"http:\/\/lutineetcie.com\/lutinelefilm\/comedie\/realisatrice\/paris-deauville\/\">une <\/a><a href=\"http:\/\/lutineetcie.com\/lutinelefilm\/comedie\/realisatrice\/tout-le-plaisir-est-pour-moi\/revue-de-presse-de-tout-le-plaisir\/\">revue de presse<\/a> du film<\/li>\n<\/ul>\n<ul>\n<li>et le <a href=\"http:\/\/download.pro.arte.tv\/archives\/fichiers\/01778662.pdf\">dossier de presse<\/a> ainsi que des articles de presse pour mon t\u00e9l\u00e9film pour Arte, <a href=\"http:\/\/lutineetcie.com\/lutinelefilm\/comedie\/realisatrice\/paris-deauville\/\"><em>PARIS-DEAUVILLE<\/em><\/a><a title=\"Paris-Deauville\u00a0(2001)\" href=\"http:\/\/lutinelefilm.wordpress.com\/projet\/la-realisatrice\/paris-deauville\/\"><em>\u00a0<\/em><\/a>(2000), avec Alexandra London, <a href=\"http:\/\/lutineetcie.com\/lutinelefilm\/comedie\/casting\/\">Bruno Slagmulder<\/a>, Jean-Pierre Lorit, Catherine Ferran, Philippe Duclos, Mireille Perrier, Lucia Sanchez, Lise Payen, Anthony Palliotti, Caroline Brou\u00e9, St\u00e9phane Gaillard.<a href=\"http:\/\/lutineetcie.com\/lutinelefilm\/wp-content\/uploads\/2013\/05\/pdphotoinvitation.jpeg\"><img decoding=\"async\" loading=\"lazy\" class=\"size-full wp-image-1853 aligncenter\" src=\"http:\/\/lutineetcie.com\/lutinelefilm\/wp-content\/uploads\/2013\/05\/pdphotoinvitation.jpeg\" alt=\"pdphotoinvitation\" width=\"300\" height=\"202\" \/><\/a><\/li>\n<\/ul>\n","protected":false},"excerpt":{"rendered":"<p>Apr\u00e8s des \u00e9tudes \u00e0 l&rsquo;\u00e9cole de cin\u00e9ma, la FEMIS, dont je suis sortie dipl\u00f4m\u00e9e en sections R\u00e9alisation et Scripte en 1994, j&rsquo;ai travaill\u00e9 comme assistante et scripte sur des courts, moyens et longs m\u00e9trages, avant de me consacrer \u00e0 la &hellip; <a href=\"http:\/\/lutineetcie.com\/lutinelefilm\/comedie\/realisatrice\/\">Continuer la lecture <span class=\"meta-nav\">&rarr;<\/span><\/a><\/p>\n","protected":false},"author":1,"featured_media":0,"parent":1464,"menu_order":2,"comment_status":"closed","ping_status":"closed","template":"sidebar-page.php","meta":[],"_links":{"self":[{"href":"http:\/\/lutineetcie.com\/lutinelefilm\/wp-json\/wp\/v2\/pages\/70"}],"collection":[{"href":"http:\/\/lutineetcie.com\/lutinelefilm\/wp-json\/wp\/v2\/pages"}],"about":[{"href":"http:\/\/lutineetcie.com\/lutinelefilm\/wp-json\/wp\/v2\/types\/page"}],"author":[{"embeddable":true,"href":"http:\/\/lutineetcie.com\/lutinelefilm\/wp-json\/wp\/v2\/users\/1"}],"replies":[{"embeddable":true,"href":"http:\/\/lutineetcie.com\/lutinelefilm\/wp-json\/wp\/v2\/comments?post=70"}],"version-history":[{"count":25,"href":"http:\/\/lutineetcie.com\/lutinelefilm\/wp-json\/wp\/v2\/pages\/70\/revisions"}],"predecessor-version":[{"id":6222,"href":"http:\/\/lutineetcie.com\/lutinelefilm\/wp-json\/wp\/v2\/pages\/70\/revisions\/6222"}],"up":[{"embeddable":true,"href":"http:\/\/lutineetcie.com\/lutinelefilm\/wp-json\/wp\/v2\/pages\/1464"}],"wp:attachment":[{"href":"http:\/\/lutineetcie.com\/lutinelefilm\/wp-json\/wp\/v2\/media?parent=70"}],"curies":[{"name":"wp","href":"https:\/\/api.w.org\/{rel}","templated":true}]}}