{"id":847,"date":"2013-06-24T23:23:49","date_gmt":"2013-06-24T22:23:49","guid":{"rendered":"http:\/\/lutinelefilm.wordpress.com\/?page_id=847"},"modified":"2021-07-22T15:47:21","modified_gmt":"2021-07-22T14:47:21","slug":"tout-le-plaisir-est-pour-moi","status":"publish","type":"page","link":"http:\/\/lutineetcie.com\/lutinelefilm\/comedie\/realisatrice\/tout-le-plaisir-est-pour-moi\/","title":{"rendered":"Tout le plaisir est pour moi (2004)"},"content":{"rendered":"<div title=\"Page 1\">\n<p><strong>Com\u00e9die romantique et sexuelle <\/strong>sortie\u00a0au cin\u00e9ma le 18 ao\u00fbt 2004.\u00a0<strong><\/p>\n<p>L&rsquo;histoire :<br \/>\n<\/strong>Louise, la trentaine, est libre, fougueuse, heureuse, et tout va bien pour elle. Jusqu&rsquo;au jour o\u00f9, \u00e0 la veille de pr\u00e9senter son petit-ami \u00e0 ses parents, elle perd soudain&#8230; son\u00a0clitoris\u00a0! Elle se lance alors dans une folle qu\u00eate pour le retrouver&#8230;<strong><br \/>\n<\/strong><\/p>\n<p>Avec Marie Gillain, Julien Boisselier, Garance Clavel, Brigitte Ro\u00fcan, Tsilla Chelton, Lionel Abelanski, Fran\u00e7ois Marthouret, Idit Cebula, Laurent Bateau, Catherine Ferran, Philippe Duclos, Ari\u00e9 Elmaleh, James Campbell, Andr\u00e9e Damant, Fran\u00e7oise Bertin, Marie Mergey.<\/p>\n<p><iframe loading=\"lazy\" src=\"https:\/\/player.vimeo.com\/video\/167127131?app_id=122963\" width=\"584\" height=\"315\" frameborder=\"0\" allow=\"autoplay; fullscreen; picture-in-picture\" allowfullscreen title=\"TOUT LE PLAISIR EST POUR MOI_Bande-annonce\"><\/iframe><\/p>\n<p>A LIRE :<\/p>\n<ul>\n<li><a href=\"http:\/\/lutineetcie.com\/lutinelefilm\/wp-content\/uploads\/2013\/06\/DP.pdf\">Dossier de Presse<\/a><\/li>\n<li><a href=\"http:\/\/lutineetcie.com\/lutinelefilm\/comedie\/realisatrice\/tout-le-plaisir-est-pour-moi\/interview-du-dossier-de-presse\/\">Interview<\/a> extraite du dossier de presse du film<\/li>\n<li><a href=\"http:\/\/lutineetcie.com\/lutinelefilm\/comedie\/realisatrice\/tout-le-plaisir-est-pour-moi\/revue-de-presse\/\">Revue de presse<\/a><\/li>\n<li>Interview : <a href=\"http:\/\/lutineetcie.com\/lutinelefilm\/comedie\/realisatrice\/tout-le-plaisir-est-pour-moi\/osez-etre-qui-vous-etes\/\">Osez \u00eatre qui vous \u00eates !,<\/a> dans\u00a0<em>Marie-France<br \/>\n<\/em><\/li>\n<li><a href=\"http:\/\/lutineetcie.com\/lutinelefilm\/comedie\/realisatrice\/tout-le-plaisir-est-pour-moi\/afp-article-interview\/\">AFP : Critique + Interview<\/a><\/li>\n<li><a href=\"http:\/\/lutineetcie.com\/lutinelefilm\/comedie\/realisatrice\/tout-le-plaisir-est-pour-moi\/ecran-total-lecho-du-public\/\">\u00c9cran total<\/a> : l&rsquo;\u00e9cho du public et les taux de satisfaction<\/li>\n<li><em>Le Parisien<\/em> : <a href=\"http:\/\/lutineetcie.com\/lutinelefilm\/comedie\/realisatrice\/tout-le-plaisir-est-pour-moi\/le-parisien-un-acte-citoyen\/\">Un acte citoyen<\/a><\/li>\n<li><em>Le Parisien<\/em> : <a href=\"http:\/\/lutineetcie.com\/lutinelefilm\/comedie\/realisatrice\/tout-le-plaisir-est-pour-moi\/le-parisien-marie-gillain-sest-fait-plaisir\/\">Marie Gillain s&rsquo;est fait plaisir<br \/>\n<\/a><\/li>\n<li><em><a href=\"http:\/\/lutineetcie.com\/lutinelefilm\/comedie\/realisatrice\/tout-le-plaisir-est-pour-moi\/variety\/\">Variety<\/a><\/em><\/li>\n<li>Le <a href=\"http:\/\/lutineetcie.com\/lutinelefilm\/wp-content\/uploads\/2013\/06\/Sc\u00e9nario.pdf\">Sc\u00e9nario<\/a>\u00a0version tournage<\/li>\n<li><a href=\"http:\/\/lutineetcie.com\/lutinelefilm\/wp-content\/uploads\/2013\/06\/Sc\u00e8ne-finale-coup\u00e9e-au-montage.pdf\">Sc\u00e8ne finale coup\u00e9e au montage<\/a><\/li>\n<\/ul>\n<p>\u00c0 VOIR :\u00a0<em><br \/>\n<\/em><\/p>\n<ul>\n<li><a href=\"http:\/\/lutineetcie.com\/lutinelefilm\/comedie\/realisatrice\/tout-le-plaisir-est-pour-moi\/extraits\/\">Extraits<\/a><\/li>\n<li><a href=\"http:\/\/lutineetcie.com\/lutinelefilm\/comedie\/realisatrice\/tout-le-plaisir-est-pour-moi\/scenes-inedites\/\">Sc\u00e8nes in\u00e9dites<\/a> coup\u00e9es au montage<\/li>\n<\/ul>\n<p style=\"text-align: center;\"><a href=\"http:\/\/lutinelefilm.files.wordpress.com\/2013\/06\/tout-le-plaisir-est-pour-moi-copie.jpg\"><img decoding=\"async\" loading=\"lazy\" class=\"aligncenter wp-image-1468\" src=\"http:\/\/lutineetcie.com\/lutinelefilm\/wp-content\/uploads\/2013\/06\/tout-le-plaisir-est-pour-moi-copie.jpg\" alt=\"tout-le-plaisir-est-pour-moi - copie\" width=\"467\" height=\"622\" \/><\/a><\/p>\n<p>Long-m\u00e9trage (1h22) sorti en salles sur 130 copies en France le 18 ao\u00fbt 2004, vu par un peu plus de 200000 spectateurs.<br \/>\nSc\u00e9nario original, adapt\u00e9 avec H\u00e9l\u00e8ne Woillot.<br \/>\nCo-produit par Elz\u00e9vir Films, Fid\u00e9lit\u00e9, France 3 Cin\u00e9ma, StudioCanal, K2, Cin\u00e9cin\u00e9ma, Gimages, distribu\u00e9 par Mars Films.<\/p>\n<p><strong>Photos et <a href=\"http:\/\/lutineetcie.com\/lutinelefilm\/comedie\/realisatrice\/tout-le-plaisir-est-pour-moi\/extraits\/\">extraits<\/a> associ\u00e9s<\/strong>\u00a0:<\/p>\n<ul>\n<li>la s\u00e9quence du <a href=\"http:\/\/lutineetcie.com\/lutinelefilm\/comedie\/realisatrice\/tout-le-plaisir-est-pour-moi\/extraits\/le-sex-shop\/\">sex-shop<\/a>, avec Marie Gillain, Garance Clavel et Ari\u00e9 Elmaleh (cliquez sur le lien pour voir l&rsquo;extrait vid\u00e9o) ;<a href=\"http:\/\/lutinelefilm.files.wordpress.com\/2013\/06\/15-copie.jpg\"><img decoding=\"async\" loading=\"lazy\" class=\"aligncenter size-large wp-image-1484\" src=\"http:\/\/lutineetcie.com\/lutinelefilm\/wp-content\/uploads\/2013\/06\/15-copie.jpg\" alt=\"15 - copie\" width=\"584\" height=\"389\" \/><\/a><a href=\"http:\/\/lutinelefilm.files.wordpress.com\/2013\/06\/05.jpg\"><img decoding=\"async\" loading=\"lazy\" class=\"aligncenter size-large wp-image-1473\" src=\"http:\/\/lutineetcie.com\/lutinelefilm\/wp-content\/uploads\/2013\/06\/05.jpg\" alt=\"05\" width=\"584\" height=\"386\" \/><\/a><\/li>\n<li>la s\u00e9quence dite de <a href=\"http:\/\/www.allocine.fr\/video\/player_gen_cmedia=18366685&amp;cfilm=53393.html\">l&rsquo;abeille-suceuse<\/a>, avec Marie Gillain, Garance Clavel et Laurent Bateau ;\u00a0<a href=\"http:\/\/lutinelefilm.files.wordpress.com\/2013\/06\/30.jpg\"><br \/>\n<\/a><a href=\"http:\/\/lutinelefilm.files.wordpress.com\/2013\/06\/30.jpg\"><img decoding=\"async\" loading=\"lazy\" class=\"aligncenter size-large wp-image-1474\" src=\"http:\/\/lutineetcie.com\/lutinelefilm\/wp-content\/uploads\/2013\/06\/30.jpg\" alt=\"30\" width=\"584\" height=\"386\" \/><\/a><\/li>\n<li>la s\u00e9quence dite de la prostitution conjugale, avec Marie Gillain et Brigitte Rou\u00e4n<br \/>\n<div class=\"su-youtube su-u-responsive-media-no\"><iframe width=\"600\" height=\"400\" src=\"https:\/\/www.youtube.com\/embed\/l_SUupRpOLA?\" frameborder=\"0\" allowfullscreen allow=\"autoplay; encrypted-media; picture-in-picture\" title=\"\"><\/iframe><\/div><\/li>\n<li><a href=\"http:\/\/lutinelefilm.files.wordpress.com\/2013\/06\/33.jpg\"><img decoding=\"async\" loading=\"lazy\" class=\"aligncenter size-large wp-image-1475\" src=\"http:\/\/lutineetcie.com\/lutinelefilm\/wp-content\/uploads\/2013\/06\/33.jpg\" alt=\"33\" width=\"584\" height=\"376\" \/><\/a><\/li>\n<li>la s\u00e9quence du <a href=\"http:\/\/www.allocine.fr\/video\/player_gen_cmedia=18366688&amp;cfilm=53393.html\">salon de th\u00e9<\/a>, avec Marie Gillain, Tsilla Chelton, Fran\u00e7oise Bertin, Andr\u00e9e Damant, Marie Mergey et en cameo : Laurent Lederer ;<br \/>\n<div class=\"su-vimeo su-u-responsive-media-yes\"><iframe width=\"600\" height=\"400\" src=\"\/\/player.vimeo.com\/video\/172430829?title=0&amp;byline=0&amp;portrait=0&amp;color=ffffff&amp;autoplay=0&amp;dnt=0&amp;muted=0&amp;texttrack=\" frameborder=\"0\" allow=\"autoplay; fullscreen\" allowfullscreen title=\"\"><\/iframe><\/div><a href=\"http:\/\/lutinelefilm.files.wordpress.com\/2013\/06\/01.jpg\"><img decoding=\"async\" loading=\"lazy\" class=\"aligncenter size-large wp-image-1476\" src=\"http:\/\/lutineetcie.com\/lutinelefilm\/wp-content\/uploads\/2013\/06\/01.jpg\" alt=\"01\" width=\"584\" height=\"382\" \/><\/a> <a href=\"http:\/\/lutinelefilm.files.wordpress.com\/2013\/06\/02.jpg\"><img decoding=\"async\" loading=\"lazy\" class=\"aligncenter size-large wp-image-1477\" src=\"http:\/\/lutineetcie.com\/lutinelefilm\/wp-content\/uploads\/2013\/06\/02.jpg\" alt=\"02\" width=\"584\" height=\"381\" \/><\/a><\/li>\n<li><a href=\"http:\/\/lutineetcie.com\/lutinelefilm\/wp-content\/uploads\/2014\/10\/23.jpg\"><img decoding=\"async\" loading=\"lazy\" class=\"aligncenter size-large wp-image-1770\" src=\"http:\/\/lutineetcie.com\/lutinelefilm\/wp-content\/uploads\/2014\/10\/31.jpg?w=584\" alt=\"31\" width=\"584\" height=\"387\" srcset=\"http:\/\/lutineetcie.com\/lutinelefilm\/wp-content\/uploads\/2014\/10\/31.jpg 2249w, http:\/\/lutineetcie.com\/lutinelefilm\/wp-content\/uploads\/2014\/10\/31-300x198.jpg 300w, http:\/\/lutineetcie.com\/lutinelefilm\/wp-content\/uploads\/2014\/10\/31-1024x678.jpg 1024w\" sizes=\"(max-width: 584px) 100vw, 584px\" \/><img decoding=\"async\" loading=\"lazy\" class=\"aligncenter size-large wp-image-1772\" src=\"http:\/\/lutineetcie.com\/lutinelefilm\/wp-content\/uploads\/2014\/10\/45.jpg?w=584\" alt=\"45\" width=\"584\" height=\"387\" srcset=\"http:\/\/lutineetcie.com\/lutinelefilm\/wp-content\/uploads\/2014\/10\/45.jpg 2252w, http:\/\/lutineetcie.com\/lutinelefilm\/wp-content\/uploads\/2014\/10\/45-300x199.jpg 300w, http:\/\/lutineetcie.com\/lutinelefilm\/wp-content\/uploads\/2014\/10\/45-1024x679.jpg 1024w\" sizes=\"(max-width: 584px) 100vw, 584px\" \/><img decoding=\"async\" loading=\"lazy\" class=\"aligncenter size-large wp-image-1773\" src=\"http:\/\/lutineetcie.com\/lutinelefilm\/wp-content\/uploads\/2014\/10\/23.jpg?w=584\" alt=\"23\" width=\"584\" height=\"387\" srcset=\"http:\/\/lutineetcie.com\/lutinelefilm\/wp-content\/uploads\/2014\/10\/23.jpg 2238w, http:\/\/lutineetcie.com\/lutinelefilm\/wp-content\/uploads\/2014\/10\/23-300x199.jpg 300w, http:\/\/lutineetcie.com\/lutinelefilm\/wp-content\/uploads\/2014\/10\/23-1024x679.jpg 1024w\" sizes=\"(max-width: 584px) 100vw, 584px\" \/><\/a>la s\u00e9quence dite des\u00a0<a href=\"http:\/\/www.allocine.fr\/video\/player_gen_cmedia=18366687&amp;cfilm=53393.html\">bonobos et de la rupture<\/a>, avec Marie Gillain, Lionel Abelanski et Julien Boisselier ;\u00a0<div class=\"su-vimeo su-u-responsive-media-yes\"><iframe width=\"600\" height=\"400\" src=\"\/\/player.vimeo.com\/video\/191206062?title=0&amp;byline=0&amp;portrait=0&amp;color=ffffff&amp;autoplay=0&amp;dnt=0&amp;muted=0&amp;texttrack=\" frameborder=\"0\" allow=\"autoplay; fullscreen\" allowfullscreen title=\"\"><\/iframe><\/div>\n<a href=\"http:\/\/lutinelefilm.files.wordpress.com\/2013\/06\/tout-le-plaisir-2.jpg\"><img decoding=\"async\" loading=\"lazy\" class=\"aligncenter size-large wp-image-1478\" src=\"http:\/\/lutineetcie.com\/lutinelefilm\/wp-content\/uploads\/2013\/06\/tout-le-plaisir-2.jpg\" alt=\"tout-le-plaisir-2\" width=\"584\" height=\"408\" \/><\/a><\/li>\n<\/ul>\n<p>Et pour le plaisir, d&rsquo;autres photos du film :\u00a0<a href=\"http:\/\/lutinelefilm.files.wordpress.com\/2013\/06\/08.jpg\"><img decoding=\"async\" loading=\"lazy\" class=\"aligncenter size-large wp-image-1471\" src=\"http:\/\/lutineetcie.com\/lutinelefilm\/wp-content\/uploads\/2013\/06\/08.jpg\" alt=\"08\" width=\"584\" height=\"386\" \/><\/a><\/p>\n<p>Marie Gillain, Lionel Abelanski et Zakariya Gouram, dans une s\u00e9quence coup\u00e9e au montage&#8230;<a href=\"http:\/\/lutinelefilm.files.wordpress.com\/2013\/06\/261.jpg\"><img decoding=\"async\" loading=\"lazy\" class=\"aligncenter size-large wp-image-1480\" src=\"http:\/\/lutineetcie.com\/lutinelefilm\/wp-content\/uploads\/2013\/06\/261.jpg\" alt=\"26\" width=\"584\" height=\"383\" \/><\/a>Marie Gillain et Patrick Catalifo<a href=\"http:\/\/lutinelefilm.files.wordpress.com\/2013\/06\/29.jpg\"><br \/>\n<div class=\"su-vimeo su-u-responsive-media-yes\"><iframe width=\"600\" height=\"400\" src=\"\/\/player.vimeo.com\/video\/191198946?title=0&amp;byline=0&amp;portrait=0&amp;color=ffffff&amp;autoplay=0&amp;dnt=0&amp;muted=0&amp;texttrack=\" frameborder=\"0\" allow=\"autoplay; fullscreen\" allowfullscreen title=\"\"><\/iframe><\/div>\n<img decoding=\"async\" loading=\"lazy\" class=\"aligncenter size-large wp-image-1482\" src=\"http:\/\/lutineetcie.com\/lutinelefilm\/wp-content\/uploads\/2013\/06\/29.jpg\" alt=\"29\" width=\"584\" height=\"379\" \/><\/a><\/p>\n<p>Catherine Ferran en gyn\u00e9co&#8230;<\/p>\n<p><a href=\"http:\/\/lutinelefilm.files.wordpress.com\/2013\/06\/28.jpg\"><img decoding=\"async\" loading=\"lazy\" class=\"aligncenter size-large wp-image-1481\" src=\"http:\/\/lutineetcie.com\/lutinelefilm\/wp-content\/uploads\/2013\/06\/28.jpg\" alt=\"28\" width=\"584\" height=\"376\" \/><\/a><\/p>\n<p>et Philippe Duclos en sexologue aficionado du cunnilingus&#8230;<\/p>\n<p><a href=\"http:\/\/lutinelefilm.files.wordpress.com\/2013\/06\/44.jpg\"><img decoding=\"async\" loading=\"lazy\" class=\"aligncenter size-large wp-image-1483\" src=\"http:\/\/lutineetcie.com\/lutinelefilm\/wp-content\/uploads\/2013\/06\/44.jpg\" alt=\"44\" width=\"584\" height=\"386\" \/><\/a><\/p>\n<p>Fran\u00e7ois Marthouret et Marie Gillain.<\/p>\n<p><a href=\"http:\/\/lutinelefilm.files.wordpress.com\/2013\/06\/06.jpg\"><img decoding=\"async\" loading=\"lazy\" class=\"aligncenter size-large wp-image-1488\" src=\"http:\/\/lutineetcie.com\/lutinelefilm\/wp-content\/uploads\/2013\/06\/06.jpg\" alt=\"06\" width=\"584\" height=\"386\" \/><\/a><\/p>\n<p>Idit Cebula dans le r\u00f4le de Judith, la chef de Louise \/ Marie Gillain, \u00e0 la radio.<\/p>\n<p><a href=\"http:\/\/lutinelefilm.files.wordpress.com\/2013\/06\/27.jpg\"><img decoding=\"async\" loading=\"lazy\" class=\"aligncenter size-large wp-image-1489\" src=\"http:\/\/lutineetcie.com\/lutinelefilm\/wp-content\/uploads\/2013\/06\/27.jpg\" alt=\"27\" width=\"584\" height=\"385\" \/><\/a>Agathe Tessier, dans le r\u00f4le de la meilleure amie.<\/p>\n<p><a href=\"http:\/\/lutinelefilm.files.wordpress.com\/2013\/06\/54.jpg\"><img decoding=\"async\" loading=\"lazy\" class=\"aligncenter size-large wp-image-1490\" src=\"http:\/\/lutineetcie.com\/lutinelefilm\/wp-content\/uploads\/2013\/06\/54.jpg\" alt=\"54\" width=\"584\" height=\"378\" \/><\/a>Pour la premi\u00e8re fois \u00e0 l&rsquo;\u00e9cran, la si jolie et si adorable Vera Land\u00e8s sur le man\u00e8ge de Bercy (plus de 10 ans apr\u00e8s, l&rsquo;affiche du film est toujours dans la cabine du patron&#8230;).<\/p>\n<p><a href=\"http:\/\/lutineetcie.com\/lutinelefilm\/wp-content\/uploads\/2014\/10\/17.jpg\"><img decoding=\"async\" loading=\"lazy\" class=\"aligncenter size-large wp-image-1775\" src=\"http:\/\/lutineetcie.com\/lutinelefilm\/wp-content\/uploads\/2014\/10\/17.jpg?w=584\" alt=\"17\" width=\"584\" height=\"384\" srcset=\"http:\/\/lutineetcie.com\/lutinelefilm\/wp-content\/uploads\/2014\/10\/17.jpg 2239w, http:\/\/lutineetcie.com\/lutinelefilm\/wp-content\/uploads\/2014\/10\/17-300x197.jpg 300w, http:\/\/lutineetcie.com\/lutinelefilm\/wp-content\/uploads\/2014\/10\/17-1024x675.jpg 1024w\" sizes=\"(max-width: 584px) 100vw, 584px\" \/><\/a><br \/>\n<a href=\"http:\/\/lutineetcie.com\/lutinelefilm\/wp-content\/uploads\/2014\/10\/03.jpg\"><img decoding=\"async\" loading=\"lazy\" class=\"aligncenter size-large wp-image-1776\" src=\"http:\/\/lutineetcie.com\/lutinelefilm\/wp-content\/uploads\/2014\/10\/03.jpg?w=584\" alt=\"03\" width=\"584\" height=\"384\" srcset=\"http:\/\/lutineetcie.com\/lutinelefilm\/wp-content\/uploads\/2014\/10\/03.jpg 2252w, http:\/\/lutineetcie.com\/lutinelefilm\/wp-content\/uploads\/2014\/10\/03-300x197.jpg 300w, http:\/\/lutineetcie.com\/lutinelefilm\/wp-content\/uploads\/2014\/10\/03-1024x674.jpg 1024w\" sizes=\"(max-width: 584px) 100vw, 584px\" \/><\/a> <a href=\"http:\/\/lutineetcie.com\/lutinelefilm\/wp-content\/uploads\/2014\/10\/59.jpg\"><img decoding=\"async\" loading=\"lazy\" class=\"aligncenter size-large wp-image-1777\" src=\"http:\/\/lutineetcie.com\/lutinelefilm\/wp-content\/uploads\/2014\/10\/59.jpg?w=584\" alt=\"59\" width=\"584\" height=\"378\" srcset=\"http:\/\/lutineetcie.com\/lutinelefilm\/wp-content\/uploads\/2014\/10\/59.jpg 2227w, http:\/\/lutineetcie.com\/lutinelefilm\/wp-content\/uploads\/2014\/10\/59-300x194.jpg 300w, http:\/\/lutineetcie.com\/lutinelefilm\/wp-content\/uploads\/2014\/10\/59-1024x663.jpg 1024w\" sizes=\"(max-width: 584px) 100vw, 584px\" \/><\/a> <a href=\"http:\/\/lutineetcie.com\/lutinelefilm\/wp-content\/uploads\/2014\/10\/49.jpg\"><img decoding=\"async\" loading=\"lazy\" class=\"aligncenter size-large wp-image-1778\" src=\"http:\/\/lutineetcie.com\/lutinelefilm\/wp-content\/uploads\/2014\/10\/49.jpg?w=584\" alt=\"49\" width=\"584\" height=\"386\" srcset=\"http:\/\/lutineetcie.com\/lutinelefilm\/wp-content\/uploads\/2014\/10\/49.jpg 2243w, http:\/\/lutineetcie.com\/lutinelefilm\/wp-content\/uploads\/2014\/10\/49-300x198.jpg 300w, http:\/\/lutineetcie.com\/lutinelefilm\/wp-content\/uploads\/2014\/10\/49-1024x678.jpg 1024w\" sizes=\"(max-width: 584px) 100vw, 584px\" \/><\/a> <a href=\"http:\/\/lutineetcie.com\/lutinelefilm\/wp-content\/uploads\/2014\/10\/62.jpg\"><img decoding=\"async\" loading=\"lazy\" class=\"aligncenter size-large wp-image-1779\" src=\"http:\/\/lutineetcie.com\/lutinelefilm\/wp-content\/uploads\/2014\/10\/62.jpg?w=584\" alt=\"62\" width=\"584\" height=\"874\" srcset=\"http:\/\/lutineetcie.com\/lutinelefilm\/wp-content\/uploads\/2014\/10\/62.jpg 1492w, http:\/\/lutineetcie.com\/lutinelefilm\/wp-content\/uploads\/2014\/10\/62-200x300.jpg 200w\" sizes=\"(max-width: 584px) 100vw, 584px\" \/><\/a><\/p>\n<p>&nbsp;<\/p>\n<\/div>\n","protected":false},"excerpt":{"rendered":"<p>Com\u00e9die romantique et sexuelle sortie\u00a0au cin\u00e9ma le 18 ao\u00fbt 2004.\u00a0 L&rsquo;histoire : Louise, la trentaine, est libre, fougueuse, heureuse, et tout va bien pour elle. Jusqu&rsquo;au jour o\u00f9, \u00e0 la veille de pr\u00e9senter son petit-ami \u00e0 ses parents, elle perd &hellip; <a href=\"http:\/\/lutineetcie.com\/lutinelefilm\/comedie\/realisatrice\/tout-le-plaisir-est-pour-moi\/\">Continuer la lecture <span class=\"meta-nav\">&rarr;<\/span><\/a><\/p>\n","protected":false},"author":1,"featured_media":0,"parent":70,"menu_order":2,"comment_status":"closed","ping_status":"closed","template":"sidebar-page.php","meta":[],"_links":{"self":[{"href":"http:\/\/lutineetcie.com\/lutinelefilm\/wp-json\/wp\/v2\/pages\/847"}],"collection":[{"href":"http:\/\/lutineetcie.com\/lutinelefilm\/wp-json\/wp\/v2\/pages"}],"about":[{"href":"http:\/\/lutineetcie.com\/lutinelefilm\/wp-json\/wp\/v2\/types\/page"}],"author":[{"embeddable":true,"href":"http:\/\/lutineetcie.com\/lutinelefilm\/wp-json\/wp\/v2\/users\/1"}],"replies":[{"embeddable":true,"href":"http:\/\/lutineetcie.com\/lutinelefilm\/wp-json\/wp\/v2\/comments?post=847"}],"version-history":[{"count":34,"href":"http:\/\/lutineetcie.com\/lutinelefilm\/wp-json\/wp\/v2\/pages\/847\/revisions"}],"predecessor-version":[{"id":6175,"href":"http:\/\/lutineetcie.com\/lutinelefilm\/wp-json\/wp\/v2\/pages\/847\/revisions\/6175"}],"up":[{"embeddable":true,"href":"http:\/\/lutineetcie.com\/lutinelefilm\/wp-json\/wp\/v2\/pages\/70"}],"wp:attachment":[{"href":"http:\/\/lutineetcie.com\/lutinelefilm\/wp-json\/wp\/v2\/media?parent=847"}],"curies":[{"name":"wp","href":"https:\/\/api.w.org\/{rel}","templated":true}]}}