{"id":853,"date":"2013-06-24T23:53:54","date_gmt":"2013-06-24T22:53:54","guid":{"rendered":"http:\/\/lutinelefilm.wordpress.com\/?page_id=853"},"modified":"2016-04-05T18:38:10","modified_gmt":"2016-04-05T17:38:10","slug":"paris-deauville","status":"publish","type":"page","link":"http:\/\/lutineetcie.com\/lutinelefilm\/comedie\/realisatrice\/paris-deauville\/","title":{"rendered":"Paris-Deauville (2001)"},"content":{"rendered":"<p><strong>Un dimanche comme les autres pour Claire\u00a0: d\u00e9jeuner familial et dispute avec son mari. Dans la voiture, il s\u2019emporte, elle se tait. Il descend, juste un instant. Claire reste seule. La voiture red\u00e9marre. Au volant, un inconnu arm\u00e9 d\u2019un couteau\u2026<\/strong><\/p>\n<p>T\u00e9l\u00e9film pour Arte France (2001).<br \/>\nAdapt\u00e9 avec Virginie Boda, d\u2019apr\u00e8s un sc\u00e9nario original de Virginie Boda.<\/p>\n<p>Avec Alexandra London, Jean-Pierre Lorit, <a href=\"http:\/\/lutineetcie.com\/lutinelefilm\/projet\/le-casting\/\">Bruno Slagmulder<\/a>, Catherine Ferran, Florence Loiret, Philippe Duclos, Jean-Baptiste Montagut, Mireille Perrier, Andr\u00e9e Tainsy, Lucia Sanchez, Lise Payen, Jean-Pierre Becker, Nicolas Simon.<\/p>\n<p>Musique :\u00a0Philippe Rombi.<br \/>\nProduit par Nicole Flipo pour T\u00e9l\u00e9 Images, 90 mn.<br \/>\nDiffus\u00e9 sur Arte le 27 avril 2001, le 30 ao\u00fbt 2002, en sept. 2005, et sur TV5 Europe.<\/p>\n<p>T\u00e9l\u00e9charger le <a href=\"http:\/\/download.pro.arte.tv\/archives\/fichiers\/01778662.pdf\">dossier de presse<\/a>.<\/p>\n<p><b>Lauriers du S\u00e9nat de la Meilleure Premi\u00e8re \u0152uvre de Fiction<\/b><\/p>\n<p><a href=\"http:\/\/lutinelefilm.files.wordpress.com\/2013\/05\/pdphotoinvitation.jpeg\"><img decoding=\"async\" loading=\"lazy\" class=\"aligncenter size-large wp-image-619\" src=\"http:\/\/lutineetcie.com\/lutinelefilm\/wp-content\/uploads\/2013\/06\/pdphotoinvitation1.jpeg\" alt=\"PDPhotoInvitation\" width=\"584\" height=\"393\" \/><\/a><\/p>\n<p><strong>ARTICLES DE PRESSE :<br \/>\n<\/strong>Le Monde du 27 avril 2001 :<\/p>\n<p><a href=\"http:\/\/lutineetcie.com\/lutinelefilm\/wp-content\/uploads\/2013\/06\/pd-le-monde.png\"><img decoding=\"async\" loading=\"lazy\" class=\"aligncenter size-full wp-image-1458\" src=\"http:\/\/lutineetcie.com\/lutinelefilm\/wp-content\/uploads\/2013\/06\/pd-le-monde.png\" alt=\"PD-Le Monde\" width=\"280\" height=\"471\" \/><\/a><\/p>\n<p>Lib\u00e9 du 27 avril 2001 :\u00a0<img decoding=\"async\" loading=\"lazy\" class=\"aligncenter size-large wp-image-1455\" src=\"http:\/\/lutineetcie.com\/lutinelefilm\/wp-content\/uploads\/2013\/06\/paris-deauville-libc3a9ration-copie.png\" alt=\"Paris-Deauville-Lib\u00e9ration copie\" width=\"584\" height=\"494\" \/><a href=\"http:\/\/lutinelefilm.files.wordpress.com\/2013\/06\/pdclairevoiture.jpeg\"><img decoding=\"async\" loading=\"lazy\" class=\"aligncenter size-large wp-image-1461\" src=\"http:\/\/lutineetcie.com\/lutinelefilm\/wp-content\/uploads\/2013\/06\/pdclairevoiture.jpeg\" alt=\"PDClairevoiture\" width=\"584\" height=\"390\" \/><\/a><\/p>\n<p><a href=\"http:\/\/lutinelefilm.files.wordpress.com\/2013\/06\/pdclairechristvoiture.jpeg\"><img decoding=\"async\" loading=\"lazy\" class=\"aligncenter size-large wp-image-1465\" src=\"http:\/\/lutineetcie.com\/lutinelefilm\/wp-content\/uploads\/2013\/06\/pdclairechristvoiture.jpeg\" alt=\"Paris Deauville Alexandra London (Claire) et Jean-Pierre Lorit (Christophe)\" width=\"584\" height=\"410\" \/><\/a><\/p>\n<p><a href=\"http:\/\/lutinelefilm.files.wordpress.com\/2013\/06\/pdbeamonique.jpeg\"><img decoding=\"async\" loading=\"lazy\" class=\"aligncenter size-large wp-image-1463\" src=\"http:\/\/lutineetcie.com\/lutinelefilm\/wp-content\/uploads\/2013\/06\/pdbeamonique.jpeg\" alt=\"PDBeaMonique\" width=\"584\" height=\"393\" \/><\/a><a href=\"http:\/\/lutinelefilm.files.wordpress.com\/2013\/06\/pdclairecabine.jpeg\"><img decoding=\"async\" loading=\"lazy\" class=\"aligncenter size-large wp-image-1462\" src=\"http:\/\/lutineetcie.com\/lutinelefilm\/wp-content\/uploads\/2013\/06\/pdclairecabine.jpeg\" alt=\"PDClairecabine\" width=\"584\" height=\"390\" \/><\/a><\/p>\n","protected":false},"excerpt":{"rendered":"<p>Un dimanche comme les autres pour Claire\u00a0: d\u00e9jeuner familial et dispute avec son mari. Dans la voiture, il s\u2019emporte, elle se tait. Il descend, juste un instant. Claire reste seule. La voiture red\u00e9marre. Au volant, un inconnu arm\u00e9 d\u2019un couteau\u2026 &hellip; <a href=\"http:\/\/lutineetcie.com\/lutinelefilm\/comedie\/realisatrice\/paris-deauville\/\">Continuer la lecture <span class=\"meta-nav\">&rarr;<\/span><\/a><\/p>\n","protected":false},"author":1,"featured_media":0,"parent":70,"menu_order":3,"comment_status":"closed","ping_status":"closed","template":"sidebar-page.php","meta":[],"_links":{"self":[{"href":"http:\/\/lutineetcie.com\/lutinelefilm\/wp-json\/wp\/v2\/pages\/853"}],"collection":[{"href":"http:\/\/lutineetcie.com\/lutinelefilm\/wp-json\/wp\/v2\/pages"}],"about":[{"href":"http:\/\/lutineetcie.com\/lutinelefilm\/wp-json\/wp\/v2\/types\/page"}],"author":[{"embeddable":true,"href":"http:\/\/lutineetcie.com\/lutinelefilm\/wp-json\/wp\/v2\/users\/1"}],"replies":[{"embeddable":true,"href":"http:\/\/lutineetcie.com\/lutinelefilm\/wp-json\/wp\/v2\/comments?post=853"}],"version-history":[{"count":5,"href":"http:\/\/lutineetcie.com\/lutinelefilm\/wp-json\/wp\/v2\/pages\/853\/revisions"}],"predecessor-version":[{"id":3131,"href":"http:\/\/lutineetcie.com\/lutinelefilm\/wp-json\/wp\/v2\/pages\/853\/revisions\/3131"}],"up":[{"embeddable":true,"href":"http:\/\/lutineetcie.com\/lutinelefilm\/wp-json\/wp\/v2\/pages\/70"}],"wp:attachment":[{"href":"http:\/\/lutineetcie.com\/lutinelefilm\/wp-json\/wp\/v2\/media?parent=853"}],"curies":[{"name":"wp","href":"https:\/\/api.w.org\/{rel}","templated":true}]}}