{"id":861,"date":"2013-06-25T00:14:52","date_gmt":"2013-06-24T23:14:52","guid":{"rendered":"http:\/\/lutinelefilm.wordpress.com\/?page_id=861"},"modified":"2018-12-07T18:38:28","modified_gmt":"2018-12-07T17:38:28","slug":"a-corps-perdu","status":"publish","type":"page","link":"http:\/\/lutineetcie.com\/lutinelefilm\/comedie\/realisatrice\/a-corps-perdu\/","title":{"rendered":"A corps perdu \/ Boundless (2000)"},"content":{"rendered":"<p><strong>Une jeune femme, victime d\u2019une agression, <\/strong><br \/>\n<strong> est tenaill\u00e9e entre le repli sur soi et l\u2019ouverture au monde.<br \/>\n***<br \/>\n<\/strong><strong>After being attacked, a young woman is torn between closing herself off to the world around her, or going out in search of it.<\/strong><\/p>\n<p>Avec\/With: <a href=\"http:\/\/www.agencesophielemaitre.com\/artiste.cfm\/19335-marie-payen.html\">Marie Payen<\/a>, Regraguia Benhila, <a href=\"http:\/\/lutineetcie.com\/lutinelefilm\/projet\/le-casting\/\">Bruno Slagmulder<\/a>, Zakariya Gouram, Jean-Michel F\u00eate, Lucia Sanchez, Fred Cacheux, Jean-Michel Portal.<\/p>\n<p>Sc\u00e9nario original, adapt\u00e9 avec la collaboration de Samantha Mazeras.<br \/>\nI wrote the original screenplay and adapted it with the collaboration of Samantha Mazeras.<\/p>\n<p>Musique\/Music:\u00a0<a href=\"http:\/\/www.clown-enfant.com\/leclown\/rombi.htm\">Philippe Rombi<\/a><br \/>\nDur\u00e9e\/Length: 27 mn<br \/>\nProduction: Fid\u00e9lit\u00e9 Productions<\/p>\n<p>S\u00e9lectionn\u00e9 en 2000 \u00e0 Cannes \u00e0 la <b>Quinzaine des R\u00e9alisateurs<\/b>, au Festival C\u00f4t\u00e9 Court de Pantin, au Festival en plein air de Grenoble, \u00e0 Lorquin, Saint-Paul les Trois Ch\u00e2teaux, Aigues-Mortes, Metz, Vend\u00f4me, Belfort, \u00e0 Telluride (USA), Dakino, Angers (HC), Mamers, Tours, Bruxelles. Grand Prix \u00e0 Aigues-Mortes.<\/p>\n<p>This film was selected at the Directors&rsquo; Fortnight at the Cannes Film Festival in 2000 (among others).<\/p>\n<p><b>Prix d\u2019interpr\u00e9tation<\/b> pour Marie Payen \u00e0 Vend\u00f4me.<br \/>\nS\u00e9lectionn\u00e9 pour les <b>Lutins du court-m\u00e9trage<\/b> 2001.<br \/>\nDiffus\u00e9 sur <b>France 2<\/b> dans \u00ab\u00a0Histoires courtes\u00a0\u00bb en avril 2001.<\/p>\n<div class=\"su-vimeo su-u-responsive-media-yes\"><iframe width=\"600\" height=\"400\" src=\"\/\/player.vimeo.com\/video\/171747007?title=0&amp;byline=0&amp;portrait=0&amp;color=ffffff&amp;autoplay=0&amp;dnt=0&amp;muted=0&amp;texttrack=\" frameborder=\"0\" allow=\"autoplay; fullscreen\" allowfullscreen title=\"\"><\/iframe><\/div>\n<p style=\"text-align: center;\"><a href=\"http:\/\/lutinelefilm.files.wordpress.com\/2013\/06\/acptelerama1.jpeg\"><img decoding=\"async\" loading=\"lazy\" class=\"aligncenter size-large wp-image-1447\" src=\"http:\/\/lutineetcie.com\/lutinelefilm\/wp-content\/uploads\/2013\/06\/acptelerama1.jpeg\" alt=\"ACPTelerama\" width=\"584\" height=\"239\" \/><\/a><\/p>\n","protected":false},"excerpt":{"rendered":"<p>Une jeune femme, victime d\u2019une agression, est tenaill\u00e9e entre le repli sur soi et l\u2019ouverture au monde. *** After being attacked, a young woman is torn between closing herself off to the world around her, or going out in search &hellip; <a href=\"http:\/\/lutineetcie.com\/lutinelefilm\/comedie\/realisatrice\/a-corps-perdu\/\">Continuer la lecture <span class=\"meta-nav\">&rarr;<\/span><\/a><\/p>\n","protected":false},"author":1,"featured_media":0,"parent":70,"menu_order":4,"comment_status":"closed","ping_status":"closed","template":"sidebar-page.php","meta":[],"_links":{"self":[{"href":"http:\/\/lutineetcie.com\/lutinelefilm\/wp-json\/wp\/v2\/pages\/861"}],"collection":[{"href":"http:\/\/lutineetcie.com\/lutinelefilm\/wp-json\/wp\/v2\/pages"}],"about":[{"href":"http:\/\/lutineetcie.com\/lutinelefilm\/wp-json\/wp\/v2\/types\/page"}],"author":[{"embeddable":true,"href":"http:\/\/lutineetcie.com\/lutinelefilm\/wp-json\/wp\/v2\/users\/1"}],"replies":[{"embeddable":true,"href":"http:\/\/lutineetcie.com\/lutinelefilm\/wp-json\/wp\/v2\/comments?post=861"}],"version-history":[{"count":10,"href":"http:\/\/lutineetcie.com\/lutinelefilm\/wp-json\/wp\/v2\/pages\/861\/revisions"}],"predecessor-version":[{"id":3806,"href":"http:\/\/lutineetcie.com\/lutinelefilm\/wp-json\/wp\/v2\/pages\/861\/revisions\/3806"}],"up":[{"embeddable":true,"href":"http:\/\/lutineetcie.com\/lutinelefilm\/wp-json\/wp\/v2\/pages\/70"}],"wp:attachment":[{"href":"http:\/\/lutineetcie.com\/lutinelefilm\/wp-json\/wp\/v2\/media?parent=861"}],"curies":[{"name":"wp","href":"https:\/\/api.w.org\/{rel}","templated":true}]}}