{"id":870,"date":"2013-06-25T00:25:59","date_gmt":"2013-06-24T23:25:59","guid":{"rendered":"http:\/\/lutinelefilm.wordpress.com\/?page_id=870"},"modified":"2016-11-12T18:02:48","modified_gmt":"2016-11-12T17:02:48","slug":"les-jours-bleus-1998","status":"publish","type":"page","link":"http:\/\/lutineetcie.com\/lutinelefilm\/comedie\/realisatrice\/les-jours-bleus-1998\/","title":{"rendered":"Les Jours bleus (1998)"},"content":{"rendered":"<p><strong>Lors d\u2019un week-end entre amis, se croyant peut-\u00eatre enceinte, une jeune femme se trouve petit \u00e0 petit confront\u00e9e \u00e0 elle-m\u00eame et oblig\u00e9e de remettre en cause les certitudes de sa vie de couple.<\/strong><\/p>\n<p>Avec <a href=\"http:\/\/www.agence-adequat.com\/fiche.cfm\/115-1_147993_camille_japy.html\">Camille Japy<\/a>, Pierre Baux, Jeanne Savary, Jean-Michel F\u00eate.<br \/>\n25 mn, produit par Fid\u00e9lit\u00e9 Productions. Sc\u00e9nario original.<\/p>\n<p>S\u00e9lectionn\u00e9 aux festivals de Pantin, Grenoble, Gen\u00e8ve, Brest, Luchon, Mamers, Larissa, Paris<\/p>\n<p><b>Prix d\u2019interpr\u00e9tation<\/b> f\u00e9minine pour Camille Japy au festival de Pantin &#8211; C\u00f4t\u00e9 Court 1998<br \/>\nS\u00e9lectionn\u00e9 pour les <b>Lutins du court-m\u00e9trage<\/b> 1999.<br \/>\nDans le programme \u201c\u00a0Viens voir les com\u00e9diens\u00a0\u201d de l\u2019Agence du court-m\u00e9trage.<br \/>\nDiffus\u00e9 par <b>Arte<\/b> dans \u201c\u00a0Courts-circuits\u00a0\u201d en janvier 1999 et avril 2000.<\/p>\n<div class=\"su-vimeo su-u-responsive-media-yes\"><iframe width=\"600\" height=\"400\" src=\"\/\/player.vimeo.com\/video\/51707379?title=0&amp;byline=0&amp;portrait=0&amp;color=ffffff&amp;autoplay=0&amp;dnt=0&amp;muted=0&amp;texttrack=\" frameborder=\"0\" allow=\"autoplay; fullscreen\" allowfullscreen title=\"\"><\/iframe><\/div>\n","protected":false},"excerpt":{"rendered":"<p>Lors d\u2019un week-end entre amis, se croyant peut-\u00eatre enceinte, une jeune femme se trouve petit \u00e0 petit confront\u00e9e \u00e0 elle-m\u00eame et oblig\u00e9e de remettre en cause les certitudes de sa vie de couple. Avec Camille Japy, Pierre Baux, Jeanne Savary, &hellip; <a href=\"http:\/\/lutineetcie.com\/lutinelefilm\/comedie\/realisatrice\/les-jours-bleus-1998\/\">Continuer la lecture <span class=\"meta-nav\">&rarr;<\/span><\/a><\/p>\n","protected":false},"author":1,"featured_media":0,"parent":70,"menu_order":5,"comment_status":"closed","ping_status":"closed","template":"sidebar-page.php","meta":[],"_links":{"self":[{"href":"http:\/\/lutineetcie.com\/lutinelefilm\/wp-json\/wp\/v2\/pages\/870"}],"collection":[{"href":"http:\/\/lutineetcie.com\/lutinelefilm\/wp-json\/wp\/v2\/pages"}],"about":[{"href":"http:\/\/lutineetcie.com\/lutinelefilm\/wp-json\/wp\/v2\/types\/page"}],"author":[{"embeddable":true,"href":"http:\/\/lutineetcie.com\/lutinelefilm\/wp-json\/wp\/v2\/users\/1"}],"replies":[{"embeddable":true,"href":"http:\/\/lutineetcie.com\/lutinelefilm\/wp-json\/wp\/v2\/comments?post=870"}],"version-history":[{"count":4,"href":"http:\/\/lutineetcie.com\/lutinelefilm\/wp-json\/wp\/v2\/pages\/870\/revisions"}],"predecessor-version":[{"id":3805,"href":"http:\/\/lutineetcie.com\/lutinelefilm\/wp-json\/wp\/v2\/pages\/870\/revisions\/3805"}],"up":[{"embeddable":true,"href":"http:\/\/lutineetcie.com\/lutinelefilm\/wp-json\/wp\/v2\/pages\/70"}],"wp:attachment":[{"href":"http:\/\/lutineetcie.com\/lutinelefilm\/wp-json\/wp\/v2\/media?parent=870"}],"curies":[{"name":"wp","href":"https:\/\/api.w.org\/{rel}","templated":true}]}}