{"id":874,"date":"2013-06-25T00:33:39","date_gmt":"2013-06-24T23:33:39","guid":{"rendered":"http:\/\/lutinelefilm.wordpress.com\/?page_id=874"},"modified":"2016-04-02T18:26:30","modified_gmt":"2016-04-02T17:26:30","slug":"presse-citron-1994","status":"publish","type":"page","link":"http:\/\/lutineetcie.com\/lutinelefilm\/comedie\/realisatrice\/presse-citron-1994\/","title":{"rendered":"Presse-citron (1994)"},"content":{"rendered":"<p>Paris, au mois d&rsquo;ao\u00fbt.\u00a0Bernadette est une charmante vendeuse de glaces, un rien exub\u00e9rante, mais elle est seule. Il y aurait bien son meilleur ami Beno\u00eet, mais celui-ci, d&rsquo;un naturel bougon, se contente de leur simple amiti\u00e9 quotidienne.<br \/>\nCet \u00e9t\u00e9-l\u00e0, Bernadette s&rsquo;invente une rencontre fulgurante, un amant attentionn\u00e9, un homme capable de r\u00e9pondre \u00e0 son app\u00e9tit de vie et d&rsquo;amour. Elle relate les suites de cette idylle \u00e0 Beno\u00eet, brodant au fil de ses envies, de ses frustrations, de ses fantasmes&#8230;<br \/>\nDe plus en plus, pourtant, Bernadette se sent attir\u00e9e par Beno\u00eet. Elle tente alors, par mensonges interpos\u00e9s, de le provoquer.<br \/>\nSeront-ils finalement capables de s&rsquo;aimer ?<\/p>\n<p>Avec Marie Vinoy, Arthur Nauzyciel, Dominic Gould, <a href=\"http:\/\/lutineetcie.com\/lutinelefilm\/projet\/le-casting\/\">Laurent Lederer<\/a>, Francis Leplay, Philippe Rombi, Salvatore Ingoglia.<\/p>\n<p>Com\u00e9die, 16 mn, FEMIS.<\/p>\n<p>Sc\u00e9nario original, \u00e9crit avec Arthur-Emmanuel Pierre.<br \/>\nMusique :\u00a0Philippe Rombi.<\/p>\n<div class=\"su-vimeo su-u-responsive-media-yes\"><iframe width=\"600\" height=\"400\" src=\"\/\/player.vimeo.com\/video\/51633800?title=0&amp;byline=0&amp;portrait=0&amp;color=ffffff&amp;autoplay=0&amp;dnt=0&amp;muted=0&amp;texttrack=\" frameborder=\"0\" allow=\"autoplay; fullscreen\" allowfullscreen title=\"\"><\/iframe><\/div>\n<p>&nbsp;<\/p>\n<p><img decoding=\"async\" loading=\"lazy\" class=\"aligncenter wp-image-1785 size-full\" src=\"http:\/\/lutineetcie.com\/lutinelefilm\/wp-content\/uploads\/2014\/10\/images1.jpeg\" alt=\"images\" width=\"287\" height=\"176\" \/><\/p>\n<p>S\u00e9lectionn\u00e9 aux festivals de Belfort, M\u00fcnich, Cracovie, T\u00fcbingen, aux Rencontres Henri Langlois de Poitiers, au Festival au F\u00e9minin de Marseille, par le Figaro-Grandes \u00c9coles.<br \/>\nPrix du Public B.N.P.<br \/>\nMention sp\u00e9ciale pour le sc\u00e9nario \u00e0 M\u00fcnich.<br \/>\nDiffus\u00e9 par <b>Canal Plus<\/b> France, Canal Plus Belgique, Canal 8, TV10, 10 Patch.<\/p>\n","protected":false},"excerpt":{"rendered":"<p>Paris, au mois d&rsquo;ao\u00fbt.\u00a0Bernadette est une charmante vendeuse de glaces, un rien exub\u00e9rante, mais elle est seule. Il y aurait bien son meilleur ami Beno\u00eet, mais celui-ci, d&rsquo;un naturel bougon, se contente de leur simple amiti\u00e9 quotidienne. Cet \u00e9t\u00e9-l\u00e0, Bernadette &hellip; <a href=\"http:\/\/lutineetcie.com\/lutinelefilm\/comedie\/realisatrice\/presse-citron-1994\/\">Continuer la lecture <span class=\"meta-nav\">&rarr;<\/span><\/a><\/p>\n","protected":false},"author":1,"featured_media":0,"parent":70,"menu_order":6,"comment_status":"closed","ping_status":"closed","template":"sidebar-page.php","meta":[],"_links":{"self":[{"href":"http:\/\/lutineetcie.com\/lutinelefilm\/wp-json\/wp\/v2\/pages\/874"}],"collection":[{"href":"http:\/\/lutineetcie.com\/lutinelefilm\/wp-json\/wp\/v2\/pages"}],"about":[{"href":"http:\/\/lutineetcie.com\/lutinelefilm\/wp-json\/wp\/v2\/types\/page"}],"author":[{"embeddable":true,"href":"http:\/\/lutineetcie.com\/lutinelefilm\/wp-json\/wp\/v2\/users\/1"}],"replies":[{"embeddable":true,"href":"http:\/\/lutineetcie.com\/lutinelefilm\/wp-json\/wp\/v2\/comments?post=874"}],"version-history":[{"count":4,"href":"http:\/\/lutineetcie.com\/lutinelefilm\/wp-json\/wp\/v2\/pages\/874\/revisions"}],"predecessor-version":[{"id":2482,"href":"http:\/\/lutineetcie.com\/lutinelefilm\/wp-json\/wp\/v2\/pages\/874\/revisions\/2482"}],"up":[{"embeddable":true,"href":"http:\/\/lutineetcie.com\/lutinelefilm\/wp-json\/wp\/v2\/pages\/70"}],"wp:attachment":[{"href":"http:\/\/lutineetcie.com\/lutinelefilm\/wp-json\/wp\/v2\/media?parent=874"}],"curies":[{"name":"wp","href":"https:\/\/api.w.org\/{rel}","templated":true}]}}