{"id":881,"date":"2013-06-25T00:41:53","date_gmt":"2013-06-24T23:41:53","guid":{"rendered":"http:\/\/lutinelefilm.wordpress.com\/?page_id=881"},"modified":"2016-04-02T18:26:36","modified_gmt":"2016-04-02T17:26:36","slug":"chocolat-amer-1993","status":"publish","type":"page","link":"http:\/\/lutineetcie.com\/lutinelefilm\/comedie\/realisatrice\/chocolat-amer-1993\/","title":{"rendered":"Chocolat amer (1993)"},"content":{"rendered":"<p>Com\u00e9die, 9 mn, FEMIS.<br \/>\nSc\u00e9nario original \u00e9crit avec Arthur-Emmanuel Pierre.<br \/>\nMusique : <a href=\"http:\/\/www.artmedia.fr\/fiche.cfm\/16849-philippe-rombi.html\">Philippe Rombi<\/a>.<\/p>\n<p>Avec : Julie Augoyard, Dimitri Isor\u00e9, Mich\u00e8le R\u00e8me, Dominique Verrier.<\/p>\n<p><strong>Julie et Nicolas, 25 ans, s&rsquo;appr\u00eatent \u00e0 passer une soir\u00e9e chez eux en amoureux. Mais \u00ab\u00a0chez eux\u00a0\u00bb, c&rsquo;est surtout chez les parents de Julie&#8230;<\/strong><\/p>\n<div class=\"su-vimeo su-u-responsive-media-yes\"><iframe width=\"600\" height=\"400\" src=\"\/\/player.vimeo.com\/video\/48984725?title=0&amp;byline=0&amp;portrait=0&amp;color=ffffff&amp;autoplay=0&amp;dnt=0&amp;muted=0&amp;texttrack=\" frameborder=\"0\" allow=\"autoplay; fullscreen\" allowfullscreen title=\"\"><\/iframe><\/div>\n<p>S\u00e9lectionn\u00e9 aux festivals de Premiers Plans Angers, Pantin, Chamrousse, Montr\u00e9al, Lille, Nancy, Ch\u00e2teau-Arnoux, Limoges, Aubagne, Biarritz, T.Y.O. Cergy-Pontoise, Oissel, Sainte-Th\u00e9r\u00e8se, Premiers Films, Nantes, Sceni qua non, Turin en 1995.<\/p>\n<p>Prix du Public \u00e0 T.Y.O. Cergy-Pontoise.<br \/>\nMention sp\u00e9ciale \u00e0 Ch\u00e2teau-Arnoux.<br \/>\nDiffus\u00e9 par Canal Plus Belgique, Cin\u00e9-Cin\u00e9mas, TV6, Cin\u00e9star, TV10, 10 Patch, Canal 8.<\/p>\n","protected":false},"excerpt":{"rendered":"<p>Com\u00e9die, 9 mn, FEMIS. Sc\u00e9nario original \u00e9crit avec Arthur-Emmanuel Pierre. Musique : Philippe Rombi. Avec : Julie Augoyard, Dimitri Isor\u00e9, Mich\u00e8le R\u00e8me, Dominique Verrier. Julie et Nicolas, 25 ans, s&rsquo;appr\u00eatent \u00e0 passer une soir\u00e9e chez eux en amoureux. Mais \u00ab\u00a0chez &hellip; <a href=\"http:\/\/lutineetcie.com\/lutinelefilm\/comedie\/realisatrice\/chocolat-amer-1993\/\">Continuer la lecture <span class=\"meta-nav\">&rarr;<\/span><\/a><\/p>\n","protected":false},"author":1,"featured_media":0,"parent":70,"menu_order":7,"comment_status":"closed","ping_status":"closed","template":"sidebar-page.php","meta":[],"_links":{"self":[{"href":"http:\/\/lutineetcie.com\/lutinelefilm\/wp-json\/wp\/v2\/pages\/881"}],"collection":[{"href":"http:\/\/lutineetcie.com\/lutinelefilm\/wp-json\/wp\/v2\/pages"}],"about":[{"href":"http:\/\/lutineetcie.com\/lutinelefilm\/wp-json\/wp\/v2\/types\/page"}],"author":[{"embeddable":true,"href":"http:\/\/lutineetcie.com\/lutinelefilm\/wp-json\/wp\/v2\/users\/1"}],"replies":[{"embeddable":true,"href":"http:\/\/lutineetcie.com\/lutinelefilm\/wp-json\/wp\/v2\/comments?post=881"}],"version-history":[{"count":1,"href":"http:\/\/lutineetcie.com\/lutinelefilm\/wp-json\/wp\/v2\/pages\/881\/revisions"}],"predecessor-version":[{"id":1951,"href":"http:\/\/lutineetcie.com\/lutinelefilm\/wp-json\/wp\/v2\/pages\/881\/revisions\/1951"}],"up":[{"embeddable":true,"href":"http:\/\/lutineetcie.com\/lutinelefilm\/wp-json\/wp\/v2\/pages\/70"}],"wp:attachment":[{"href":"http:\/\/lutineetcie.com\/lutinelefilm\/wp-json\/wp\/v2\/media?parent=881"}],"curies":[{"name":"wp","href":"https:\/\/api.w.org\/{rel}","templated":true}]}}