{"id":967,"date":"2013-06-30T14:44:57","date_gmt":"2013-06-30T13:44:57","guid":{"rendered":"http:\/\/lutinelefilm.wordpress.com\/?page_id=967"},"modified":"2016-04-05T18:56:44","modified_gmt":"2016-04-05T17:56:44","slug":"mise-en-perspective","status":"publish","type":"page","link":"http:\/\/lutineetcie.com\/lutinelefilm\/comedie\/mise-en-perspective\/","title":{"rendered":"Mise en perspective historique et technologique"},"content":{"rendered":"<div><span style=\"font-family: Times; font-size: large;\"><b>&#8230;\u00a0<\/b>comme je l&rsquo;ai racont\u00e9e \u00e0 ma grand-m\u00e8re en 2013\u00a0!\u00a0<\/span><\/div>\n<div><span style=\"font-family: Times; font-size: large;\">\u00a0<\/span><\/div>\n<div><span style=\"font-family: Times; font-size: large;\">C&rsquo;est \u00e0 une nouvelle r\u00e9volution technologique dans le cin\u00e9ma que l&rsquo;on assiste depuis quelques ann\u00e9es\u00a0avec les appareils \u00e0 grands capteurs tels que le Canon 5D, comme \u00e0 la fin des ann\u00e9es 50 au moment de la Nouvelle vague, quand les r\u00e9alisateurs avaient soudain pu sortir dans la rue avec leurs cam\u00e9ras 16 Beaulieu et ainsi\u00a0\u00e9chapper \u00e0 la lourdeur des tournages en plateaux.<\/span><\/div>\n<div><span style=\"font-family: Times; font-size: large;\">\u00a0<\/span><\/div>\n<div><span style=\"font-family: Times; font-size: large;\">C&rsquo;est d\u00e9j\u00e0 un peu ce qu&rsquo;il s&rsquo;\u00e9tait pass\u00e9 \u00e0 la fin des ann\u00e9es 90, quand Pierre Chevalier avait lanc\u00e9 sa collection \u00ab\u00a0Petites cam\u00e9ras\u00a0\u00bb sur Arte :\u00a0c&rsquo;est\u00a0dans cette collection que j&rsquo;avais r\u00e9alis\u00e9 <em><a title=\"Paris-Deauville\u00a0(2001)\" href=\"http:\/\/lutinelefilm.wordpress.com\/projet\/la-realisatrice\/paris-deauville\/\">PARIS-DEAUVILLE<\/a><\/em>.\u00a0Ces \u00ab\u00a0petites cam\u00e9ras\u00a0\u00bb ultra sensibles\u00a0permettaient\u00a0de tourner sans lumi\u00e8re additionnelle : fini les gros projecteurs, les camions et toute l&rsquo;\u00e9quipe d&rsquo;\u00e9lectros-machinos. On tournait en \u00e9quipe l\u00e9g\u00e8re, et c&rsquo;\u00e9tait magique. Certes. Mais visuellement, \u00e7a restait de la vid\u00e9o.\u00a0<\/span><\/div>\n<div><span style=\"font-family: Times; font-size: large;\"><br \/>\n<\/span><span style=\"font-family: Times; font-size: large;\">Aujourd&rsquo;hui, le 5D, l&rsquo;appareil photo d\u00e9velopp\u00e9 par les ing\u00e9nieurs de chez Canon, permet\u00a0de tourner en \u00e9quipe ultra-l\u00e9g\u00e8re de la m\u00eame mani\u00e8re, mais avec des objectifs qui ont un \u00ab\u00a0rendu 35\u00a0\u00bb : son grand capteur lui permet en effet de jouer sur la profondeur de champ comme la pellicule.<\/span><\/div>\n<p><span style=\"font-family: Times; font-size: large;\"> On peut donc alors,\u00a0<b>avec un appareil photo, \u00ab\u00a0faire des images cin\u00e9ma\u00a0\u00bb.\u00a0<\/b>C&rsquo;est une v\u00e9ritable r\u00e9volution.<\/span><\/p>\n<div><span style=\"font-family: Times; font-size: large;\">Je me suis fait offrir un 5D pour mon anniversaire en 2011\u00a0: je savais qu&rsquo;un jour j&rsquo;en ferais quelque chose\u2026\u00a0<\/span><\/div>\n<div><span style=\"font-family: Times; font-size: large;\">J&rsquo;ai suivi en avril 2013 une\u00a0<b>formation technique<\/b>\u00a0avec le groupe 25 Images (des r\u00e9alisateurs de t\u00e9l\u00e9vision), et j&rsquo;ai \u00e9t\u00e9 convaincue que c&rsquo;\u00e9tait possible de se lancer dans l&rsquo;aventure.\u00a0C&rsquo;est d\u00e9j\u00e0 ce qu&rsquo;avaient\u00a0fait Val\u00e9rie Donzelli avec <em>La Guerre est d\u00e9clar\u00e9e<\/em>, tourn\u00e9 au 7D, ou C\u00e9line Sciamma avec <em>Tomboy<\/em>.<\/span><\/div>\n<div><span style=\"font-family: Times; font-size: large;\">\u00a0<\/span><\/div>\n<div><span style=\"font-family: Times; font-size: large;\">\u00c0 cette r\u00e9volution technologique, s&rsquo;ajoute\u00a0la mont\u00e9e des\u00a0<b>sites de financement participatif<\/b>\u00a0sur Internet.\u00a0<\/span><\/div>\n<div><span style=\"font-family: Times; font-size: large;\">\u00a0<\/span><\/div>\n<div><span style=\"font-family: Times; font-size: large;\">D&rsquo;ici quelques ann\u00e9es, on sera s\u00fbrement satur\u00e9 et on n&rsquo;en pourra plus de recevoir chaque jour dans sa bo\u00eete mail des sollicitations \u00e0 participation\u2026 mais pour\u00a0l&rsquo;instant, \u00e7a para\u00eet encore \u00ab\u00a0magique\u00a0\u00bb : on\u00a0d\u00e9couvre le principe de pouvoir participer au financement d&rsquo;un film et en \u00e9change, de suivre l&rsquo;avanc\u00e9e du tournage et d&rsquo;\u00eatre dans les \u00ab\u00a0petits papiers\u00a0\u00bb du r\u00e9alisateur, et on est content de se dire que c&rsquo;est\u00a0<b>en partie gr\u00e2ce \u00e0 nous, <\/b>qu&rsquo;<b>un film peut se faire<\/b>.\u00a0<\/span><\/div>\n<div><span style=\"font-family: Times; font-size: large;\">\u00a0<\/span><\/div>\n<div><span style=\"font-family: Times; font-size: large;\">D&rsquo;un c\u00f4t\u00e9 le 5D, de l&rsquo;autre les d\u00e9buts du financement participatif : en 2013, c&rsquo;\u00e9tait\u00a0<b>LE bon moment<\/b>\u00a0pour se lancer dans l&rsquo;aventure de <em>LUTINE<\/em>&#8230;<\/span><\/div>\n<div><\/div>\n<div><\/div>\n<div><\/div>\n","protected":false},"excerpt":{"rendered":"<p>&#8230;\u00a0comme je l&rsquo;ai racont\u00e9e \u00e0 ma grand-m\u00e8re en 2013\u00a0!\u00a0 \u00a0 C&rsquo;est \u00e0 une nouvelle r\u00e9volution technologique dans le cin\u00e9ma que l&rsquo;on assiste depuis quelques ann\u00e9es\u00a0avec les appareils \u00e0 grands capteurs tels que le Canon 5D, comme \u00e0 la fin des &hellip; <a href=\"http:\/\/lutineetcie.com\/lutinelefilm\/comedie\/mise-en-perspective\/\">Continuer la lecture <span class=\"meta-nav\">&rarr;<\/span><\/a><\/p>\n","protected":false},"author":1,"featured_media":0,"parent":1464,"menu_order":6,"comment_status":"closed","ping_status":"closed","template":"sidebar-page.php","meta":[],"_links":{"self":[{"href":"http:\/\/lutineetcie.com\/lutinelefilm\/wp-json\/wp\/v2\/pages\/967"}],"collection":[{"href":"http:\/\/lutineetcie.com\/lutinelefilm\/wp-json\/wp\/v2\/pages"}],"about":[{"href":"http:\/\/lutineetcie.com\/lutinelefilm\/wp-json\/wp\/v2\/types\/page"}],"author":[{"embeddable":true,"href":"http:\/\/lutineetcie.com\/lutinelefilm\/wp-json\/wp\/v2\/users\/1"}],"replies":[{"embeddable":true,"href":"http:\/\/lutineetcie.com\/lutinelefilm\/wp-json\/wp\/v2\/comments?post=967"}],"version-history":[{"count":2,"href":"http:\/\/lutineetcie.com\/lutinelefilm\/wp-json\/wp\/v2\/pages\/967\/revisions"}],"predecessor-version":[{"id":2436,"href":"http:\/\/lutineetcie.com\/lutinelefilm\/wp-json\/wp\/v2\/pages\/967\/revisions\/2436"}],"up":[{"embeddable":true,"href":"http:\/\/lutineetcie.com\/lutinelefilm\/wp-json\/wp\/v2\/pages\/1464"}],"wp:attachment":[{"href":"http:\/\/lutineetcie.com\/lutinelefilm\/wp-json\/wp\/v2\/media?parent=967"}],"curies":[{"name":"wp","href":"https:\/\/api.w.org\/{rel}","templated":true}]}}