{"id":994,"date":"2013-07-01T23:51:38","date_gmt":"2013-07-01T22:51:38","guid":{"rendered":"http:\/\/lutinelefilm.wordpress.com\/?page_id=994"},"modified":"2016-04-05T20:00:02","modified_gmt":"2016-04-05T19:00:02","slug":"extrait","status":"publish","type":"page","link":"http:\/\/lutineetcie.com\/lutinelefilm\/documentaire\/theorie\/auteurs\/extrait\/","title":{"rendered":"\u00ab\u00a0Vers une lib\u00e9ration amoureuse\u00a0\u00bb &#8211; Extrait"},"content":{"rendered":"<p>Extrait de\u00a0<em>Vers une lib\u00e9ration amoureuse<\/em> de Yann Kerninon, lu par lui-m\u00eame dans\u00a0<em>LUTINE :<\/em><\/p>\n<p>\u00ab\u00a0Une utopie. Alors voil\u00e0, c\u2019est tr\u00e8s simple\u2026 Il suffirait que\u2026 Il suffirait que tout le monde se donne la main et que tout le monde soit d\u2019accord. Tout le monde serait libre de faire ce qu\u2019il voudrait. Un sourire \u00e9chang\u00e9 et on se proposerait bien des choses\u2026 Qu\u2019on accepte ou qu\u2019on refuse, personne ne se vexerait. Tout serait pour le mieux dans le meilleur des mondes. Au lieu des adult\u00e8res compliqu\u00e9s, path\u00e9tiques, des divorces et des ruptures tragiques, on dirait simplement\u00a0: \u201c\u00a0Mon ch\u00e9ri, ma ch\u00e9rie, mon amour, je pars en vacances huit jours avec Sylvie, Fr\u00e9d\u00e9rique, Roland ou Caroline.\u00a0\u201c Les amours se superposeraient au lieu de s\u2019annuler, de se d\u00e9truire et de se contrarier. Plut\u00f4t que de se ha\u00efr, les amants et les amantes se rencontreraient autour d\u2019une table et s\u2019aideraient mutuellement, comme les couples, \u00e0 deux, d\u00e9j\u00e0 s\u2019entraident. On se serrerait les coudes, on se rendrait service. (&#8230;)\u00a0Personne, au grand jamais, ne penserait \u00e0 poss\u00e9der l\u2019autre. (\u2026) On donnerait \u00e0 l\u2019autre, tout le temps. Et on se r\u00e9jouirait de lui donner. Et puisque tout le monde donnerait, on recevrait sans cesse\u00a0: de l\u2019amour, de l\u2019affection, de la chaleur, du soutien et de l\u2019aide. Faire l\u2019amour serait dans le m\u00eame temps une chose magnifique et normale, d\u00e9sinculp\u00e9e de toute morale fig\u00e9e et mortif\u00e8re. On irait faire l\u2019amour comme le soleil se l\u00e8ve. Tout naturellement. On partagerait l\u2019amour comme on partage l\u2019air que l\u2019on respire, sans vouloir le voler \u00e0 l\u2019autre. Le mot \u201c\u00a0jalousie \u201c dispara\u00eetrait de l\u2019usage. On aurait m\u00eame du mal \u00e0 expliquer son sens, ce que ce mot autrefois voulait dire, \u00e0 l\u2019\u00e9poque o\u00f9 on l\u2019utilisait. Et quand on l\u2019expliquerait, tout le monde en rirait.<\/p>\n<p>Les jeunes couples d\u2019amoureux s\u2019offriraient g\u00e9n\u00e9ralement le luxe d\u2019une ou deux ann\u00e9es de fid\u00e9lit\u00e9 monogame, puis, d\u00e8s qu\u2019ils s\u2019en lasseraient, de nouvelles relations amoureuses viendraient, non pas d\u00e9truire, mais enrichir leur relation originelle et la complexifier, c\u2019est-\u00e0-dire la nourrir et la rendre plus humaine. Les situations changeantes obligeraient chacun \u00e0 une pr\u00e9sence r\u00e9elle aux \u00eatres et aux choses. La s\u00e9curit\u00e9 ne viendrait plus des cha\u00eenes et des colliers qui maintiennent chacun attach\u00e9 (\u2026), ni de la contrainte des situations, mais de la grande confiance que l\u2019on aurait en l\u2019autre et en la vie elle-m\u00eame. Chacun serait combl\u00e9, plein, entier. Il n\u2019y aurait plus de manque. Ce serait le paradis sur terre\u2026<\/p>\n<p>C\u2019est tr\u00e8s simple. Il suffirait que\u2026 Il suffirait que tout le monde soit d\u2019accord. Ce serait une histoire magnifique\u00a0! Il suffirait que tout le monde soit d\u2019accord\u2026<\/p>\n<p>Mais justement, personne n\u2019est jamais d\u2019accord. En tout cas, jamais \u00e9ternellement, ni sur tout, ni tout le temps. (\u2026) Et \u00eatre deux suffit pour ne pas \u00eatre d\u2019accord.\u00a0\u00bb<\/p>\n<p><em>Yann Kerninon, Editions Buchet-Chastel, p. 46<\/em><\/p>\n","protected":false},"excerpt":{"rendered":"<p>Extrait de\u00a0Vers une lib\u00e9ration amoureuse de Yann Kerninon, lu par lui-m\u00eame dans\u00a0LUTINE : \u00ab\u00a0Une utopie. Alors voil\u00e0, c\u2019est tr\u00e8s simple\u2026 Il suffirait que\u2026 Il suffirait que tout le monde se donne la main et que tout le monde soit d\u2019accord. &hellip; <a href=\"http:\/\/lutineetcie.com\/lutinelefilm\/documentaire\/theorie\/auteurs\/extrait\/\">Continuer la lecture <span class=\"meta-nav\">&rarr;<\/span><\/a><\/p>\n","protected":false},"author":1,"featured_media":0,"parent":409,"menu_order":2,"comment_status":"closed","ping_status":"closed","template":"sidebar-page.php","meta":[],"_links":{"self":[{"href":"http:\/\/lutineetcie.com\/lutinelefilm\/wp-json\/wp\/v2\/pages\/994"}],"collection":[{"href":"http:\/\/lutineetcie.com\/lutinelefilm\/wp-json\/wp\/v2\/pages"}],"about":[{"href":"http:\/\/lutineetcie.com\/lutinelefilm\/wp-json\/wp\/v2\/types\/page"}],"author":[{"embeddable":true,"href":"http:\/\/lutineetcie.com\/lutinelefilm\/wp-json\/wp\/v2\/users\/1"}],"replies":[{"embeddable":true,"href":"http:\/\/lutineetcie.com\/lutinelefilm\/wp-json\/wp\/v2\/comments?post=994"}],"version-history":[{"count":1,"href":"http:\/\/lutineetcie.com\/lutinelefilm\/wp-json\/wp\/v2\/pages\/994\/revisions"}],"predecessor-version":[{"id":3022,"href":"http:\/\/lutineetcie.com\/lutinelefilm\/wp-json\/wp\/v2\/pages\/994\/revisions\/3022"}],"up":[{"embeddable":true,"href":"http:\/\/lutineetcie.com\/lutinelefilm\/wp-json\/wp\/v2\/pages\/409"}],"wp:attachment":[{"href":"http:\/\/lutineetcie.com\/lutinelefilm\/wp-json\/wp\/v2\/media?parent=994"}],"curies":[{"name":"wp","href":"https:\/\/api.w.org\/{rel}","templated":true}]}}