{"id":24365,"date":"2020-11-10T05:00:32","date_gmt":"2020-11-10T04:00:32","guid":{"rendered":"http:\/\/lutineetcie.com\/isabellebroue\/home\/"},"modified":"2025-10-28T17:24:45","modified_gmt":"2025-10-28T16:24:45","slug":"accueil","status":"publish","type":"page","link":"https:\/\/lutineetcie.com\/isabellebroue\/","title":{"rendered":"Accueil"},"content":{"rendered":"\n\n\t\t\t<a href=\"https:\/\/lutineetcie.com\/isabellebroue\/home\/home\/\" target=\"_self\"  role=\"button\">\n\t\t\t\t\t\tEnglish version\n\t\t<\/a>\n\t<h1>\n\t\t\t\t\tPour mieux jouer au monde\n\t\t\t\t<\/h1>\n\t<p>Je vous accompagne dans vos changements de vie, en coaching ou en th\u00e9rapie en Intelligence Relationnelle\u00ae.<\/p>\n\t\t\t<a href=\"https:\/\/lutineetcie.com\/isabellebroue\/about\/\" target=\"_self\"  role=\"button\">\n\t\t\t\t\t\tQui je suis\n\t\t<\/a>\n\t\t\t\t<img decoding=\"async\" src=\"http:\/\/lutineetcie.com\/isabellebroue\/wp-content\/uploads\/2023\/11\/MASTER_MG_3051_PL_Isa-Clap_13Mo-scaled.jpg\" alt=\"MASTER_MG_3051_PL_Isa Clap_1,3Mo\" itemprop=\"image\"\/>\n\t<p>Changez votre vie en travaillant sur vous-m\u00eame<\/p>\n\t<h2>\n\t\t\t\t\tLes 3 piliers de l&rsquo;Intelligence Relationnelle\u00ae\n\t\t\t\t<\/h2>\n\t\t\t<a href=\"https:\/\/lutineetcie.com\/isabellebroue\/ir\/\" target=\"_self\"  role=\"button\">\n\t\t\t\t\t\tVoir\n\t\t<\/a>\n\t\t\t\t<img decoding=\"async\" src=\"http:\/\/lutineetcie.com\/isabellebroue\/wp-content\/uploads\/2023\/11\/Capture-decran-2023-11-02-a-18.32.05.png\" alt=\"Capture d'e\u0301cran 2023-11-02 a\u0300 18.32.05\" itemprop=\"image\"\/>\n\t<h3>\n\t\t\t\t\t<a href=\"https:\/\/lutineetcie.com\/isabellebroue\/intelligence-relationnelle\/attachement\/\" title=\"La th\u00e9orie de l'attachement\" target=\"_self\">\n\t\t\t\t\t\tLa th\u00e9orie de l&rsquo;attachement\n\t\t\t\t\t\t<\/a>\n\t\t\t<\/h3>\n\t\t\t<p>D\u00e9couverte par John Bowlby dans les ann\u00e9es 1950, la th\u00e9orie de l&rsquo;attachement est au c\u0153ur de l&rsquo;Intelligence Relationnelle\u00ae, dans le lien qui se cr\u00e9e entre la th\u00e9rapeute et son ou sa cliente.<\/p>\n\t\t\t\t<img decoding=\"async\" src=\"http:\/\/lutineetcie.com\/isabellebroue\/wp-content\/uploads\/2023\/11\/Capture-decran-2023-11-02-a-18.45.44.png\" alt=\"Capture d'e\u0301cran 2023-11-02 a\u0300 18.45.44\" itemprop=\"image\"\/>\n\t<h3>\n\t\t\t\t\t<a href=\"https:\/\/lutineetcie.com\/isabellebroue\/intelligence-relationnelle\/tpv\/\" title=\"La th\u00e9orie polyvagale\" target=\"_self\">\n\t\t\t\t\t\tLa th\u00e9orie polyvagale\n\t\t\t\t\t\t<\/a>\n\t\t\t<\/h3>\n\t\t\t<p>Nous venant de Stephen Porges depuis les ann\u00e9es 1990 et appliqu\u00e9e \u00e0 la th\u00e9rapie par Deb Dana, la th\u00e9orie polyvagale nous parle de notre syst\u00e8me nerveux autonome.\u00a0<\/p>\n\t\t\t\t<img decoding=\"async\" src=\"http:\/\/lutineetcie.com\/isabellebroue\/wp-content\/uploads\/2023\/11\/Capture-decran-2023-11-02-a-18.47.46-1.png\" alt=\"Capture d'e\u0301cran 2023-11-02 a\u0300 18.47.46\" itemprop=\"image\"\/>\n\t<h3>\n\t\t\t\t\t<a href=\"https:\/\/lutineetcie.com\/isabellebroue\/intelligence-relationnelle\/ifs\/\" title=\"L'IFS (Internal Family System)\" target=\"_self\">\n\t\t\t\t\t\tL&rsquo;IFS (Internal Family System)\n\t\t\t\t\t\t<\/a>\n\t\t\t<\/h3>\n\t\t\t<p>Mod\u00e9lis\u00e9 par Richard Schwartz dans les ann\u00e9es 1980, l&rsquo;IFS nous permet de travailler sur les diff\u00e9rentes parties de nous afin de les lib\u00e9rer de leurs fardeaux (trauma) et de mieux les int\u00e9grer \u00e0 notre vie.\u00a0\u00a0<\/p>\n\t<p>Les plus&#8230;<\/p>\n\t<h2>\n\t\t\t\t\tExpertise en neurodivergence\n\t\t\t\t<\/h2>\n\t<p>J&rsquo;ai re\u00e7u sur le tard (\u00e0 52 ans), en plus de l&rsquo;\u00e9tiquette HPI, les diagnostics d&rsquo;autisme et de TDAH). J&rsquo;en ai depuis fait des int\u00e9r\u00eats sp\u00e9cifiques.<\/p>\n\t\t\t\t<img decoding=\"async\" src=\"https:\/\/lutineetcie.com\/isabellebroue\/wp-content\/uploads\/2023\/11\/Capture-decran-2023-11-02-a-18.39.58.png\" alt=\"Capture d'e\u0301cran 2023-11-02 a\u0300 18.39.58\" itemprop=\"image\"\/>\n\t<h3>\n\t\t\t\t\tAutisme\n\t\t\t\t<\/h3>\n\t<p>Si vous \u00eates autiste ou en questionnement, nous pourrons travailler ensemble en tenant compte de vos besoins sp\u00e9cifiques.<\/p>\n\t<h3>\n\t\t\t\t\tTDAH \/ ADHD\n\t\t\t\t<\/h3>\n\t<p>Vous \u00eates peut-\u00eatre, comme moi, TDAH. L\u00e0 aussi, un accompagnement qui tient compte des fonctionnements particuliers de votre cerveau ne peut \u00eatre que b\u00e9n\u00e9fique.<\/p>\n\t<h2>\n\t\t\t\t\tQuelques t\u00e9moignages de personnes que j&rsquo;ai accompagn\u00e9es\n\t\t\t\t<\/h2>\n\t\t\t<p>Pour lire leurs t\u00e9moignages, cliquez sur le lien ci-dessous.\u00a0<\/p>\n\t\t\t<a href=\"https:\/\/lutineetcie.com\/isabellebroue\/temoignages\/\" target=\"_self\"  role=\"button\">\n\t\t\t\t\t\tLire les t\u00e9moignages\n\t\t<\/a>\n\n","protected":false},"excerpt":{"rendered":"<p>English version Pour mieux jouer au monde Je vous accompagne dans vos changements de vie, en coaching ou en th\u00e9rapie en Intelligence Relationnelle\u00ae. Qui je suis Changez votre vie en travaillant sur vous-m\u00eame Les 3 piliers de l&rsquo;Intelligence Relationnelle\u00ae Voir La th\u00e9orie de l&rsquo;attachement D\u00e9couverte par John Bowlby dans les ann\u00e9es 1950, la th\u00e9orie de [&hellip;]<\/p>\n","protected":false},"author":1,"featured_media":0,"parent":0,"menu_order":1,"comment_status":"closed","ping_status":"closed","template":"","meta":{"footnotes":""},"class_list":["post-24365","page","type-page","status-publish","hentry"],"_links":{"self":[{"href":"https:\/\/lutineetcie.com\/isabellebroue\/wp-json\/wp\/v2\/pages\/24365","targetHints":{"allow":["GET"]}}],"collection":[{"href":"https:\/\/lutineetcie.com\/isabellebroue\/wp-json\/wp\/v2\/pages"}],"about":[{"href":"https:\/\/lutineetcie.com\/isabellebroue\/wp-json\/wp\/v2\/types\/page"}],"author":[{"embeddable":true,"href":"https:\/\/lutineetcie.com\/isabellebroue\/wp-json\/wp\/v2\/users\/1"}],"replies":[{"embeddable":true,"href":"https:\/\/lutineetcie.com\/isabellebroue\/wp-json\/wp\/v2\/comments?post=24365"}],"version-history":[{"count":35,"href":"https:\/\/lutineetcie.com\/isabellebroue\/wp-json\/wp\/v2\/pages\/24365\/revisions"}],"predecessor-version":[{"id":24967,"href":"https:\/\/lutineetcie.com\/isabellebroue\/wp-json\/wp\/v2\/pages\/24365\/revisions\/24967"}],"wp:attachment":[{"href":"https:\/\/lutineetcie.com\/isabellebroue\/wp-json\/wp\/v2\/media?parent=24365"}],"curies":[{"name":"wp","href":"https:\/\/api.w.org\/{rel}","templated":true}]}}