{"id":24369,"date":"2020-11-10T05:00:33","date_gmt":"2020-11-10T04:00:33","guid":{"rendered":"http:\/\/lutineetcie.com\/isabellebroue\/about\/"},"modified":"2025-10-28T19:08:34","modified_gmt":"2025-10-28T18:08:34","slug":"about","status":"publish","type":"page","link":"https:\/\/lutineetcie.com\/isabellebroue\/about\/","title":{"rendered":"\u00c0 propos"},"content":{"rendered":"\n\n\t\t\t<a href=\"https:\/\/lutineetcie.com\/isabellebroue\/about\/about\/\" target=\"_self\">\n\t\t\t\t\t\t\tEnglish version\n\t\t\t<\/a>\n\t<h1>\n\t\t\t\t\tQui je suis\n\t\t\t\t<\/h1>\n\t<p>Cin\u00e9aste et autrice, je suis \u00e9galement coach certifi\u00e9e en accompagnement du changement et th\u00e9rapeute en Intelligence Relationnelle\u00ae, pour des accompagnements individuels ou dans le cadre d&rsquo;une relation.<\/p>\n\t<h2>\n\t\t\t\t\tJe suis cin\u00e9aste et autrice\n\t\t\t\t<\/h2>\n\t\t\t<p>Dipl\u00f4m\u00e9e de la FEMIS en 1994, j&rsquo;ai r\u00e9alis\u00e9 plusieurs courts et moyens-m\u00e9trages, un documentaire, un t\u00e9l\u00e9film pour Arte et deux longs-m\u00e9trages, dont <a href=\"http:\/\/www.lutinelefilm.com\">LUTINE<\/a>, une com\u00e9die document\u00e9e sur les relations plurielles, sortie en salles en 2018.\u00a0<\/p>\n\t<p>Je suis \u00e9galement l&rsquo;autrice d&rsquo;un livre : VOYAGE EN POLYAMORIE, AMOURS PLURIELLES &amp; RELATIONS \u00c9THIQUES, qui devrait sortir en librairies d&rsquo;ici quelques mois.<\/p>\n\t<p>Plusieurs approches<\/p>\n\t<h2>\n\t\t\t\t\tJe suis coach certifi\u00e9e ET th\u00e9rapeute IR\n\t\t\t\t<\/h2>\n\t\t\t<p>Le coaching vous permet de vous relier \u00e0 vos ressources et de lib\u00e9rer votre plein potentiel en vous tournant vers l&rsquo;avenir tandis que la th\u00e9rapie vous permet de lib\u00e9rer et gu\u00e9rir les parties de vous bless\u00e9es et rest\u00e9es bloqu\u00e9es dans le pass\u00e9, afin de mieux vivre au pr\u00e9sent.\u00a0<\/p>\n\t<h3>\n\t\t\t\t\tJe suis coach\n\t\t\t\t<\/h3>\n\t\t\t<p>Form\u00e9e \u00e0 l&rsquo;\u00e9cole Dialogue Coach de <a href=\"https:\/\/www.evolusens.net\/\">Evolusens<\/a>, je mets \u00e0 votre disposition de nombreux outils de transformation pour vous accompagner dans vos changements de vie, et notamment dans le cadre de vos relations plurielles.\u00a0<\/p>\n\t\t\t\t<img decoding=\"async\" src=\"http:\/\/lutineetcie.com\/isabellebroue\/wp-content\/uploads\/2023\/11\/Logo_Dialogue-Coach-menu.png\" alt=\"Logo_Dialogue-Coach-menu\" itemprop=\"image\"\/>\n\t\t\t\t<img decoding=\"async\" src=\"http:\/\/lutineetcie.com\/isabellebroue\/wp-content\/uploads\/2023\/11\/logo-IR_300x207.png\" alt=\"logo-IR_300x207\" itemprop=\"image\"\/>\n\t<h3>\n\t\t\t\t\tJe suis th\u00e9rapeute IR\u00ae\n\t\t\t\t<\/h3>\n\t\t\t<p>Form\u00e9e comme th\u00e9rapeute en <a href=\"http:\/\/www.selftherapie.com\">Intelligence Relationnelle\u00ae<\/a> en niveau 1, niveau 2 (Trauma, Dissociation et Attachement), TRA (Th\u00e9rapie de Relation entre Adultes), et niveau 3 (Attachement), par ailleurs suivie en supervision, je vous accompagne en s\u00e9curit\u00e9 dans l&rsquo;exploration des diff\u00e9rentes parties de vous qui ont besoin d&rsquo;\u00eatre entendues et accueillies et pour gu\u00e9rir de vos trauma d&rsquo;attachement.\u00a0<\/p>\n<p>J&rsquo;ai par ailleurs suivi deux fois (une fois en anglais, une fois en fran\u00e7ais) la formation de <strong>Linda Thai<\/strong> sur la r\u00e9gulation du syst\u00e8me nerveux et suis certifi\u00e9e de la formation TIST de <strong>Janina Fisher<\/strong>.\u00a0<\/p>\n<p>Ayant suivi le IFS Online Circle ainsi que le IFIO Online Circle de l&rsquo;IFS Institute, je peux me dire officiellement \u00ab\u00a0<strong>IFS informed<\/strong>\u00ab\u00a0.\u00a0<br \/>Par ailleurs, j&rsquo;ai suivi un nombre incalculable de formations en IFS avec <strong>Frank Anderson<\/strong>, mais \u00e9galement Alexia Rothman et Sarah Bergenfield sur IFS &amp; Autisme.\u00a0<\/p>\n\n","protected":false},"excerpt":{"rendered":"<p>English version Qui je suis Cin\u00e9aste et autrice, je suis \u00e9galement coach certifi\u00e9e en accompagnement du changement et th\u00e9rapeute en Intelligence Relationnelle\u00ae, pour des accompagnements individuels ou dans le cadre d&rsquo;une relation. Je suis cin\u00e9aste et autrice Dipl\u00f4m\u00e9e de la FEMIS en 1994, j&rsquo;ai r\u00e9alis\u00e9 plusieurs courts et moyens-m\u00e9trages, un documentaire, un t\u00e9l\u00e9film pour Arte [&hellip;]<\/p>\n","protected":false},"author":1,"featured_media":0,"parent":0,"menu_order":2,"comment_status":"closed","ping_status":"closed","template":"","meta":{"footnotes":""},"class_list":["post-24369","page","type-page","status-publish","hentry"],"_links":{"self":[{"href":"https:\/\/lutineetcie.com\/isabellebroue\/wp-json\/wp\/v2\/pages\/24369","targetHints":{"allow":["GET"]}}],"collection":[{"href":"https:\/\/lutineetcie.com\/isabellebroue\/wp-json\/wp\/v2\/pages"}],"about":[{"href":"https:\/\/lutineetcie.com\/isabellebroue\/wp-json\/wp\/v2\/types\/page"}],"author":[{"embeddable":true,"href":"https:\/\/lutineetcie.com\/isabellebroue\/wp-json\/wp\/v2\/users\/1"}],"replies":[{"embeddable":true,"href":"https:\/\/lutineetcie.com\/isabellebroue\/wp-json\/wp\/v2\/comments?post=24369"}],"version-history":[{"count":20,"href":"https:\/\/lutineetcie.com\/isabellebroue\/wp-json\/wp\/v2\/pages\/24369\/revisions"}],"predecessor-version":[{"id":24983,"href":"https:\/\/lutineetcie.com\/isabellebroue\/wp-json\/wp\/v2\/pages\/24369\/revisions\/24983"}],"wp:attachment":[{"href":"https:\/\/lutineetcie.com\/isabellebroue\/wp-json\/wp\/v2\/media?parent=24369"}],"curies":[{"name":"wp","href":"https:\/\/api.w.org\/{rel}","templated":true}]}}