{"id":24670,"date":"2023-11-02T21:48:07","date_gmt":"2023-11-02T20:48:07","guid":{"rendered":"https:\/\/lutineetcie.com\/isabellebroue\/?page_id=24670"},"modified":"2025-10-28T19:06:25","modified_gmt":"2025-10-28T18:06:25","slug":"attachement","status":"publish","type":"page","link":"https:\/\/lutineetcie.com\/isabellebroue\/ir\/attachement\/","title":{"rendered":"Th\u00e9orie de l&rsquo;attachement"},"content":{"rendered":"\n\n\t\t\t<a href=\"https:\/\/lutineetcie.com\/isabellebroue\/ir\/attachement\/attachment\/\" target=\"_self\">\n\t\t\t\t\t\t\tEnglish Version\n\t\t\t<\/a>\n\t<p>J&rsquo;ai \u00e9crit un article de blog en 2016 : <a href=\"http:\/\/lutineetcie.com\/2016\/11\/21-jours-pour-des-relations-positives-17-attachement\/\">SUR L&rsquo;ATTACHEMENT<\/a>, article #17 de mes 21 articles sur les relations positives, qui devrait vous donner les cl\u00e9s de base.<\/p>\n<p>Je vous sugg\u00e8re aussi cette petite vid\u00e9o anim\u00e9e : c&rsquo;est en anglais, mais elle a des sous-titres en fran\u00e7ais:<\/p>\n\t<iframe loading=\"lazy\" title=\"The Attachment Theory: How Childhood Affects Life\" width=\"678\" height=\"381\" src=\"https:\/\/www.youtube.com\/embed\/WjOowWxOXCg?feature=oembed\" frameborder=\"0\" allow=\"accelerometer; autoplay; clipboard-write; encrypted-media; gyroscope; picture-in-picture; web-share\" allowfullscreen><\/iframe>\n\t<p>Il y a moins de ressources en fran\u00e7ais qu&rsquo;en anglais, et si vous lisez l&rsquo;anglais, je vous invite \u00e0 aller faire un tour sur ma <a href=\"http:\/\/www.lutineetcie.com\/isabellebroue\/ir\/attachement\/attachment\">page sur l&rsquo;attachement en anglais<\/a> pour plus de livres.<\/p>\n<p>En fran\u00e7ais, je peux vous sugg\u00e9rer ces deux livres de Gwena\u00eblle Persiaux que j&rsquo;ai trouv\u00e9s tr\u00e8s accessibles et fort int\u00e9ressants : <a href=\"https:\/\/amzn.to\/46bMsq5\"><em>GU\u00c9RIR DES BLESSURES D&rsquo;ATTACHEMENT<\/em><\/a> et <em><a href=\"https:\/\/amzn.to\/3u6zzR3\">COUP\u00c9 DES AUTRES, COUP\u00c9 DE SOI<\/a>.<\/em><\/p>\n\t\t\t\t<img decoding=\"async\" src=\"http:\/\/lutineetcie.com\/isabellebroue\/wp-content\/uploads\/2023\/11\/Guerir-des-blessures-dattachement.jpg\" alt=\"Gue\u0301rir des blessures d'attachement\" itemprop=\"image\" title=\"Gue\u0301rir des blessures d'attachement\" onerror=\"this.style.display='none'\"  \/>\n\t\t\t\t<img decoding=\"async\" src=\"http:\/\/lutineetcie.com\/isabellebroue\/wp-content\/uploads\/2023\/11\/Coupe-des-autres-coupe-de-soi.jpg\" alt=\"Coupe\u0301 des autres, coupe\u0301 de soi\" itemprop=\"image\" title=\"Coupe\u0301 des autres, coupe\u0301 de soi\" onerror=\"this.style.display='none'\"  \/>\n\t<p><em><a href=\"http:\/\/amzn.to\/2vEb5hf\">SERRE-MOI FORT !<\/a><\/em> Une v\u00e9ritable d\u00e9couverte pour moi quand je l&rsquo;ai lu pour la premi\u00e8re fois en 2016, ce livre m&rsquo;a permis dans un premier temps de faire le lien entre tous les th\u00e8mes autour de l&rsquo;amour, des relations, de la communication et de la gestion des \u00e9motions. <a href=\"http:\/\/amzn.to\/2vEb5hf\"><em>SERRE-MOI FORT !<\/em><\/a>, de Sue Johnson parle de la force des liens d&rsquo;attachement, en reprenant les travaux de <a href=\"https:\/\/fr.wikipedia.org\/wiki\/John_Bowlby\">John Bowlby<\/a>.<\/p>\n\n\t\t\t\t<img decoding=\"async\" src=\"http:\/\/lutineetcie.com\/isabellebroue\/wp-content\/uploads\/2024\/02\/Capture-decran-2024-02-12-a-20.29.07-195x300.png\" alt=\"Capture d'e\u0301cran 2024-02-12 a\u0300 20.29.07\" itemprop=\"image\" title=\"Capture d'e\u0301cran 2024-02-12 a\u0300 20.29.07\" onerror=\"this.style.display='none'\"  \/>\n\t<p>Yvane Wiart, qui a \u00e9galement \u00e9crit sur le <a href=\"http:\/\/amzn.to\/2nfRKke\"><em>COUPLE HEUREUX<\/em><\/a> et, a contrario, sur les\u00a0<a href=\"http:\/\/amzn.to\/2kcfS6g\">PETITES VIOLENCES ORDINAIRES<\/a>, a r\u00e9dig\u00e9 sa th\u00e8se et en a publi\u00e9 un livre (assez ardu \u00e0 lire, je l&rsquo;avoue) sur\u00a0<a href=\"http:\/\/amzn.to\/2j5KYcD\">L&rsquo;ATTACHEMENT, UN INSTINCT OUBLI\u00c9<\/a><a href=\"https:\/\/www.amazon.fr\/Lattachement-instinct-oubli%C3%A9-Yvane-Wiart\/dp\/2226230653\/ref=sr_1_1?ie=UTF8&amp;qid=1496842567&amp;sr=8-1&amp;keywords=yvane+wiart\">.\u00a0<\/a><\/p>\n<p>Plus accesssible, ici un <a href=\"https:\/\/www.franceinter.fr\/emissions\/la-tete-au-carre\/la-tete-au-carre-04-mai-2016\">podcast sur l&rsquo;attachement<\/a>\u00a0d&rsquo;une \u00e9mission de\u00a0<em>La T\u00eate au carr\u00e9<\/em> sur France Inter \u00e0 laquelle elle a particip\u00e9.<\/p>\n\n\n","protected":false},"excerpt":{"rendered":"<p>English Version J&rsquo;ai \u00e9crit un article de blog en 2016 : SUR L&rsquo;ATTACHEMENT, article #17 de mes 21 articles sur les relations positives, qui devrait vous donner les cl\u00e9s de base. Je vous sugg\u00e8re aussi cette petite vid\u00e9o anim\u00e9e : c&rsquo;est en anglais, mais elle a des sous-titres en fran\u00e7ais: Il y a moins de [&hellip;]<\/p>\n","protected":false},"author":1,"featured_media":0,"parent":24654,"menu_order":2,"comment_status":"closed","ping_status":"closed","template":"","meta":{"footnotes":""},"class_list":["post-24670","page","type-page","status-publish","hentry"],"_links":{"self":[{"href":"https:\/\/lutineetcie.com\/isabellebroue\/wp-json\/wp\/v2\/pages\/24670","targetHints":{"allow":["GET"]}}],"collection":[{"href":"https:\/\/lutineetcie.com\/isabellebroue\/wp-json\/wp\/v2\/pages"}],"about":[{"href":"https:\/\/lutineetcie.com\/isabellebroue\/wp-json\/wp\/v2\/types\/page"}],"author":[{"embeddable":true,"href":"https:\/\/lutineetcie.com\/isabellebroue\/wp-json\/wp\/v2\/users\/1"}],"replies":[{"embeddable":true,"href":"https:\/\/lutineetcie.com\/isabellebroue\/wp-json\/wp\/v2\/comments?post=24670"}],"version-history":[{"count":18,"href":"https:\/\/lutineetcie.com\/isabellebroue\/wp-json\/wp\/v2\/pages\/24670\/revisions"}],"predecessor-version":[{"id":24981,"href":"https:\/\/lutineetcie.com\/isabellebroue\/wp-json\/wp\/v2\/pages\/24670\/revisions\/24981"}],"up":[{"embeddable":true,"href":"https:\/\/lutineetcie.com\/isabellebroue\/wp-json\/wp\/v2\/pages\/24654"}],"wp:attachment":[{"href":"https:\/\/lutineetcie.com\/isabellebroue\/wp-json\/wp\/v2\/media?parent=24670"}],"curies":[{"name":"wp","href":"https:\/\/api.w.org\/{rel}","templated":true}]}}