{"id":24678,"date":"2023-11-02T22:00:42","date_gmt":"2023-11-02T21:00:42","guid":{"rendered":"https:\/\/lutineetcie.com\/isabellebroue\/?page_id=24678"},"modified":"2025-10-28T19:07:27","modified_gmt":"2025-10-28T18:07:27","slug":"ifs","status":"publish","type":"page","link":"https:\/\/lutineetcie.com\/isabellebroue\/ir\/ifs\/","title":{"rendered":"IFS : Syst\u00e8me Familial Int\u00e9rieur"},"content":{"rendered":"\n\n\t\t\t<a href=\"https:\/\/lutineetcie.com\/isabellebroue\/ir\/ifs\/ifs\/\" target=\"_self\">\n\t\t\t\t\t\t\tEnglish version \n\t\t\t<\/a>\n\t<p>Voici deux petites vid\u00e9os sur la <a href=\"https:\/\/www.youtube.com\/@ifscentre5193\/videos\">cha\u00eene youtube de Julien Renault<\/a> (il y en a d&rsquo;autres, je vous invite \u00e0 aller les voir).<\/p>\n\t<iframe loading=\"lazy\" title=\"IFS 1\u00e8re Partie\" width=\"678\" height=\"381\" src=\"https:\/\/www.youtube.com\/embed\/n9IJttHPYno?start=5&#038;feature=oembed\" frameborder=\"0\" allow=\"accelerometer; autoplay; clipboard-write; encrypted-media; gyroscope; picture-in-picture; web-share\" allowfullscreen><\/iframe>\n\t<iframe loading=\"lazy\" title=\"IFS 2nde Partie\" width=\"678\" height=\"381\" src=\"https:\/\/www.youtube.com\/embed\/b20pWSOiXts?start=3&#038;feature=oembed\" frameborder=\"0\" allow=\"accelerometer; autoplay; clipboard-write; encrypted-media; gyroscope; picture-in-picture; web-share\" allowfullscreen><\/iframe>\n\t<p>J&rsquo;aime bien aussi ces petites videos par les cr\u00e9ateurices de l&rsquo;app <a href=\"https:\/\/www.ifsguide.com\/\" data-type=\"URL\" data-id=\"https:\/\/www.ifsguide.com\/\">IFS Guide<\/a>. Il y en a d&rsquo;autres \u00e9galement sur leur <a href=\"https:\/\/www.youtube.com\/@ifsguide1313\">cha\u00eene youtube<\/a>, n&rsquo;h\u00e9sitez pas \u00e0 aller y faire un tour.<\/p>\n\t<iframe loading=\"lazy\" title=\"What is IFS Therapy? (Internal Family Systems)\" width=\"678\" height=\"381\" src=\"https:\/\/www.youtube.com\/embed\/5DFIfSHL11w?feature=oembed\" frameborder=\"0\" allow=\"accelerometer; autoplay; clipboard-write; encrypted-media; gyroscope; picture-in-picture; web-share\" allowfullscreen><\/iframe>\n\t<iframe loading=\"lazy\" title=\"What Are Parts in IFS? (Internal Family Systems)\" width=\"678\" height=\"381\" src=\"https:\/\/www.youtube.com\/embed\/9dvqIOycOxs?feature=oembed\" frameborder=\"0\" allow=\"accelerometer; autoplay; clipboard-write; encrypted-media; gyroscope; picture-in-picture; web-share\" allowfullscreen><\/iframe>\n\t<p>Recommandation de livres (beaucoup plus en anglais, car peu sont traduits) :<\/p>\nSELF-TH\u00c9RAPIE, de Jay Earley<br \/>\nPour travailler vous-m\u00eame sur votre propre syst\u00e8me, hyper concret, avec des images : j&rsquo;adore !\n<p><img loading=\"lazy\" decoding=\"async\" src=\"http:\/\/lutineetcie.com\/isabellebroue\/wp-content\/uploads\/2025\/10\/Self-therapie-300x300.jpg\" alt=\"\" width=\"300\" height=\"300\" \/><\/p>\nNOUS AVONS TOUS DES PARTIES, de Colleen West :<br \/>\nl\u00e0 aussi, tr\u00e8s clair, court, simple, et illustr\u00e9.<br \/>\n<img loading=\"lazy\" decoding=\"async\" src=\"http:\/\/lutineetcie.com\/isabellebroue\/wp-content\/uploads\/2025\/10\/61hc316VPpL._SY342_-300x240.jpg\" alt=\"\" width=\"300\" height=\"240\" \/>\n\n","protected":false},"excerpt":{"rendered":"<p>English version Voici deux petites vid\u00e9os sur la cha\u00eene youtube de Julien Renault (il y en a d&rsquo;autres, je vous invite \u00e0 aller les voir). J&rsquo;aime bien aussi ces petites videos par les cr\u00e9ateurices de l&rsquo;app IFS Guide. Il y en a d&rsquo;autres \u00e9galement sur leur cha\u00eene youtube, n&rsquo;h\u00e9sitez pas \u00e0 aller y faire un [&hellip;]<\/p>\n","protected":false},"author":1,"featured_media":0,"parent":24654,"menu_order":4,"comment_status":"closed","ping_status":"closed","template":"","meta":{"footnotes":""},"class_list":["post-24678","page","type-page","status-publish","hentry"],"_links":{"self":[{"href":"https:\/\/lutineetcie.com\/isabellebroue\/wp-json\/wp\/v2\/pages\/24678","targetHints":{"allow":["GET"]}}],"collection":[{"href":"https:\/\/lutineetcie.com\/isabellebroue\/wp-json\/wp\/v2\/pages"}],"about":[{"href":"https:\/\/lutineetcie.com\/isabellebroue\/wp-json\/wp\/v2\/types\/page"}],"author":[{"embeddable":true,"href":"https:\/\/lutineetcie.com\/isabellebroue\/wp-json\/wp\/v2\/users\/1"}],"replies":[{"embeddable":true,"href":"https:\/\/lutineetcie.com\/isabellebroue\/wp-json\/wp\/v2\/comments?post=24678"}],"version-history":[{"count":11,"href":"https:\/\/lutineetcie.com\/isabellebroue\/wp-json\/wp\/v2\/pages\/24678\/revisions"}],"predecessor-version":[{"id":24982,"href":"https:\/\/lutineetcie.com\/isabellebroue\/wp-json\/wp\/v2\/pages\/24678\/revisions\/24982"}],"up":[{"embeddable":true,"href":"https:\/\/lutineetcie.com\/isabellebroue\/wp-json\/wp\/v2\/pages\/24654"}],"wp:attachment":[{"href":"https:\/\/lutineetcie.com\/isabellebroue\/wp-json\/wp\/v2\/media?parent=24678"}],"curies":[{"name":"wp","href":"https:\/\/api.w.org\/{rel}","templated":true}]}}