{"id":24833,"date":"2023-11-05T00:38:23","date_gmt":"2023-11-04T23:38:23","guid":{"rendered":"https:\/\/lutineetcie.com\/isabellebroue\/?page_id=24833"},"modified":"2023-11-07T20:37:34","modified_gmt":"2023-11-07T19:37:34","slug":"home","status":"publish","type":"page","link":"https:\/\/lutineetcie.com\/isabellebroue\/accueil\/home\/","title":{"rendered":"Home"},"content":{"rendered":"\n\n\t<h1>\n\t\t\t\t\tTo play better in the world\n\t\t\t\t<\/h1>\n\t<p>I support you in your life changes, through coaching or Relational Intelligence\u00ae therapy.<\/p>\n\t\t\t<a href=\"https:\/\/lutineetcie.com\/isabellebroue\/about\/about-me\" target=\"_self\" role=\"button\" rel=\"noopener\">\n\t\t\t\t\t\tWho am I?\n\t\t<\/a>\n\t\t\t\t<img decoding=\"async\" src=\"http:\/\/lutineetcie.com\/isabellebroue\/wp-content\/uploads\/2023\/11\/MASTER_MG_3051_PL_Isa-Clap_13Mo-scaled.jpg\" alt=\"MASTER_MG_3051_PL_Isa Clap_1,3Mo\" itemprop=\"image\"\/>\n\t<p>Change your life by working on yourself<\/p>\n\t<h2>\n\t\t\t\t\tThe 3 Pillars of Relational Intelligence\u00ae\n\t\t\t\t<\/h2>\n\t\t\t<a href=\"https:\/\/lutineetcie.com\/isabellebroue\/ir\/ri\/\" target=\"_self\" role=\"button\" rel=\"noopener\">\n\t\t\t\t\t\tSee\n\t\t<\/a>\n\t\t\t\t<img decoding=\"async\" src=\"http:\/\/lutineetcie.com\/isabellebroue\/wp-content\/uploads\/2023\/11\/Capture-decran-2023-11-02-a-18.32.05.png\" alt=\"Capture d'e\u0301cran 2023-11-02 a\u0300 18.32.05\" itemprop=\"image\"\/>\n\t<h3>\n\t\t\t\t\t<a href=\"https:\/\/lutineetcie.com\/isabellebroue\/ir\/attachement\/attachment\" title=\"Attachment Theory\" target=\"_self\" rel=\"noopener\">\n\t\t\t\t\t\tAttachment Theory\n\t\t\t\t\t\t<\/a>\n\t\t\t<\/h3>\n\t\t\t<p>Formulated by John Bowlby in the 1950es, attachment theory is at the heart of Relational Intelligence\u00ae in the link created between the therapist and the client.<\/p>\n\t\t\t\t<img decoding=\"async\" src=\"http:\/\/lutineetcie.com\/isabellebroue\/wp-content\/uploads\/2023\/11\/Capture-decran-2023-11-02-a-18.45.44.png\" alt=\"Capture d'e\u0301cran 2023-11-02 a\u0300 18.45.44\" itemprop=\"image\"\/>\n\t<h3>\n\t\t\t\t\t<a href=\"https:\/\/lutineetcie.com\/isabellebroue\/ir\/tpv\/pvt\/\" title=\"Polyvagal Theory\" target=\"_self\" rel=\"noopener\">\n\t\t\t\t\t\tPolyvagal Theory\n\t\t\t\t\t\t<\/a>\n\t\t\t<\/h3>\n\t\t\t<p>Discovered by Stephen Porges\u00a0 in the 1990es and applied to therapy by Deb Dana, polyvagal theory is all about our autonomous nervous system. \u00a0<\/p>\n\t\t\t\t<img decoding=\"async\" src=\"http:\/\/lutineetcie.com\/isabellebroue\/wp-content\/uploads\/2023\/11\/Capture-decran-2023-11-02-a-18.47.46-1.png\" alt=\"Capture d'e\u0301cran 2023-11-02 a\u0300 18.47.46\" itemprop=\"image\"\/>\n\t<h3>\n\t\t\t\t\t<a href=\"https:\/\/lutineetcie.com\/isabellebroue\/ir\/ifs\/ifs\" title=\"L'IFS (Internal Family System)\" target=\"_self\" rel=\"noopener\">\n\t\t\t\t\t\tL&rsquo;IFS (Internal Family System)\n\t\t\t\t\t\t<\/a>\n\t\t\t<\/h3>\n\t\t\t<p>IFS was modelized in the 1980es by Richard Schwartz. It allows us to work on the differents parts in ourselves to heal them from their trauma and better integrate them into our lives.\u00a0<\/p>\n\t<p>Les plus&#8230;<\/p>\n\t<h2>\n\t\t\t\t\tExpertise en neurodivergence\n\t\t\t\t<\/h2>\n\t<p>J&rsquo;ai re\u00e7u sur le tard (\u00e0 52 ans) les diagnostics d&rsquo;autisme et de TDAH. J&rsquo;en ai depuis fait des int\u00e9r\u00eats sp\u00e9cifiques.<\/p>\n\t\t\t\t<img decoding=\"async\" src=\"https:\/\/lutineetcie.com\/isabellebroue\/wp-content\/uploads\/2023\/11\/Capture-decran-2023-11-02-a-18.39.58.png\" alt=\"Capture d'e\u0301cran 2023-11-02 a\u0300 18.39.58\" itemprop=\"image\"\/>\n\t<h3>\n\t\t\t\t\tAutisme\n\t\t\t\t<\/h3>\n\t<p>Si vous \u00eates autiste ou en questionnement, nous pourrons travailler ensemble en tenant compte de vos besoins sp\u00e9cifiques.<\/p>\n\t<h3>\n\t\t\t\t\tTDAH \/ ADHD\n\t\t\t\t<\/h3>\n\t<p>Autiste ou pas, vous \u00eates peut-\u00eatre TDAH. L\u00e0 aussi, un accompagnement qui tient compte des fonctionnements particuliers de votre cerveau ne peut \u00eatre que b\u00e9n\u00e9fique.<\/p>\n\t<h2>\n\t\t\t\t\tQuelques visages de personnes que j&rsquo;ai accompagn\u00e9es\n\t\t\t\t<\/h2>\n\t\t\t<p>Pour lire leurs t\u00e9moignages, cliquez sur le lien ci-dessous.\u00a0<\/p>\n\t\t\t<a href=\"https:\/\/lutineetcie.com\/isabellebroue\/temoignages\/\" target=\"_self\" role=\"button\" rel=\"noopener\">\n\t\t\t\t\t\tLire les t\u00e9moignages\n\t\t<\/a>\n\t\t\t\t<img decoding=\"async\" src=\"http:\/\/lutineetcie.com\/isabellebroue\/wp-content\/uploads\/2020\/10\/student1.jpg\" alt=\"student1\" itemprop=\"image\"\/>\n\t\t\t\t<img decoding=\"async\" src=\"http:\/\/lutineetcie.com\/isabellebroue\/wp-content\/uploads\/2023\/11\/Capture-decran-2023-11-04-a-21.06.12.png\" alt=\"Capture d'e\u0301cran 2023-11-04 a\u0300 21.06.12\" itemprop=\"image\"\/>\n\t\t\t\t<img decoding=\"async\" src=\"http:\/\/lutineetcie.com\/isabellebroue\/wp-content\/uploads\/2020\/10\/student6.jpg\" alt=\"student6\" itemprop=\"image\"\/>\n\t\t\t\t<img decoding=\"async\" src=\"http:\/\/lutineetcie.com\/isabellebroue\/wp-content\/uploads\/2020\/10\/student5.jpg\" alt=\"student5\" itemprop=\"image\"\/>\n\t\t\t\t<img decoding=\"async\" src=\"http:\/\/lutineetcie.com\/isabellebroue\/wp-content\/uploads\/2020\/10\/student4.jpg\" alt=\"student4\" itemprop=\"image\"\/>\n\t\t\t\t<img decoding=\"async\" src=\"http:\/\/lutineetcie.com\/isabellebroue\/wp-content\/uploads\/2020\/10\/student2.jpg\" alt=\"student2\" itemprop=\"image\"\/>\n\t\t\n","protected":false},"excerpt":{"rendered":"<p>To play better in the world I support you in your life changes, through coaching or Relational Intelligence\u00ae therapy. Who am I? Change your life by working on yourself The 3 Pillars of Relational Intelligence\u00ae See Attachment Theory Formulated by John Bowlby in the 1950es, attachment theory is at the heart of Relational Intelligence\u00ae in [&hellip;]<\/p>\n","protected":false},"author":1,"featured_media":0,"parent":24365,"menu_order":1,"comment_status":"closed","ping_status":"closed","template":"","meta":{"footnotes":""},"class_list":["post-24833","page","type-page","status-publish","hentry"],"_links":{"self":[{"href":"https:\/\/lutineetcie.com\/isabellebroue\/wp-json\/wp\/v2\/pages\/24833","targetHints":{"allow":["GET"]}}],"collection":[{"href":"https:\/\/lutineetcie.com\/isabellebroue\/wp-json\/wp\/v2\/pages"}],"about":[{"href":"https:\/\/lutineetcie.com\/isabellebroue\/wp-json\/wp\/v2\/types\/page"}],"author":[{"embeddable":true,"href":"https:\/\/lutineetcie.com\/isabellebroue\/wp-json\/wp\/v2\/users\/1"}],"replies":[{"embeddable":true,"href":"https:\/\/lutineetcie.com\/isabellebroue\/wp-json\/wp\/v2\/comments?post=24833"}],"version-history":[{"count":11,"href":"https:\/\/lutineetcie.com\/isabellebroue\/wp-json\/wp\/v2\/pages\/24833\/revisions"}],"predecessor-version":[{"id":24877,"href":"https:\/\/lutineetcie.com\/isabellebroue\/wp-json\/wp\/v2\/pages\/24833\/revisions\/24877"}],"up":[{"embeddable":true,"href":"https:\/\/lutineetcie.com\/isabellebroue\/wp-json\/wp\/v2\/pages\/24365"}],"wp:attachment":[{"href":"https:\/\/lutineetcie.com\/isabellebroue\/wp-json\/wp\/v2\/media?parent=24833"}],"curies":[{"name":"wp","href":"https:\/\/api.w.org\/{rel}","templated":true}]}}