{"id":24836,"date":"2023-11-05T00:40:20","date_gmt":"2023-11-04T23:40:20","guid":{"rendered":"https:\/\/lutineetcie.com\/isabellebroue\/?page_id=24836"},"modified":"2023-11-06T16:13:33","modified_gmt":"2023-11-06T15:13:33","slug":"testimonies","status":"publish","type":"page","link":"https:\/\/lutineetcie.com\/isabellebroue\/temoignages\/testimonies\/","title":{"rendered":"Testimonies"},"content":{"rendered":"\n\n\t<h1>\n\t\t\t\t\t&#8230;of persons who have worked with me\n\t\t\t\t<\/h1>\n\t<p>If you have already worked with me and are willing to testify about your experience, please contact me.<\/p>\n\t<h2>\n\t\t\t\t\tQuelques visages de personnes ayant travaill\u00e9 avec moi\n\t\t\t\t<\/h2>\n\t\t\t<p>Si vous aussi vous avez travaill\u00e9 avec moi et souhaitez t\u00e9moigner, \u00e9crivez-moi !<\/p>\n\t\t\t<a href=\"#\" target=\"_self\" role=\"button\" rel=\"noopener\">\n\t\t\t\t\t\tLIre les t\u00e9moignages\n\t\t<\/a>\n\t\t\t\t<img decoding=\"async\" src=\"http:\/\/lutineetcie.com\/isabellebroue\/wp-content\/uploads\/2020\/10\/student1.jpg\" alt=\"student1\" itemprop=\"image\"\/>\n\t\t\t\t<img decoding=\"async\" src=\"http:\/\/lutineetcie.com\/isabellebroue\/wp-content\/uploads\/2020\/10\/student3.jpg\" alt=\"student3\" itemprop=\"image\"\/>\n\t\t\t\t<img decoding=\"async\" src=\"http:\/\/lutineetcie.com\/isabellebroue\/wp-content\/uploads\/2020\/10\/student6.jpg\" alt=\"student6\" itemprop=\"image\"\/>\n\t\t\t\t<img decoding=\"async\" src=\"http:\/\/lutineetcie.com\/isabellebroue\/wp-content\/uploads\/2020\/10\/student5.jpg\" alt=\"student5\" itemprop=\"image\"\/>\n\t\t\t\t<img decoding=\"async\" src=\"http:\/\/lutineetcie.com\/isabellebroue\/wp-content\/uploads\/2020\/10\/student4.jpg\" alt=\"student4\" itemprop=\"image\"\/>\n\t\t\t\t<img decoding=\"async\" src=\"http:\/\/lutineetcie.com\/isabellebroue\/wp-content\/uploads\/2020\/10\/student2.jpg\" alt=\"student2\" itemprop=\"image\"\/>\n\t\t\n","protected":false},"excerpt":{"rendered":"<p>&#8230;of persons who have worked with me If you have already worked with me and are willing to testify about your experience, please contact me. Quelques visages de personnes ayant travaill\u00e9 avec moi Si vous aussi vous avez travaill\u00e9 avec moi et souhaitez t\u00e9moigner, \u00e9crivez-moi ! LIre les t\u00e9moignages<\/p>\n","protected":false},"author":1,"featured_media":0,"parent":24366,"menu_order":1,"comment_status":"closed","ping_status":"closed","template":"","meta":{"footnotes":""},"class_list":["post-24836","page","type-page","status-publish","hentry"],"_links":{"self":[{"href":"https:\/\/lutineetcie.com\/isabellebroue\/wp-json\/wp\/v2\/pages\/24836","targetHints":{"allow":["GET"]}}],"collection":[{"href":"https:\/\/lutineetcie.com\/isabellebroue\/wp-json\/wp\/v2\/pages"}],"about":[{"href":"https:\/\/lutineetcie.com\/isabellebroue\/wp-json\/wp\/v2\/types\/page"}],"author":[{"embeddable":true,"href":"https:\/\/lutineetcie.com\/isabellebroue\/wp-json\/wp\/v2\/users\/1"}],"replies":[{"embeddable":true,"href":"https:\/\/lutineetcie.com\/isabellebroue\/wp-json\/wp\/v2\/comments?post=24836"}],"version-history":[{"count":2,"href":"https:\/\/lutineetcie.com\/isabellebroue\/wp-json\/wp\/v2\/pages\/24836\/revisions"}],"predecessor-version":[{"id":24838,"href":"https:\/\/lutineetcie.com\/isabellebroue\/wp-json\/wp\/v2\/pages\/24836\/revisions\/24838"}],"up":[{"embeddable":true,"href":"https:\/\/lutineetcie.com\/isabellebroue\/wp-json\/wp\/v2\/pages\/24366"}],"wp:attachment":[{"href":"https:\/\/lutineetcie.com\/isabellebroue\/wp-json\/wp\/v2\/media?parent=24836"}],"curies":[{"name":"wp","href":"https:\/\/api.w.org\/{rel}","templated":true}]}}