{"id":24840,"date":"2023-11-05T00:45:39","date_gmt":"2023-11-04T23:45:39","guid":{"rendered":"https:\/\/lutineetcie.com\/isabellebroue\/?page_id=24840"},"modified":"2025-10-29T16:14:13","modified_gmt":"2025-10-29T15:14:13","slug":"autisme","status":"publish","type":"page","link":"https:\/\/lutineetcie.com\/isabellebroue\/autisme\/","title":{"rendered":"Autisme &#038; TDAH"},"content":{"rendered":"\n\n\t\t\t<a href=\"\" target=\"_self\">\n\t\t\t\t\t\t\tEnglish version\n\t\t\t<\/a>\n\t<p>Je vous mets ici quelques ressources en fran\u00e7ais (livres, podcasts, vid\u00e9os) qui m&rsquo;ont bien aid\u00e9e \u00e0 comprendre la neurodivergence, ou neuroatypie, quand j&rsquo;ai eu mes diagnostics. Il y en a beaucoup plus dans la page en anglais.<\/p>\n\t<p><a href=\"https:\/\/www.amazon.fr\/Eloge-intelligences-atypiques-David-Gourion\/dp\/2738145256\">\u00c9LOGE DES INTELLIGENCES ATYPIQUES<\/a>, du Dr David Gourion, psychiatre, et de S\u00e9verine Leduc, psychologue, qui exercent toustes deux \u00e0 Paris. C&rsquo;est LE livre qui m&rsquo;a aid\u00e9e \u00e0 comprendre l&rsquo;autisme et surtout \u00e0 le vivre pour la premi\u00e8re fois avec fiert\u00e9 &#8211; comme on parle de la fiert\u00e9 LBBTQIA+.<\/p>\n\t\t\t\t<img decoding=\"async\" src=\"http:\/\/lutineetcie.com\/isabellebroue\/wp-content\/uploads\/2025\/10\/Gourion-Leduc_Eloge-des-intelligences-atypiques.jpg\" alt=\"Gourion, Leduc_Eloge des intelligences atypiques\" itemprop=\"image\" title=\"Gourion, Leduc_Eloge des intelligences atypiques\" onerror=\"this.style.display='none'\"  \/>\n\tToustes deux en ont parl\u00e9 notamment dans deux \u00e9missions sur France Inter, \u00e0 retrouver en replay ici :<br \/>\n&#8211; <a href=\"https:\/\/www.franceinter.fr\/emissions\/grand-bien-vous-fasse\/grand-bien-vous-fasse-07-janvier-2019\" target=\"_blank\" rel=\"noopener\">L&rsquo;Autisme, une intelligence atypique ?<\/a>, Grand bien vous fasse, France Inter, 7 janvier 2019<br \/>\n&#8211; <a href=\"https:\/\/www.franceinter.fr\/emissions\/la-tete-au-carre\/la-tete-au-carre-10-octobre-2018\" target=\"_blank\" rel=\"noopener\">L&rsquo;Autisme, une intelligence atypique<\/a>, La T\u00eate au carr\u00e9, France Inter, 10 octobre 2018\n\n","protected":false},"excerpt":{"rendered":"<p>English version Je vous mets ici quelques ressources en fran\u00e7ais (livres, podcasts, vid\u00e9os) qui m&rsquo;ont bien aid\u00e9e \u00e0 comprendre la neurodivergence, ou neuroatypie, quand j&rsquo;ai eu mes diagnostics. Il y en a beaucoup plus dans la page en anglais. \u00c9LOGE DES INTELLIGENCES ATYPIQUES, du Dr David Gourion, psychiatre, et de S\u00e9verine Leduc, psychologue, qui exercent [&hellip;]<\/p>\n","protected":false},"author":1,"featured_media":0,"parent":0,"menu_order":5,"comment_status":"closed","ping_status":"closed","template":"","meta":{"footnotes":""},"class_list":["post-24840","page","type-page","status-publish","hentry"],"_links":{"self":[{"href":"https:\/\/lutineetcie.com\/isabellebroue\/wp-json\/wp\/v2\/pages\/24840","targetHints":{"allow":["GET"]}}],"collection":[{"href":"https:\/\/lutineetcie.com\/isabellebroue\/wp-json\/wp\/v2\/pages"}],"about":[{"href":"https:\/\/lutineetcie.com\/isabellebroue\/wp-json\/wp\/v2\/types\/page"}],"author":[{"embeddable":true,"href":"https:\/\/lutineetcie.com\/isabellebroue\/wp-json\/wp\/v2\/users\/1"}],"replies":[{"embeddable":true,"href":"https:\/\/lutineetcie.com\/isabellebroue\/wp-json\/wp\/v2\/comments?post=24840"}],"version-history":[{"count":7,"href":"https:\/\/lutineetcie.com\/isabellebroue\/wp-json\/wp\/v2\/pages\/24840\/revisions"}],"predecessor-version":[{"id":25000,"href":"https:\/\/lutineetcie.com\/isabellebroue\/wp-json\/wp\/v2\/pages\/24840\/revisions\/25000"}],"wp:attachment":[{"href":"https:\/\/lutineetcie.com\/isabellebroue\/wp-json\/wp\/v2\/media?parent=24840"}],"curies":[{"name":"wp","href":"https:\/\/api.w.org\/{rel}","templated":true}]}}