{"id":24930,"date":"2023-11-08T22:03:27","date_gmt":"2023-11-08T21:03:27","guid":{"rendered":"https:\/\/lutineetcie.com\/isabellebroue\/?page_id=24930"},"modified":"2025-10-28T19:33:02","modified_gmt":"2025-10-28T18:33:02","slug":"trauma","status":"publish","type":"page","link":"https:\/\/lutineetcie.com\/isabellebroue\/ir\/trauma\/","title":{"rendered":"Trauma"},"content":{"rendered":"\n\n\t\t\t<a href=\"https:\/\/lutineetcie.com\/isabellebroue\/ir\/trauma\/trauma\/\" target=\"_self\">\n\t\t\t\t\t\t\tEnglish version \n\t\t\t<\/a>\n\t<p>\u00ab\u00a0<em>Le trauma n&rsquo;est pas ce qui vous arrive, mais ce qui se passe \u00e0 l&rsquo;int\u00e9rieur de vous en cons\u00e9quence de ce qui vous arrive<\/em>.\u00a0\u00bb<\/p>\n<p>Ce n&rsquo;est pas de moi, mais du Dr Gabor Mat\u00e9, l&rsquo;auteur de QUAND LE CORPS DIT NON.<\/p>\n<p>Ci-dessous, quelques livres qui m&rsquo;ont vraiment aid\u00e9e, dans leur traduction en fran\u00e7ais (plus en anglais).<\/p>\n<p>LE CORPS N&rsquo;OUBLIE RIEN, de Bessel van der Kolk (2014)<img loading=\"lazy\" decoding=\"async\" src=\"http:\/\/lutineetcie.com\/isabellebroue\/wp-content\/uploads\/2025\/10\/Le-Corps-n-oublie-rien-300x300.jpg\" alt=\"\" width=\"300\" height=\"300\" \/>C&rsquo;est le livre incontournable sur le trauma, que j&rsquo;ai lu en 2019 &#8211; celui qui, notamment, m&rsquo;a mise sur la piste de la th\u00e9orie polyvagale &#8211; celui \u00e9galement que l&rsquo;on nous demande de lire avant de commencer la formation en Intelligence Relationnelle.<\/p>\nRECONSTRUIRE APR\u00c8S LES TRAUMATISMES, de Judith L. Herman (1992)<br \/>\n<img loading=\"lazy\" decoding=\"async\" src=\"http:\/\/lutineetcie.com\/isabellebroue\/wp-content\/uploads\/2025\/10\/Reconstruire-apres-les-traumatismes-De-la-maltraitance-domestique-aux-violences-sociales-300x300.jpg\" alt=\"\" width=\"300\" height=\"300\" \/>\nL&rsquo;autrice y raconte notamment l&rsquo;histoire du psycho-trauma depuis la 1re th\u00e9orie de Freud jusqu&rsquo;\u00e0 aujourd&rsquo;hui, en mettant en parall\u00e8le d&rsquo;un c\u00f4t\u00e9 les trauma dont sont le plus souvent victimes les femmes (trauma sexuels et violences conjugales), et de l&rsquo;autre, ceux que subissent les hommes envoy\u00e9s au combat, depuis la 1re guerre mondiale jusqu&rsquo;aux v\u00e9t\u00e9rans du Vietnam.<br \/>\nUn livre essentiel.\n<p>Je suis \u00e9galement une grande fan du travail de Janina Fisher, aussi bien de ses livres que de son mod\u00e8le th\u00e9rapeutique TIST auquel je suis form\u00e9e.<\/p>\n<p>Pour l&rsquo;instant, un seul de ses livres est traduit en fran\u00e7ais, mais le second arrive aux \u00e9ditions Quantum Way en 2026.<\/p>\n<a href=\"https:\/\/www.amazon.fr\/D%C3%A9passer-dissociation-dorigine-traumatique-ali%C3%A9nation\/dp\/2807315844\/ref=sr_1_5?__mk_fr_FR=%C3%85M%C3%85%C5%BD%C3%95%C3%91&amp;crid=CDBKRRKE6LGL&amp;dib=eyJ2IjoiMSJ9.VY-oyPJYXhRZsJdShPqceTVvg1b21USiNhvUYNN6f042h-O9-Ci6l2OWbwgxFdt_dSUBfXcTMhNKokfBefIwFZCXnBoKxEvx3kp4AkUFTqiYIRL6gdbDv54qdUzg9f96qFUXG75prv3Hh9k35eLaeSAfzI7I4lYLx-SOyNaa4k6RKX05W-oz-_OR_tRsW39J50T8DUw84mLgpSBzJ20u6qVeFzxpPeUlOf2TIWPk0PqHrZtXOY6Eq8uQGwiCkkKhNoa0FqLbYbBO0P4r7qzuRoZ0Jd0yaVwhAEiw_P-1YfQ.LNGFG-HshyU-igUfTWX2_XeYPvAmXxRsMxfYANU7sw4&amp;dib_tag=se&amp;keywords=janina+fisher&amp;qid=1761676024&amp;sprefix=janina+fisher+%2Caps%2C69&amp;sr=8-5\" target=\"_blank\" rel=\"noopener\">D\u00c9PASSER LA DISSOCIATION D&rsquo;ORIGINE TRAUMATIQUE<\/a><br \/>\n<img loading=\"lazy\" decoding=\"async\" src=\"http:\/\/lutineetcie.com\/isabellebroue\/wp-content\/uploads\/2025\/10\/Fisher_Depasser-la-dissociation-200x300.jpg\" alt=\"\" width=\"200\" height=\"300\" \/>\n\n","protected":false},"excerpt":{"rendered":"<p>English version \u00ab\u00a0Le trauma n&rsquo;est pas ce qui vous arrive, mais ce qui se passe \u00e0 l&rsquo;int\u00e9rieur de vous en cons\u00e9quence de ce qui vous arrive.\u00a0\u00bb Ce n&rsquo;est pas de moi, mais du Dr Gabor Mat\u00e9, l&rsquo;auteur de QUAND LE CORPS DIT NON. Ci-dessous, quelques livres qui m&rsquo;ont vraiment aid\u00e9e, dans leur traduction en fran\u00e7ais [&hellip;]<\/p>\n","protected":false},"author":1,"featured_media":0,"parent":24654,"menu_order":4,"comment_status":"closed","ping_status":"closed","template":"","meta":{"footnotes":""},"class_list":["post-24930","page","type-page","status-publish","hentry"],"_links":{"self":[{"href":"https:\/\/lutineetcie.com\/isabellebroue\/wp-json\/wp\/v2\/pages\/24930","targetHints":{"allow":["GET"]}}],"collection":[{"href":"https:\/\/lutineetcie.com\/isabellebroue\/wp-json\/wp\/v2\/pages"}],"about":[{"href":"https:\/\/lutineetcie.com\/isabellebroue\/wp-json\/wp\/v2\/types\/page"}],"author":[{"embeddable":true,"href":"https:\/\/lutineetcie.com\/isabellebroue\/wp-json\/wp\/v2\/users\/1"}],"replies":[{"embeddable":true,"href":"https:\/\/lutineetcie.com\/isabellebroue\/wp-json\/wp\/v2\/comments?post=24930"}],"version-history":[{"count":7,"href":"https:\/\/lutineetcie.com\/isabellebroue\/wp-json\/wp\/v2\/pages\/24930\/revisions"}],"predecessor-version":[{"id":24996,"href":"https:\/\/lutineetcie.com\/isabellebroue\/wp-json\/wp\/v2\/pages\/24930\/revisions\/24996"}],"up":[{"embeddable":true,"href":"https:\/\/lutineetcie.com\/isabellebroue\/wp-json\/wp\/v2\/pages\/24654"}],"wp:attachment":[{"href":"https:\/\/lutineetcie.com\/isabellebroue\/wp-json\/wp\/v2\/media?parent=24930"}],"curies":[{"name":"wp","href":"https:\/\/api.w.org\/{rel}","templated":true}]}}