{"id":24954,"date":"2024-02-12T17:15:10","date_gmt":"2024-02-12T16:15:10","guid":{"rendered":"https:\/\/lutineetcie.com\/isabellebroue\/?page_id=24954"},"modified":"2025-10-28T19:34:32","modified_gmt":"2025-10-28T18:34:32","slug":"coaching","status":"publish","type":"page","link":"https:\/\/lutineetcie.com\/isabellebroue\/coaching\/","title":{"rendered":"Coaching"},"content":{"rendered":"\n\n\t<p>Je suis dipl\u00f4m\u00e9e de l&rsquo;\u00e9cole <a href=\"https:\/\/www.evolusens.net\/\" target=\"_blank\" rel=\"noopener\">Dialogue Coach \/ Evolusens<\/a> et certifi\u00e9e coach en accompagnement du changement. <img loading=\"lazy\" decoding=\"async\" src=\"http:\/\/lutineetcie.com\/isabellebroue\/wp-content\/uploads\/2023\/11\/Logo_Dialogue-Coach-menu-300x234.png\" alt=\"\" width=\"300\" height=\"234\" \/><\/p>\n\n","protected":false},"excerpt":{"rendered":"<p>Je suis dipl\u00f4m\u00e9e de l&rsquo;\u00e9cole Dialogue Coach \/ Evolusens et certifi\u00e9e coach en accompagnement du changement.<\/p>\n","protected":false},"author":1,"featured_media":0,"parent":0,"menu_order":4,"comment_status":"closed","ping_status":"closed","template":"","meta":{"footnotes":""},"class_list":["post-24954","page","type-page","status-publish","hentry"],"_links":{"self":[{"href":"https:\/\/lutineetcie.com\/isabellebroue\/wp-json\/wp\/v2\/pages\/24954","targetHints":{"allow":["GET"]}}],"collection":[{"href":"https:\/\/lutineetcie.com\/isabellebroue\/wp-json\/wp\/v2\/pages"}],"about":[{"href":"https:\/\/lutineetcie.com\/isabellebroue\/wp-json\/wp\/v2\/types\/page"}],"author":[{"embeddable":true,"href":"https:\/\/lutineetcie.com\/isabellebroue\/wp-json\/wp\/v2\/users\/1"}],"replies":[{"embeddable":true,"href":"https:\/\/lutineetcie.com\/isabellebroue\/wp-json\/wp\/v2\/comments?post=24954"}],"version-history":[{"count":5,"href":"https:\/\/lutineetcie.com\/isabellebroue\/wp-json\/wp\/v2\/pages\/24954\/revisions"}],"predecessor-version":[{"id":24997,"href":"https:\/\/lutineetcie.com\/isabellebroue\/wp-json\/wp\/v2\/pages\/24954\/revisions\/24997"}],"wp:attachment":[{"href":"https:\/\/lutineetcie.com\/isabellebroue\/wp-json\/wp\/v2\/media?parent=24954"}],"curies":[{"name":"wp","href":"https:\/\/api.w.org\/{rel}","templated":true}]}}